{"id":5984,"date":"2026-05-07T08:50:26","date_gmt":"2026-05-07T06:50:26","guid":{"rendered":"https:\/\/lbti.ibcp.fr\/?page_id=5984"},"modified":"2026-05-07T08:51:26","modified_gmt":"2026-05-07T06:51:26","slug":"5984-2","status":"publish","type":"page","link":"https:\/\/lbti.ibcp.fr\/?page_id=5984","title":{"rendered":""},"content":{"rendered":"<p>Le p\u00f4le Rockefeller, dirig\u00e9 par le Pr. <a href=\"mailto:fabrice.pirot@univ-lyon1.fr\">Fabrice Pirot<\/a> (laboratoire de Pharmacie Gal\u00e9nique Industrielle), est situ\u00e9 \u00e0 la facult\u00e9 de Pharmacie de Lyon, 8, avenue Rockefeller; F-69373 Lyon cedex 08.<\/p>\n<p>Le p\u00f4le Rockefeller poss\u00e8de un savoir-faire dans les proc\u00e9d\u00e9s de formulations classiques et innovantes et dans la conception de produits de combinaison m\u00e9dicaments- dispositifs. Par ailleurs, le p\u00f4le Rockefeller \u00e9labore des strat\u00e9gies (i) de mise en forme et (ii) d\u2019\u00e9valuation de l\u2019efficacit\u00e9 de formulations destin\u00e9es au traitement de pathologies \u00e9pith\u00e9liales, conjonctives et inflammatoires.<\/p>\n<p>Plus sp\u00e9cifiquement, le\u00a0p\u00f4le Rockefeller d\u00e9veloppe des formulations (e.g. hydrogels) pour administration (i) cutan\u00e9e (i.e., traitement de la dermatite atopique, des br\u00fblures du second degr\u00e9, des infections cutan\u00e9es, d\u00e9contamination cutan\u00e9e), (ii) ent\u00e9rale (e.g., transplantation de microbiotes) et (iii) intra-articulaire (e.g., traitement de la polyarthrite rhumato\u00efde). L\u2019efficacit\u00e9 et la tol\u00e9rance des principes actifs et\/ou des formulations sont test\u00e9es dans les conditions physiopathologiques sur des explants et des cultures cellulaires primaires.<\/p>\n<p>Enfin, le p\u00f4le Rockefeller participe aux activit\u00e9s de recherche de la plateforme hospitalo-universitaire de Fabrication, Recherche et Innovation Pharmaceutique (<a href=\"http:\/\/www.fripharm.com\">FRIPHARM<\/a>) pour le d\u00e9veloppement de m\u00e9dicaments exp\u00e9rimentaux et de th\u00e9rapies innovantes.<\/p>\n","protected":false},"excerpt":{"rendered":"<p>Le p\u00f4le Rockefeller, dirig\u00e9 par le Pr. Fabrice Pirot (laboratoire de Pharmacie Gal\u00e9nique Industrielle), est situ\u00e9 \u00e0 la facult\u00e9 de Pharmacie de Lyon, 8, avenue Rockefeller; F-69373 Lyon cedex 08. Le p\u00f4le Rockefeller poss\u00e8de un savoir-faire dans les proc\u00e9d\u00e9s de formulations classiques et innovantes et dans la conception de produits de combinaison m\u00e9dicaments- dispositifs. Par<\/p>\n","protected":false},"author":1,"featured_media":0,"parent":0,"menu_order":0,"comment_status":"closed","ping_status":"closed","template":"","meta":{"_acf_changed":false,"footnotes":""},"class_list":["post-5984","page","type-page","status-publish","hentry"],"acf":[],"_links":{"self":[{"href":"https:\/\/lbti.ibcp.fr\/index.php?rest_route=\/wp\/v2\/pages\/5984","targetHints":{"allow":["GET"]}}],"collection":[{"href":"https:\/\/lbti.ibcp.fr\/index.php?rest_route=\/wp\/v2\/pages"}],"about":[{"href":"https:\/\/lbti.ibcp.fr\/index.php?rest_route=\/wp\/v2\/types\/page"}],"author":[{"embeddable":true,"href":"https:\/\/lbti.ibcp.fr\/index.php?rest_route=\/wp\/v2\/users\/1"}],"replies":[{"embeddable":true,"href":"https:\/\/lbti.ibcp.fr\/index.php?rest_route=%2Fwp%2Fv2%2Fcomments&post=5984"}],"version-history":[{"count":1,"href":"https:\/\/lbti.ibcp.fr\/index.php?rest_route=\/wp\/v2\/pages\/5984\/revisions"}],"predecessor-version":[{"id":5985,"href":"https:\/\/lbti.ibcp.fr\/index.php?rest_route=\/wp\/v2\/pages\/5984\/revisions\/5985"}],"wp:attachment":[{"href":"https:\/\/lbti.ibcp.fr\/index.php?rest_route=%2Fwp%2Fv2%2Fmedia&parent=5984"}],"curies":[{"name":"wp","href":"https:\/\/api.w.org\/{rel}","templated":true}]}}