{"id":5930,"date":"2026-03-23T10:23:18","date_gmt":"2026-03-23T09:23:18","guid":{"rendered":"https:\/\/lbti.ibcp.fr\/?page_id=5930"},"modified":"2026-04-15T13:28:23","modified_gmt":"2026-04-15T11:28:23","slug":"5930-2","status":"publish","type":"page","link":"https:\/\/lbti.ibcp.fr\/?page_id=5930","title":{"rendered":"Models and Therapeutic Innovations of Soft Tissues"},"content":{"rendered":"<p>The Rockefeller site, directed by DR <a href=\"mailto:romain.debret@cnrs.fr\">Romain Debret<\/a>, <a href=\"mailto:jerome.sohier@cnrs.fr\">J\u00e9r\u00f4me Sohier<\/a> and Pr. <a href=\"mailto:fabrice.pirot@univ-lyon1.fr\">Fabrice Pirot<\/a> (laboratoire de Pharmacie Gal\u00e9nique Industrielle), is located at the Faculty of Pharmacy of Lyon, 8, avenue Rockefeller; F-69373 Lyon cedex 08.<\/p>\n<p>&nbsp;<\/p>\n<p>Under construction<\/p>\n<p>&nbsp;<\/p>\n<p>Research axis:<\/p>\n<p><a href=\"https:\/\/lbti.ibcp.fr\/?page_id=4537\">Hydrogels bioactifs et biomat\u00e9riaux th\u00e9rapeutiques (Rockefeller, J. Sohier)<\/a><\/p>\n<p><a href=\"https:\/\/lbti.ibcp.fr\/?page_id=4922\">Adaptation Cellulaire et Th\u00e9rapies de l\u2019Elasticit\u00e9 \u2013 ACTE (Rockefeller, R. Debret)<\/a><\/p>\n","protected":false},"excerpt":{"rendered":"<p>The Rockefeller site, directed by DR Romain Debret, J\u00e9r\u00f4me Sohier and Pr. Fabrice Pirot (laboratoire de Pharmacie Gal\u00e9nique Industrielle), is located at the Faculty of Pharmacy of Lyon, 8, avenue Rockefeller; F-69373 Lyon cedex 08. &nbsp; Under construction &nbsp; Research axis: Hydrogels bioactifs et biomat\u00e9riaux th\u00e9rapeutiques (Rockefeller, J. Sohier) Adaptation Cellulaire et Th\u00e9rapies de l\u2019Elasticit\u00e9<\/p>\n","protected":false},"author":2,"featured_media":0,"parent":0,"menu_order":0,"comment_status":"closed","ping_status":"closed","template":"","meta":{"_acf_changed":false,"footnotes":""},"class_list":["post-5930","page","type-page","status-publish","hentry"],"acf":[],"_links":{"self":[{"href":"https:\/\/lbti.ibcp.fr\/index.php?rest_route=\/wp\/v2\/pages\/5930","targetHints":{"allow":["GET"]}}],"collection":[{"href":"https:\/\/lbti.ibcp.fr\/index.php?rest_route=\/wp\/v2\/pages"}],"about":[{"href":"https:\/\/lbti.ibcp.fr\/index.php?rest_route=\/wp\/v2\/types\/page"}],"author":[{"embeddable":true,"href":"https:\/\/lbti.ibcp.fr\/index.php?rest_route=\/wp\/v2\/users\/2"}],"replies":[{"embeddable":true,"href":"https:\/\/lbti.ibcp.fr\/index.php?rest_route=%2Fwp%2Fv2%2Fcomments&post=5930"}],"version-history":[{"count":5,"href":"https:\/\/lbti.ibcp.fr\/index.php?rest_route=\/wp\/v2\/pages\/5930\/revisions"}],"predecessor-version":[{"id":5949,"href":"https:\/\/lbti.ibcp.fr\/index.php?rest_route=\/wp\/v2\/pages\/5930\/revisions\/5949"}],"wp:attachment":[{"href":"https:\/\/lbti.ibcp.fr\/index.php?rest_route=%2Fwp%2Fv2%2Fmedia&parent=5930"}],"curies":[{"name":"wp","href":"https:\/\/api.w.org\/{rel}","templated":true}]}}