{"id":5409,"date":"2024-01-22T15:26:30","date_gmt":"2024-01-22T14:26:30","guid":{"rendered":"https:\/\/lbti.ibcp.fr\/?page_id=5409"},"modified":"2024-01-22T16:03:57","modified_gmt":"2024-01-22T15:03:57","slug":"investigation-des-mecanismes-enzymatiques-de-reparation-regeneration-des-tissus-dentaires","status":"publish","type":"page","link":"https:\/\/lbti.ibcp.fr\/?page_id=5409","title":{"rendered":"M\u00e9canismes enzymatiques de r\u00e9paration\/r\u00e9g\u00e9n\u00e9ration des tissus dentaires"},"content":{"rendered":"<p>Porteur de projet: <a href=\"mourad.bekhouche@ibcp.fr\">Mourad Bekhouche<\/a><\/p>\n<p>Personnes impliqu\u00e9es\u00a0: M DUCRET (PU-PH), J-C FARGES (PU-PH), S THIERRY (IE), M PASDELOUP (IE), M LEVEQUE (\u00e9tudiante en th\u00e8se)<\/p>\n<p>La pulpe dentaire humaine est un tissu conjonctif situ\u00e9 au centre de la dent et qui est responsable de la surveillance immunitaire, de la sensibilit\u00e9 et de la r\u00e9paration de la dent. L\u2019inflammation de la pulpe dentaire, ou pulpite, est l\u2019infection la plus r\u00e9pandue dans le monde et est caract\u00e9ris\u00e9e par la p\u00e9n\u00e9tration progressive des bact\u00e9ries orales dans la dent (Richert R et al., 2022). Le diagnostic actuel de l\u2019inflammation de la pulpe dentaire est bas\u00e9 sur la vitalit\u00e9 de la dent sans tenir compte de l&rsquo;\u00e9tat inflammatoire et de la capacit\u00e9 de r\u00e9paration de la dent. Lorsque la pulpite \u00e9volue vers une n\u00e9crose pulpaire (pulpite irr\u00e9versible), le traitement consiste \u00e0 retirer la pulpe dentaire (PD), et \u00e0 la remplacer par un mat\u00e9riau inerte ce qui conduit \u00e0 des dents d\u00e9vitalis\u00e9es sujettes aux r\u00e9infections et aux fractures. Sans traitement adapt\u00e9, ni outil de diagnostic pr\u00e9cis, l\u2019infection peut se propager au niveau syst\u00e9mique et \u00e0 travers l\u2019extr\u00e9mit\u00e9 de la dent (apex) affectant ainsi le tissu osseux alv\u00e9olaire. Des strat\u00e9gies th\u00e9rapeutiques prometteuses, bas\u00e9es sur l&rsquo;implantation de matrices temporaires \u00e0 base de fibrine, associ\u00e9e ou non \u00e0 des cellules souches m\u00e9senchymateuses de la pulpe dentaire (CSM-PD), sont propos\u00e9es pour le r\u00e9tablissement de la vitalit\u00e9 de la dent chez l&rsquo;homme (Ducret M et al., 2021\u00a0; Bekhouche M et al., 2020). Cependant, les strat\u00e9gies de r\u00e9g\u00e9n\u00e9ration de la pulpe dentaire d\u00e9velopp\u00e9es jusqu\u2019\u00e0 pr\u00e9sent conduisent \u00e0 la formation de tissus dysfonctionnels r\u00e9sultant du d\u00e9p\u00f4t d&rsquo;une matrice inappropri\u00e9e par les CSM-PD (cicatriciels ou min\u00e9ralis\u00e9s). Les m\u00e9canismes biomol\u00e9culaires responsables du remplacement de l&rsquo;hydrogel par une matrice extracellulaire (MEC) de type pulpaire sont totalement inconnus, ce qui constitue un verrou scientifique majeur pour ce type d\u2019approche.<\/p>\n<p><img fetchpriority=\"high\" decoding=\"async\" class=\"wp-image-5415 aligncenter\" src=\"https:\/\/lbti.ibcp.fr\/wp-content\/uploads\/2024\/01\/image-Mourad-site-web.jpg\" alt=\"\" width=\"568\" height=\"552\" \/><\/p>\n<p><strong>Figure 1<\/strong>\u00a0: Investigation multi-omique des m\u00e9canismes de r\u00e9paration\/ r\u00e9g\u00e9n\u00e9ration de la pulpe dentaire.<\/p>\n<p>Nous explorons les m\u00e9canismes enzymatiques mis en jeu dans la d\u00e9gradation de matrices biomim\u00e9tiques temporaires \u00e0 base de fibrine et la synth\u00e8se de MCE d\u00e9riv\u00e9e de cellules souches dans ces environnements. Des approches de prot\u00e9omique sp\u00e9cifiquement adapt\u00e9es au d\u00e9cryptage des m\u00e9canismes de d\u00e9gradation\/formation de matrice extracellulaire (d\u00e9gradomique) sont mises en \u0153uvre afin de suivre la d\u00e9gradation et le remplacement de la matrice de fibrine (Leduc C et al., 2022). Ces \u00e9tudes prot\u00e9omiques sont compl\u00e9t\u00e9es par des analyses du transcriptome \u00e0 travers une approche dite multi-omique (ANR TRIDENTOMIC). Ces recherches visent \u00e0 identifier les biomol\u00e9cules \u00e0 cibler afin de guider la formation synchronis\u00e9e d\u2019un tissu enti\u00e8rement fonctionnel. Ces cibles biomol\u00e9culaires impliqu\u00e9es dans la r\u00e9g\u00e9n\u00e9ration de la pulpe dentaire constituent \u00e9galement des marqueurs potentiels du pouvoir r\u00e9parateur de la pulpe dentaire humaine pour l\u2019aide au diagnostic du degr\u00e9 d\u2019inflammation pulpaire (Figure 1). L\u2019ensemble de ces m\u00e9thodes d\u2019investigations, visant \u00e0 \u00e9valuer la d\u00e9gradation de matrices biomim\u00e9tiques temporaires \u00e0 base de fibrine et la synth\u00e8se matricielle d\u00e9riv\u00e9e de cellules, sont \u00e9galement mises en \u0153uvre pour l\u2019investigation de la r\u00e9paration d\u2019autres tissus squelettiques (os, cartilage).<\/p>\n<hr \/>\n<p><em><strong>S\u00e9lection de publications<\/strong><\/em>:<\/p>\n<ul>\n<li>Richert R, Ducret M, Alliot-Licht B, Bekhouche M, Gobert S &amp; Farges J-C. A critical analysis of research methods and experimental models to study pulpitis. <em>International Endodontic Journal (IEJ) <\/em>2022. doi: 10.1111\/iej.13683<\/li>\n<li>Leduc C, Dupont L, Joannes L, Monseur C, Baiwir D, Mazzucchelli G, Deroanne C, Colige A and Bekhouche M. In vivo N-terminomics highlights novel functions of ADAMTS2 and ADAMTS14 in skin collagen matrix building. <em>Frontiers in Molecular Biosciences<\/em> 2021: 8:643178.<\/li>\n<li>Ducret M, Costantini A, Gobert S, Farges JC, Bekhouche M. Fibrin-based scaffolds for dental pulp regeneration: from biology to nanotherapeutics. European Cells and Materials 2021: 41, p. 1-14.<\/li>\n<li>Bekhouche M, Bolon M, Charriaud F, Lamrayah M, Da Costa D, Primard C, Costantini A, Pasdeloup M, Gobert S, Mallein-Gerin F, Verrier B, Ducret M, Farges JC. Development of an antibacterial nanocomposite hydrogel for human dental pulp engineering. Journal of Materials Chemistry B 2020: 8(36), p. 8422-8432.<\/li>\n<\/ul>\n<hr \/>\n<p><em><strong>Collaborations\u00a0<\/strong><\/em>:<\/p>\n<p>&#8211; Pr. Meriam BRICHA \u2013 Universit\u00e9 Euromed de F\u00e8s (Maroc)<\/p>\n<p>&#8211; Pr. Tchilalo BOUKPESSI \u2013 Universit\u00e9 Paris Descartes<\/p>\n","protected":false},"excerpt":{"rendered":"<p>Porteur de projet: Mourad Bekhouche Personnes impliqu\u00e9es\u00a0: M DUCRET (PU-PH), J-C FARGES (PU-PH), S THIERRY (IE), M PASDELOUP (IE), M LEVEQUE (\u00e9tudiante en th\u00e8se) La pulpe dentaire humaine est un tissu conjonctif situ\u00e9 au centre de la dent et qui est responsable de la surveillance immunitaire, de la sensibilit\u00e9 et de la r\u00e9paration de la<\/p>\n","protected":false},"author":5,"featured_media":0,"parent":0,"menu_order":0,"comment_status":"closed","ping_status":"closed","template":"","meta":{"_acf_changed":false,"footnotes":""},"class_list":["post-5409","page","type-page","status-publish","hentry"],"acf":[],"_links":{"self":[{"href":"https:\/\/lbti.ibcp.fr\/index.php?rest_route=\/wp\/v2\/pages\/5409","targetHints":{"allow":["GET"]}}],"collection":[{"href":"https:\/\/lbti.ibcp.fr\/index.php?rest_route=\/wp\/v2\/pages"}],"about":[{"href":"https:\/\/lbti.ibcp.fr\/index.php?rest_route=\/wp\/v2\/types\/page"}],"author":[{"embeddable":true,"href":"https:\/\/lbti.ibcp.fr\/index.php?rest_route=\/wp\/v2\/users\/5"}],"replies":[{"embeddable":true,"href":"https:\/\/lbti.ibcp.fr\/index.php?rest_route=%2Fwp%2Fv2%2Fcomments&post=5409"}],"version-history":[{"count":5,"href":"https:\/\/lbti.ibcp.fr\/index.php?rest_route=\/wp\/v2\/pages\/5409\/revisions"}],"predecessor-version":[{"id":5420,"href":"https:\/\/lbti.ibcp.fr\/index.php?rest_route=\/wp\/v2\/pages\/5409\/revisions\/5420"}],"wp:attachment":[{"href":"https:\/\/lbti.ibcp.fr\/index.php?rest_route=%2Fwp%2Fv2%2Fmedia&parent=5409"}],"curies":[{"name":"wp","href":"https:\/\/api.w.org\/{rel}","templated":true}]}}