{"id":5188,"date":"2023-06-16T10:37:08","date_gmt":"2023-06-16T08:37:08","guid":{"rendered":"https:\/\/lbti.ibcp.fr\/?page_id=5188"},"modified":"2025-02-25T16:17:45","modified_gmt":"2025-02-25T15:17:45","slug":"biologie-moleculaire","status":"publish","type":"page","link":"https:\/\/lbti.ibcp.fr\/?page_id=5188","title":{"rendered":"Biologie Mol\u00e9culaire"},"content":{"rendered":"\t\t<div data-elementor-type=\"wp-page\" data-elementor-id=\"5188\" class=\"elementor elementor-5188\">\n\t\t\t\t<div class=\"elementor-element elementor-element-726d32c6 e-flex e-con-boxed e-con e-parent\" data-id=\"726d32c6\" data-element_type=\"container\" data-e-type=\"container\">\n\t\t\t\t\t<div class=\"e-con-inner\">\n\t\t\t\t<div class=\"elementor-element elementor-element-78615d8b elementor-widget elementor-widget-text-editor\" data-id=\"78615d8b\" data-element_type=\"widget\" data-e-type=\"widget\" data-widget_type=\"text-editor.default\">\n\t\t\t\t<div class=\"elementor-widget-container\">\n\t\t\t\t\t\t\t\t\t<p><img decoding=\"async\" class=\"alignright wp-image-5546 \" src=\"https:\/\/lbti.ibcp.fr\/wp-content\/uploads\/2025\/02\/Image1.png\" alt=\"\" width=\"218\" height=\"86\" \/>La plateforme technique de Biologie Mol\u00e9culaire, <strong>BioMolTools<\/strong>, mutualise des \u00e9quipements et des technologies au service de la Biologie Mol\u00e9culaire et propose diff\u00e9rentes expertises et comp\u00e9tences en soutien \u00e0 l\u2019ensemble des chercheurs du LBTI.<\/p><p>The Molecular Biology<img decoding=\"async\" class=\"wp-image-5547 alignright\" src=\"https:\/\/lbti.ibcp.fr\/wp-content\/uploads\/2025\/02\/Image2.png\" alt=\"\" width=\"111\" height=\"62\" \/>\u00a0technical platform, BioMolTools, pools equipment and technologies to support Molecular Biology and offers various expertise and skills to assist all researchers at LBTI.<\/p><p><strong><u>Les technologies <\/u><\/strong><\/p><ul><li>Extractions et dosages ADN, ARN et miRNA<\/li><li>PCR Classique<\/li><li>G\u00e9notypage<\/li><li>R\u00e9trotranscription<\/li><li>PCR quantitative<\/li><li>Clonage mol\u00e9culaire<\/li><li>Transfection et Transduction de cellules eucaryotes<\/li><li>Crispr-Cas9<\/li><li>RNAscope<sup>TM<\/sup>, miRscope<sup>TM<\/sup> et BaseScope<sup>TM<\/sup><\/li><li>PCR Digitale en collaboration avec Anira AGC (SFRbiosciences)<\/li><\/ul><p><strong><u>Le formulaire de soumission de projet et le choix des prestations : <\/u><\/strong><\/p><p>Le formulaire doit \u00eatre rempli par les utilisateurs apr\u00e8s une premi\u00e8re prise de contact lors de laquelle le contexte et le projet scientifique sont pr\u00e9sent\u00e9s, la faisabilit\u00e9 \u00e9tudi\u00e9e, les objectifs fix\u00e9s et les \u00e9ch\u00e9ances de temps d\u00e9finies.<\/p><p>Le besoin en analyses de biologie mol\u00e9culaire dans le contexte scientifique doit \u00eatre particuli\u00e8rement justifi\u00e9 et d\u00e9taill\u00e9. De m\u00eame, les attentes de l\u2019utilisateur vis-\u00e0-vis de la plateforme et de l\u2019implication du responsable doivent \u00eatre clairement d\u00e9finies.<\/p><p>Les prestations propos\u00e9es sont\u00a0:<\/p><ul><li>Formation pratique et exp\u00e9rimentale (*)<\/li><li>Utilisation des \u00e9quipements en autonomie (*)<\/li><li>Formation th\u00e9orique, principes et m\u00e9thodologies (*)<\/li><li>Aide \u00e0 l\u2019analyse et interpr\u00e9tation des r\u00e9sultats (*)<\/li><li>Conseils sur mesure, mise en place du plan exp\u00e9rimental personnalis\u00e9 (**)<\/li><li>R\u00e9alisation des exp\u00e9riences par la plateforme (**)<\/li><li>D\u00e9veloppement technologique \u00e0 la demande (**)<\/li><\/ul><p><a href=\"https:\/\/lbti.ibcp.fr\/wp-content\/uploads\/2025\/02\/Prestations-BM-Formulaire-2025.pdf\" target=\"_blank\" rel=\"noopener\">Lien vers le formulaire de soumission de projet en ligne\u00a0<\/a><\/p><p><strong style=\"text-align: var(--text-align);\"><u>La valorisation scientifique<\/u><\/strong><\/p><p><strong>Les utilisateurs s\u2019engagent<\/strong> \u00e0 citer le responsable et la plateforme dans les publications, communications orales et affich\u00e9es<\/p><p>(*) Le responsable <strong>et<\/strong> la plateforme sont cit\u00e9s dans les <strong>remerciements<\/strong> de toute publication \/ communication lorsque la prestation consiste uniquement en un acc\u00e8s aux \u00e9quipements et \u00e0 la formation<\/p><p>(**) Le responsable est associ\u00e9 au rang d\u2019<strong>auteur <\/strong>en cas de <strong>forte implication dans le projet, la r\u00e9alisation d\u2019exp\u00e9riences, la mise au point de m\u00e9thodologies <\/strong><\/p><p><strong><u>La charte d\u2019utilisation de la plateforme <\/u><\/strong><\/p><p>La charte d\u00e9finit les conditions d\u2019utilisation de la plateforme et formalise l\u2019engagement mutuel du service et des utilisateurs.<\/p><p><a href=\"https:\/\/lbti.ibcp.fr\/wp-content\/uploads\/2025\/02\/Charte-Biologie-Moleculaire-2025.pdf\" target=\"_blank\" rel=\"noopener\">Lien vers la charte de la plateforme en ligne\u00a0<\/a><\/p><p><strong><u>Les ressources en ligne<\/u><\/strong><\/p><p>La majorit\u00e9 des documents d\u00e9taill\u00e9s et standardis\u00e9s \u2013 consignes, workflow, protocoles, notes techniques \u2013 sont en ligne sur l\u2019intranet et consultables dans le laboratoire 413 &#8211; 4<sup>\u00e8me<\/sup> \u00e9tage.<\/p><p>Proc\u00e9dures et protocoles sur intranet<\/p><p><strong><u>Les \u00e9quipements<\/u><\/strong><\/p><ul><li>Thermocycleurs PCR en temps r\u00e9el\u00a0: Azure Cielo et Agilent AriaMx<\/li><li>Ordinateur d\u00e9di\u00e9 \u00e0 l\u2019analyse des qPCR<\/li><li>Thermocycleur classique 96 Puits Biorad T-100<\/li><li>Syst\u00e8me complet ACD pour RNAscope<sup>TM<\/sup>, miRscope<sup>TM<\/sup> et BaseScope<sup>TM<\/sup>: HybEZ\u2122 II Hybridization System<\/li><li>Nanodrop: commun IBCP<\/li><li>GelDoc Go Gel Imaging System Bio-Rad : commun IBCP<\/li><li>Hotte bact\u00e9riologique \u00e0 flux Laminaire Starlab &#8211; Mod\u00e8le GuardOne<\/li><li>Infors pour culture bact\u00e9rienne : commun IBCP<\/li><\/ul><p>Lien vers le planning de r\u00e9servation en ligne sur intranet<\/p><p><strong><u>Les collaborations <\/u><\/strong><\/p><p>La plateforme collabore avec plusieurs plateformes de la SFR BioSciences situ\u00e9es sur le campus voisin de l\u2019ENS<\/p><p><strong>https:\/\/www.sfr-biosciences.fr\/plateformes<\/strong><\/p><p>AniRA-Analyse g\u00e9n\u00e9tique et cellulaire : <strong>Collaboration PCR Digitale<\/strong><\/p><p>AniRA-Vectorologie : production de particules virale<\/p><p>LYMIC-PLATIM-microscopie : analyse lame RNAscope<\/p><p><strong><u>Vie de la plateforme et animations scientifiques <\/u><\/strong><\/p><p>La plateforme est \u00e0 l\u2019\u00e9coute des utilisateurs pour r\u00e9aliser des workshop\/intervention sur des techniques sp\u00e9cifiques ; par exemple sous forme d\u2019ateliers ou de mini s\u00e9minaires. N\u2019h\u00e9sitez pas \u00e0 proposer vos id\u00e9es.<\/p><p>Gr\u00e2ce aux sessions th\u00e9matiques organis\u00e9es un mois sur deux par le groupe BioSciences de l\u2019IBCP, vous pouvez \u00eatre inform\u00e9s des <strong>derni\u00e8res avanc\u00e9es techniques en biologie mol\u00e9culaire<\/strong>, \u00e9changer avec la plateforme et vos coll\u00e8gues de <strong>difficult\u00e9s exp\u00e9rimentales et d\u2019astuces pour les contourner<\/strong>\u00a0! N\u2019h\u00e9sitez pas \u00e0 proposer les th\u00e8mes que vous souhaitez aborder et \u00e0 venir nombreux\u00a0pour \u00e9changer autour de la biologie mol\u00e9culaire \u00e0 l\u2019IBCP.<\/p><hr \/><p style=\"text-align: justify;\"><span style=\"color: #000000;\"><strong><span style=\"color: #333399;\">Responsable :<\/span> <\/strong><\/span><\/p><h4><strong>St\u00e9phanie DENIS (AI CNRS)<br \/><\/strong><\/h4><h4>T\u00e9l : +33 (0)6.15.39.24.93<\/h4><h4>E-mail : stephanie.denis@ibcp.fr<\/h4><h4>\u00a0<\/h4>\t\t\t\t\t\t\t\t<\/div>\n\t\t\t\t<\/div>\n\t\t\t\t\t<\/div>\n\t\t\t\t<\/div>\n\t\t\t\t<\/div>\n\t\t","protected":false},"excerpt":{"rendered":"<p>La plateforme technique de Biologie Mol\u00e9culaire, BioMolTools, mutualise des \u00e9quipements et des technologies au service de la Biologie Mol\u00e9culaire et propose diff\u00e9rentes expertises et comp\u00e9tences en soutien \u00e0 l\u2019ensemble des chercheurs du LBTI. The Molecular Biology\u00a0technical platform, BioMolTools, pools equipment and technologies to support Molecular Biology and offers various expertise and skills to assist all<\/p>\n","protected":false},"author":1,"featured_media":0,"parent":0,"menu_order":0,"comment_status":"closed","ping_status":"closed","template":"","meta":{"_acf_changed":false,"footnotes":""},"class_list":["post-5188","page","type-page","status-publish","hentry"],"acf":[],"_links":{"self":[{"href":"https:\/\/lbti.ibcp.fr\/index.php?rest_route=\/wp\/v2\/pages\/5188","targetHints":{"allow":["GET"]}}],"collection":[{"href":"https:\/\/lbti.ibcp.fr\/index.php?rest_route=\/wp\/v2\/pages"}],"about":[{"href":"https:\/\/lbti.ibcp.fr\/index.php?rest_route=\/wp\/v2\/types\/page"}],"author":[{"embeddable":true,"href":"https:\/\/lbti.ibcp.fr\/index.php?rest_route=\/wp\/v2\/users\/1"}],"replies":[{"embeddable":true,"href":"https:\/\/lbti.ibcp.fr\/index.php?rest_route=%2Fwp%2Fv2%2Fcomments&post=5188"}],"version-history":[{"count":8,"href":"https:\/\/lbti.ibcp.fr\/index.php?rest_route=\/wp\/v2\/pages\/5188\/revisions"}],"predecessor-version":[{"id":5551,"href":"https:\/\/lbti.ibcp.fr\/index.php?rest_route=\/wp\/v2\/pages\/5188\/revisions\/5551"}],"wp:attachment":[{"href":"https:\/\/lbti.ibcp.fr\/index.php?rest_route=%2Fwp%2Fv2%2Fmedia&parent=5188"}],"curies":[{"name":"wp","href":"https:\/\/api.w.org\/{rel}","templated":true}]}}