{"id":439,"date":"2017-02-22T18:37:33","date_gmt":"2017-02-22T17:37:33","guid":{"rendered":"http:\/\/lbti.cnrs.fr\/?page_id=439"},"modified":"2017-10-12T10:43:05","modified_gmt":"2017-10-12T08:43:05","slug":"enseignement","status":"publish","type":"page","link":"https:\/\/lbti.ibcp.fr\/?page_id=439","title":{"rendered":"Pr\u00e9sentation"},"content":{"rendered":"<div class=\"\">\n<p style=\"text-align: justify;\"><span style=\"color: #000000;\">Les membres de l\u2019unit\u00e9 sont fortement impliqu\u00e9s dans la formation \u00e0 l\u2019Universit\u00e9 Claude Bernard, dans la licence <a href=\"http:\/\/sciences.univ-lyon1.fr\/licence-sciences-de-la-vie-588306.kjsp\">Science de la vie<\/a> ainsi que les Master Biologie mol\u00e9culaire et cellulaire, Biochimie Biologie mol\u00e9culaire ou encore Bio-informatique.<br \/>\n<\/span><\/p>\n<\/div>\n<div class=\"\"><span style=\"color: #000000;\">\u00a0<\/span><\/div>\n<h1 style=\"text-align: justify;\"><span style=\"color: #000000;\"><strong>Biologie et Ing\u00e9nierie du Cartilage<\/strong><\/span><\/h1>\n<p style=\"text-align: justify;\"><span style=\"color: #000000;\"><strong><u>Elisabeth Aubert-Foucher (MCF, section 64)<\/u><\/strong><\/span><\/p>\n<ul style=\"text-align: justify;\">\n<li><span style=\"color: #000000;\">Participation aux enseignements\u00a0:<\/span>\n<ul>\n<li><span style=\"color: #000000;\">dans les UEs de\u00a0<a href=\"http:\/\/offre-de-formations.univ-lyon1.fr\/parcours-1\/biochimie.html\">Licence de Biochimie<\/a>\u00a0(L1, L2 et L3)<\/span><\/li>\n<\/ul>\n<\/li>\n<\/ul>\n<p><span style=\"color: #000000;\"><strong><u>Maxime DUCRET (MCU-PH)<\/u><\/strong><\/span><\/p>\n<ul>\n<li><span style=\"color: #000000;\">Participation aux enseignements \u00e0 la Facult\u00e9 d&rsquo;Odontologie niveaux 2\u00e8me et 5\u00e8me ann\u00e9e (Universit\u00e9 Claude Bernard-Lyon1)<\/span><\/li>\n<\/ul>\n<p><span style=\"color: #000000;\"><strong><u>Jean-Christophe FARGES (PU-PH)<\/u><\/strong><\/span><\/p>\n<ul>\n<li><span style=\"color: #000000;\">Participation aux enseignements \u00e0 la Facult\u00e9 d&rsquo;Odontologie (Universit\u00e9 Claude Bernard-Lyon1):<\/span>\n<ul>\n<li><span style=\"color: #000000;\">UE \u00ab\u00a0D\u00e9veloppement et pathologies g\u00e9n\u00e9tiques des maxillaires et des dents\u00a0\u00bb,<\/span><\/li>\n<li><span style=\"color: #000000;\">UE \u00ab\u00a0Structure et pathologie infectieuse de la dent\u00a0\u00bb<\/span><\/li>\n<\/ul>\n<\/li>\n<li><span style=\"color: #000000;\">Autres implications dans l\u2019enseignement\u00a0:<\/span>\n<ul>\n<li><span style=\"color: #000000;\">CM dans le cadre du Master 1 de recherche biom\u00e9dicale (Universit\u00e9 Claude Bernard-Lyon1): UE \u00ab\u00a0Embryologie, cellules souches et th\u00e9rapie cellulaire\u00a0\u00bb<\/span><\/li>\n<li><span style=\"color: #000000;\">CM dans le cadre du Master de Biologie Cellulaire, Physiologie, Pathologie sp\u00e9cialit\u00e9 \u00ab\u00a0Biologie, biomorphom\u00e9trie et bioing\u00e9nierie du squelette\u00a0\u00bb (Universit\u00e9 Paris Diderot): UE \u00ab\u00a0G\u00e9n\u00e9tique et diff\u00e9renciation orale et squelette\u00a0\u00bb<\/span><\/li>\n<\/ul>\n<\/li>\n<\/ul>\n<p style=\"text-align: justify;\"><span style=\"color: #000000;\"><strong><u>J\u00e9r\u00f4me LAFONT (MCF, section 65)<\/u><\/strong><\/span><\/p>\n<ul style=\"text-align: justify;\">\n<li><span style=\"color: #000000;\">Participation aux enseignements\u00a0(\u00e9quipe p\u00e9dagogique de Biologie Cellulaire, Universit\u00e9 Claude Bernard-Lyon1):<\/span>\n<ul>\n<li><span style=\"color: #000000;\"><a href=\"http:\/\/fst-biologie.univ-lyon1.fr\/formatweb.html\">Licence Sciences de la Vie parcours \u00ab\u00a0G\u00e9n\u00e9tique, biologie cellulaire<\/a>\u00a0\u00bb : UEs de\u00a0<em>Biologie cellulaire<\/em> (niveaux L1, L2 et L3)<\/span><\/li>\n<\/ul>\n<\/li>\n<li><span style=\"color: #000000;\">R\u00e9f\u00e9rent p\u00e9dagogique des \u00e9tudiants L1-L2<br \/>\n<\/span><\/li>\n<\/ul>\n<p style=\"text-align: justify;\"><span style=\"color: #000000;\"><strong><u>Fr\u00e9d\u00e9ric MALLEIN-GERIN (DR)<\/u><\/strong><\/span><\/p>\n<ul style=\"text-align: justify;\">\n<li><span style=\"color: #000000;\">Enseignements \u00e0 l\u2019Universit\u00e9 Claude Bernard-Lyon1:<\/span><\/li>\n<\/ul>\n<p style=\"text-align: justify;\"><span style=\"color: #000000;\">CM dans le cadre du DU de \u00ab\u00a0 Chirurgie plastique de la face\u00a0\u00bb , Facult\u00e9 de M\u00e9decine Lyon-Est<\/span><\/p>\n<ul style=\"text-align: justify;\">\n<li><span style=\"color: #000000;\">Autres implications dans l\u2019enseignement\u00a0:<\/span>\n<ul>\n<li><span style=\"color: #000000;\">CM dans le cadre du master 2 Biologie Sant\u00e9: UE \u00ab\u00a0 Bioth\u00e9rapies Mol\u00e9culaire cellulaire et tissulaire\u00a0\u00bb , Universit\u00e9 de Caen Basse-Normandie<\/span><\/li>\n<li><span style=\"color: #000000;\">CM dans le cadre du master 2 Ing\u00e9nierie de la Sant\u00e9: UE \u00ab\u00a0 Bioth\u00e9rapies et ing\u00e9nierie tissulaire\u00a0\u00bb, Universit\u00e9 Joseph Fourrier Grenoble<\/span><\/li>\n<li><span style=\"color: #000000;\">CM dans le cadre du master 2 Biologie cellulaire, Physiologie, pathologies, sp\u00e9cialit\u00e9 \u00ab\u00a0 Biomin\u00e9ralisation, morphogen\u00e8se, et pathologies inflammatoires \u00bb, Universit\u00e9 Paris Diderot<\/span><\/li>\n<\/ul>\n<\/li>\n<\/ul>\n<h1 style=\"text-align: justify;\"><span style=\"color: #000000;\">Dialogue Cellules Microenvironnement et R\u00e9paration Tissulaire<\/span><\/h1>\n<p style=\"text-align: justify;\"><span style=\"color: #000000;\"><strong><u>Guila DAYAN (MCF, section 64)<\/u><\/strong><\/span><\/p>\n<ul style=\"text-align: justify;\">\n<li><span style=\"color: #000000;\">Responsabilit\u00e9s d\u2019UEs\u00a0:<\/span>\n<ul>\n<li><span style=\"color: #000000;\">Plan Licence\u00a0: Lyc\u00e9es, Journ\u00e9es SVT d\u2019accueil des lyc\u00e9ens\u00a0:\u00a0<em>Exp\u00e9rimentation des travaux pratiques \u00e0 l\u2019Universit\u00e9<\/em><\/span><\/li>\n<\/ul>\n<\/li>\n<li><span style=\"color: #000000;\">Participation aux enseignements <\/span>\n<ul>\n<li><span style=\"color: #000000;\">dans des UEs de L1, L2, L3 et M1 de\u00a0<a href=\"http:\/\/offre-de-formations.univ-lyon1.fr\/parcours-1\/biochimie.html\">Biochimie<\/a><\/span><\/li>\n<li>Master MEEF : M1 UE de biochimie structurale<span style=\"color: #000000;\"><br \/>\n<\/span><\/li>\n<\/ul>\n<\/li>\n<\/ul>\n<p style=\"text-align: justify;\"><span style=\"color: #000000;\"><strong><u>Caroline GRANGEASSE-CLUZEL (MCF) (section 65)<\/u><\/strong><\/span><\/p>\n<ul style=\"text-align: justify;\">\n<li><span style=\"color: #000000;\">Co-responsable d\u2019UEs\u00a0:<\/span>\n<ul>\n<li><span style=\"color: #000000;\">Licence de Biologie\u00a0:\u00a0<a href=\"http:\/\/offre-de-formations.univ-lyon1.fr\/parcours-2\/genetique-et-biologie-cellulaire.html\">L3\u00a0<em>Travaux pratiques de G\u00e9n\u00e9tique et Biologie Cellulaire<\/em><\/a><\/span><\/li>\n<\/ul>\n<\/li>\n<li><span style=\"color: #000000;\">Participation aux enseignements\u00a0:<\/span>\n<ul>\n<li><span style=\"color: #000000;\">Master 1\u00a0:\u00a0<em>Imagerie fonctionnelle<\/em><\/span><\/li>\n<\/ul>\n<\/li>\n<\/ul>\n<h1 style=\"text-align: justify;\"><span style=\"color: #000000;\">Vecteurs collo\u00efdaux et transport tissulaire<\/span><\/h1>\n<p style=\"text-align: justify;\"><span style=\"color: #000000;\"><strong><u>Dominique LE GUELLEC (Pr.) (section 65)<\/u><\/strong><\/span><\/p>\n<ul style=\"text-align: justify;\">\n<li><span style=\"color: #000000;\">Responsabilit\u00e9 de parcours\u00a0:\u00a0<a href=\"http:\/\/masterpro-imagerie.univ-lyon1.fr\/\"><em>M2Pro Imagerie des Microstructures<\/em><\/a><\/span><\/li>\n<li><span style=\"color: #000000;\">Responsabilit\u00e9s d\u2019UEs\u00a0:<\/span>\n<ul>\n<li><span style=\"color: #000000;\">Licence de Biologie\u00a0: L1\u00a0<em>Biologie G\u00e9n\u00e9rale<\/em>\u00a0\u2013 L3\u00a0<em>Biologie Cellulaire et G\u00e9n\u00e9tique<\/em><\/span><\/li>\n<li><span style=\"color: #000000;\">Master Pro\u00a0:\u00a0<em>Microscopie Electronique \u00e0 Transmissio<\/em>n<\/span><\/li>\n<\/ul>\n<\/li>\n<li><span style=\"color: #000000;\">Membre du groupe de\u00a0<em>Travail Formation<\/em>\u00a0du\u00a0<em>D\u00e9partement de Biologie<\/em><\/span><\/li>\n<\/ul>\n<p style=\"text-align: justify;\"><span style=\"color: #000000;\"><strong><u>Claire LETHIAS (Pr.) (section 65)<\/u><\/strong><\/span><\/p>\n<ul style=\"text-align: justify;\">\n<li><span style=\"color: #000000;\">Responsabilit\u00e9 d\u2019UEs\u00a0:<\/span>\n<ul>\n<li><span style=\"color: #000000;\">Licence de Biologie\u00a0:\u00a0<a href=\"http:\/\/offre-de-formations.univ-lyon1.fr\/parcours-1\/biochimie.html\">L2\u00a0<em>Biochimie et Biologie Cellulaire<\/em><\/a><\/span><\/li>\n<li><span style=\"color: #000000;\">Master Recherche\u00a0: M1\u00a0<em>Technologie Cellulaire<\/em>\u00a0\u2013 M2\u00a0<em>Bibliographie et R\u00e9daction Scientifique<\/em><\/span><\/li>\n<li><span style=\"color: #000000;\">Master Pro\u00a0:\u00a0<em>Microscopie de Surface<\/em><\/span><\/li>\n<\/ul>\n<\/li>\n<li><span style=\"color: #000000;\">R\u00e9f\u00e9rent p\u00e9dagogique<\/span><\/li>\n<\/ul>\n<p style=\"text-align: justify;\"><span style=\"color: #000000;\"><strong><u>Loris G. Baggetto (DR)<\/u><\/strong><\/span><\/p>\n<ul style=\"text-align: justify;\">\n<li><span style=\"color: #000000;\">Co-responsable du\u00a0<a href=\"http:\/\/offre-de-formations.univ-lyon1.fr\/parcours-497\/ophtalmologie.html\">DIU\u00a0<em>Onco-ophtalmologie<\/em><\/a>\u00a0Lyon 1<\/span><\/li>\n<li><span style=\"color: #000000;\">Responsabilit\u00e9 d\u2019UE\u00a0:<\/span>\n<ul>\n<li><span style=\"color: #000000;\">Master 2\u00a0<a href=\"http:\/\/offre-de-formations.univ-lyon1.fr\/parcours-105\/biochimie-structurale-et-fonctionnelle.html\">Recherche\u00a0<em>Biochimie Structurale et Fonctionnelle<\/em><\/a><\/span><\/li>\n<\/ul>\n<\/li>\n<\/ul>\n<p style=\"text-align: justify;\"><span style=\"color: #000000;\"><strong><u>Emilie DELAUNE (MCF) (section 65)<\/u><\/strong><\/span><\/p>\n<ul style=\"text-align: justify;\">\n<li><span style=\"color: #000000;\">Participation aux enseignements\u00a0\u00a0:<\/span>\n<ul>\n<li><span style=\"color: #000000;\">dans les UEs de\u00a0<a href=\"http:\/\/offre-de-formations.univ-lyon1.fr\/parcours-2\/genetique-et-biologie-cellulaire.html\"><em>Biologie cellulaire<\/em><\/a>, L1, L2 et L3<\/span><\/li>\n<li><span style=\"color: #000000;\">Master 1 et 2\u00a0:\u00a0<a href=\"http:\/\/offre-de-formations.univ-lyon1.fr\/parcours-108\/bio-imagerie.html\">Imagerie<\/a><\/span><\/li>\n<li><span style=\"color: #000000;\">Preparation \u00e0 l\u2019agr\u00e9gation ENS Lyon,\u00a0<em>Biologie du d\u00e9veloppement<\/em><\/span><\/li>\n<\/ul>\n<\/li>\n<\/ul>\n<p style=\"text-align: justify;\"><span style=\"color: #000000;\"><strong><u>Elise Lambert (MCF, Section 65)<\/u><\/strong><\/span><\/p>\n<ul style=\"text-align: justify;\">\n<li><span style=\"color: #000000;\">Responsabilit\u00e9 d\u2019UE :<\/span>\n<ul>\n<li><span style=\"color: #000000;\">Licence Sciences de la vie, parcours G\u00e9n\u00e9tique et biologie cellulaire : L3\u00a0<em>Biologie cellulaire et pathologies<\/em><\/span><\/li>\n<\/ul>\n<\/li>\n<\/ul>\n<p style=\"text-align: justify;\"><span style=\"color: #000000;\"><strong><u>Simon MEGY (MCF, section 64)<\/u><\/strong><\/span><\/p>\n<ul style=\"text-align: justify;\">\n<li><span style=\"color: #000000;\">Participation aux enseignements \u00a0:<\/span>\n<ul>\n<li><span style=\"color: #000000;\">dans les UEs de L1, L2, L3 et M1 de\u00a0<a href=\"http:\/\/offre-de-formations.univ-lyon1.fr\/parcours-1\/biochimie.html\">Biochimie<\/a><\/span><\/li>\n<li><span style=\"color: #000000;\">dans les UEs de M2Pro Ing\u00e9nieurie Biochimique<\/span><\/li>\n<li><span style=\"color: #000000;\">dans les UEs de 5\u00e8me ann\u00e9e\u00a0<a href=\"http:\/\/biosciences.insa-lyon.fr\/content\/parcours-bioinformatique-et-modelisation\">BIM de INSA<\/a><\/span><\/li>\n<li><span style=\"color: #000000;\">dans les UEs de 3\u00e8me ann\u00e9e de l\u2019ENS<\/span><\/li>\n<\/ul>\n<\/li>\n<\/ul>\n<p><span style=\"color: #000000;\"><strong><u>Ulrich VALCOURT (Pr., Section 65)<\/u><\/strong><\/span><\/p>\n<ul>\n<li><span style=\"color: #000000;\">Co-responsabilit\u00e9 de parcours : Licence\u00a0Sciences de la Vie, parcours G\u00e9n\u00e9tique et biologie cellulaire (L3)<\/span><\/li>\n<li><span style=\"color: #000000;\">Responsabilit\u00e9 d\u2019UE:<\/span>\n<ul>\n<li><span style=\"color: #000000;\">Licence\u00a0Sciences de la vie, parcours G\u00e9n\u00e9tique et biologie cellulaire : L2 Introduction \u00e0 la biologie cellulaire et \u00e0 l\u2019immunologie<\/span><\/li>\n<\/ul>\n<\/li>\n<li><span style=\"color: #000000;\">Directeur et R\u00e9f\u00e9rent p\u00e9dagogique<\/span><\/li>\n<\/ul>\n<h1 style=\"text-align: justify;\"><span style=\"color: #000000;\">Fonctionnalit\u00e9 et dynamique du tissu cutan\u00e9<\/span><\/h1>\n<p style=\"text-align: justify;\"><span style=\"color: #000000;\"><strong><u>Christelle BONOD (MCF, Section 65)<\/u><\/strong><\/span><\/p>\n<ul style=\"text-align: justify;\">\n<li><span style=\"color: #000000;\">Responsabilit\u00e9 d\u2019UE:<\/span>\n<ul>\n<li><span style=\"color: #000000;\">Licence Sciences de la vie, parcours G\u00e9n\u00e9tique et Biologie Cellulaire : L3 Biologie cellulaire<\/span><\/li>\n<li><span style=\"color: #000000;\">Master Biologie mol\u00e9culaire et cellulaire parcours\u00a0G\u00e9n\u00e9tique de la cellule et pathologie : M1\u00a0<em>TP Technologies cellulaires \u2013 Dialogue cellules-matrice<\/em><\/span><\/li>\n<\/ul>\n<\/li>\n<\/ul>\n<p style=\"text-align: justify;\"><span style=\"color: #000000;\"><strong><u>J\u00e9r\u00f4me LAMARTINE (Pr, section 65)<\/u><\/strong><\/span><\/p>\n<ul style=\"text-align: justify;\">\n<li><span style=\"color: #000000;\">Equipe p\u00e9dagogique de g\u00e9n\u00e9tique, Dpt de Biologie \u00a0<\/span><\/li>\n<li><span style=\"color: #000000;\">Responsable du master Mention Biologie Mol\u00e9culaire et cellulaire (BMC)<\/span><\/li>\n<li><span style=\"color: #000000;\">Responsable du \u00a0M2 BMC parcours Biologie de la Peau<\/span><\/li>\n<li><span style=\"color: #000000;\">Responsabilit\u00e9s d\u2019UE :<\/span>\n<ul>\n<li><span style=\"color: #000000;\">responsable de l\u2019UE \u00ab\u00a0Dynamique des g\u00e8nes et des g\u00e9nomes\u00a0\u00bb, Licence Sciences de la vie, Parcours g\u00e9n\u00e9tique et Biologie Cellulaire<\/span><\/li>\n<li><span style=\"color: #000000;\">responsable de l\u2019UE \u00ab \u00a0Maladies g\u00e9n\u00e9tiques, approches globales\u00a0\u00bb. Master 1 Biologie Mol\u00e9culaire et Cellulaire<\/span><\/li>\n<li><span style=\"color: #000000;\">responsable de l\u2019UE \u00ab \u00a0R\u00e9cent advances in Functionals Genomics\u00a0\u00bb. Master 2 Biologie Mol\u00e9culaire et Cellulaire<\/span><\/li>\n<li><span style=\"color: #000000;\">responsable de l\u2019UE \u00ab \u00a0Anatomie et Physiologie cutan\u00e9e\u00a0\u00bb. Master 2 Biologie Mol\u00e9culaire et Cellulaire, parcours Biologie de la peau<\/span><\/li>\n<\/ul>\n<\/li>\n<li><span style=\"color: #000000;\">Membre \u00e9lu du conseil de D\u00e9partement de Biologie, Membre du bureau, charg\u00e9 de mission \u00ab\u00a0Resources humaines\u00a0\u00bb du Dpt de Biologie<\/span><\/li>\n<\/ul>\n<p><span style=\"color: #000000;\"><strong><u>Fabien CHEVALIER (MCU, section 65)<\/u><\/strong><\/span><\/p>\n<ul>\n<li><span style=\"color: #000000;\">Equipe p\u00e9dagogique de g\u00e9n\u00e9tique, Dpt de Biologie<\/span><\/li>\n<li><span style=\"color: #000000;\">Impliqu\u00e9 dans les enseignements de g\u00e9n\u00e9tique et biologie du d\u00e9veloppement en licence sciences de la vie L1, L2 et L3<\/span><\/li>\n<\/ul>\n<h1 style=\"text-align: justify;\"><span style=\"color: #000000;\">P\u00f4le Prabi<\/span><\/h1>\n<p style=\"text-align: justify;\"><span style=\"color: #000000;\"><strong><u>Gilbert DELEAGE (Pr., Section 64)<\/u><\/strong><\/span><\/p>\n<ul style=\"text-align: justify;\">\n<li><span style=\"color: #000000;\">Responsabilit\u00e9s d\u2019UE :<\/span>\n<ul>\n<li><span style=\"color: #000000;\">Licence Sciences de la vie, parcours Biochimie : L2\u00a0<em>Informatique graphique en biochimie<\/em>\u00a0\u2013 L3\u00a0<em><a href=\"http:\/\/offre-de-formations.univ-lyon1.fr\/ue-3803-1\/initiation-a-la-bio-informatique-structurale.html\">Initiation \u00e0 la Bio-Informatique Structurale<\/a>\u00a0\u2013\u00a0<\/em>L3<em>\u00a0Bases de donn\u00e9es structurales 3D en biochimie<\/em>\u00a0<\/span><\/li>\n<li><span style=\"color: #000000;\">Master Biochimie, Biologie mol\u00e9culaire parcours Biochimie structurale et fonctionnelle : M1<em>\u00a0Bio-Informatique Structurale (UE Mutualis\u00e9e avec le master de Bioinformatique mol\u00e9culaire: m\u00e9thodes et analyses)<\/em>\u00a0<\/span><\/li>\n<li><span style=\"color: #000000;\">4\u00e8me ann\u00e9e BIM de l\u2019INSA: UE de Bio-informatique<\/span><\/li>\n<\/ul>\n<\/li>\n<li><span style=\"color: #000000;\">Membre \u00e9lu du Conseil de D\u00e9partement de Chimie-Biochimie<\/span><\/li>\n<\/ul>\n<p><span style=\"color: #000000;\"><strong><u>Rapha\u00ebl TERREUX (Pr.)<\/u><\/strong><\/span><\/p>\n<ul>\n<li><span style=\"color: #000000;\">Participation aux enseignements dans des UEs de L1 (Parcours r\u00e9ussir), L2, L3, M1 et M2 de Pharmacie, UE1 et UE6 de PACES ainsi qu\u2019en 5\u00e8me ann\u00e9e BIM de l\u2019INSA et M1\/M2 de Biotechnologie-Pharma de l&rsquo;Universit\u00e9 des Sciences et Technologie d\u2019Hano\u00ef<u> <\/u><\/span><\/li>\n<li><span style=\"color: #000000;\">Pr\u00e9sident de la commission recherche de la Facult\u00e9 de Pharmacie<\/span><\/li>\n<\/ul>\n<p style=\"text-align: justify;\"><span style=\"color: #000000;\"><strong><u>Emmanuel BETTLER (MCF, Section 64)<\/u><\/strong><\/span><\/p>\n<ul style=\"text-align: justify;\">\n<li><span style=\"color: #000000;\">Responsabilit\u00e9s d\u2019UE :<\/span>\n<ul>\n<li><span style=\"color: #000000;\">Licence Sciences de la vie, parcours Biochimie : L3\u00a0<em>Repr\u00e9sentation 3D des macromol\u00e9cules<\/em>\u00a0<\/span><\/li>\n<li><span style=\"color: #000000;\">Master Biochimie, Biologie mol\u00e9culaire parcours Biochimie structurale et fonctionnelle : M2<em>Conception mol\u00e9cules bioactives et drug design<\/em><\/span><\/li>\n<li><span style=\"color: #000000;\">Master Bio-informatique parcours Bio-informatique mol\u00e9culaire: M1<em>\u00a0Bases pour la Bio-informatique mol\u00e9culaire (co-responsabilit\u00e9)<\/em><\/span><\/li>\n<li><span style=\"color: #000000;\">5\u00e8me ann\u00e9e BIM de l\u2019INSA: UE de prot\u00e9omique<\/span><\/li>\n<\/ul>\n<\/li>\n<li><span style=\"color: #000000;\">Participation aux enseignements dans des UEs de L1, L2, L3 M1 et M2 de Biochimie, M1 et M2 de Bio-informatique ainsi qu\u2019en 4\u00e8me ann\u00e9e BIM de l\u2019INSA<\/span><\/li>\n<li><span style=\"color: #000000;\">Membre \u00e9lu du conseil de la Facult\u00e9 des Sciences et Technologies<\/span><\/li>\n<li><span style=\"color: #000000;\">Responsable du groupe de travail \u00ab\u00a0Communication\u00a0\u00bb de la Facult\u00e9 des Sciences et Technologies<\/span><\/li>\n<\/ul>\n<p><span style=\"color: #000000;\"><strong><u>Julie-Anne CHEMELLE (MCF)<\/u><\/strong><\/span><\/p>\n<ul>\n<li><span style=\"color: #000000;\">Participation aux enseignements dans des UEs de L1 (Parcours r\u00e9ussir), L2, L3 de Pharmacie, UE1 de PACES<\/span><\/li>\n<\/ul>\n<hr \/>\n<p>&nbsp;<\/p>\n<p><span style=\"color: #000000;\"><!--more--><\/span><\/p>\n","protected":false},"excerpt":{"rendered":"<p>Les membres de l\u2019unit\u00e9 sont fortement impliqu\u00e9s dans la formation \u00e0 l\u2019Universit\u00e9 Claude Bernard, dans la licence Science de la vie ainsi que les Master Biologie mol\u00e9culaire et cellulaire, Biochimie Biologie mol\u00e9culaire ou encore Bio-informatique. \u00a0 Biologie et Ing\u00e9nierie du Cartilage Elisabeth Aubert-Foucher (MCF, section 64) Participation aux enseignements\u00a0: dans les UEs de\u00a0Licence de Biochimie\u00a0(L1,<\/p>\n","protected":false},"author":2,"featured_media":0,"parent":2,"menu_order":0,"comment_status":"closed","ping_status":"closed","template":"","meta":{"_acf_changed":false,"footnotes":""},"class_list":["post-439","page","type-page","status-publish","hentry"],"acf":[],"_links":{"self":[{"href":"https:\/\/lbti.ibcp.fr\/index.php?rest_route=\/wp\/v2\/pages\/439","targetHints":{"allow":["GET"]}}],"collection":[{"href":"https:\/\/lbti.ibcp.fr\/index.php?rest_route=\/wp\/v2\/pages"}],"about":[{"href":"https:\/\/lbti.ibcp.fr\/index.php?rest_route=\/wp\/v2\/types\/page"}],"author":[{"embeddable":true,"href":"https:\/\/lbti.ibcp.fr\/index.php?rest_route=\/wp\/v2\/users\/2"}],"replies":[{"embeddable":true,"href":"https:\/\/lbti.ibcp.fr\/index.php?rest_route=%2Fwp%2Fv2%2Fcomments&post=439"}],"version-history":[{"count":52,"href":"https:\/\/lbti.ibcp.fr\/index.php?rest_route=\/wp\/v2\/pages\/439\/revisions"}],"predecessor-version":[{"id":3040,"href":"https:\/\/lbti.ibcp.fr\/index.php?rest_route=\/wp\/v2\/pages\/439\/revisions\/3040"}],"up":[{"embeddable":true,"href":"https:\/\/lbti.ibcp.fr\/index.php?rest_route=\/wp\/v2\/pages\/2"}],"wp:attachment":[{"href":"https:\/\/lbti.ibcp.fr\/index.php?rest_route=%2Fwp%2Fv2%2Fmedia&parent=439"}],"curies":[{"name":"wp","href":"https:\/\/api.w.org\/{rel}","templated":true}]}}