{"id":415,"date":"2017-02-16T22:35:05","date_gmt":"2017-02-16T21:35:05","guid":{"rendered":"http:\/\/lbti.cnrs.fr\/?page_id=415"},"modified":"2019-12-06T15:47:07","modified_gmt":"2019-12-06T14:47:07","slug":"travailler-au-lbti","status":"publish","type":"page","link":"https:\/\/lbti.ibcp.fr\/?page_id=415","title":{"rendered":"Travailler au LBTI"},"content":{"rendered":"<h2 style=\"text-align: justify;\"><span style=\"color: #000000;\"><span style=\"color: #333399;\"><em>S&rsquo;installer \u00e0 Lyon :<\/em> <\/span><\/span><\/h2>\n<h4><\/h4>\n<h4 style=\"text-align: justify;\">\u00a0<span style=\"color: #000000;\">\u25ba <\/span><span style=\"color: #000000;\">CHERCHEURS \u00c9TRANGERS :<br \/>\n<\/span><\/h4>\n<p style=\"text-align: justify;\"><span style=\"color: #000000;\"><a href=\"http:\/\/www.espace-ulys.fr\/\">L&rsquo;espace Ulys<\/a>, est le service de l\u2019Universit\u00e9 de Lyon enti\u00e8rement d\u00e9di\u00e9 \u00e0 l\u2019accueil des chercheurs et doctorants \u00e9trangers en mobilit\u00e9 qui s\u2019installent sur le site Lyon &#8211; Saint-\u00c9tienne.<\/span><\/p>\n<p style=\"text-align: justify;\"><span style=\"color: #000000;\">Vous trouverez sur ce site toutes les informations dont vous avez besoin pour pr\u00e9parer votre arriv\u00e9e et votre s\u00e9jour : formalit\u00e9s d\u2019entr\u00e9e et de s\u00e9jour (visas, titre de s\u00e9jour), logement, couverture sant\u00e9, assurances, vie pratique, cours de fran\u00e7ais, ainsi que le programme de leurs \u00e9v\u00e9nements.<\/span><\/p>\n<hr \/>\n<h4 style=\"text-align: justify;\">\u00a0<span style=\"color: #000000;\">\u25ba POUR LES \u00c9TUDIANTS :<\/span><\/h4>\n<p style=\"text-align: justify;\"><span style=\"color: #000000;\">L&rsquo;universit\u00e9 Lyon 1 vous propose <span style=\"text-decoration: underline;\">un guide<\/span>, via le portail Etudiant: <a href=\"https:\/\/etu.univ-lyon1.fr\/guide-pratique\/\">https:\/\/etu.univ-lyon1.fr\/guide-pratique\/<\/a><\/span><\/p>\n<p style=\"text-align: justify;\"><span style=\"color: #000000;\">Quelques adresses de logement \u00e9tudiants :<\/span><\/p>\n<p><span style=\"color: #000000;\">\u2022 \u00ab\u00a0<strong>bed in city<\/strong>\u00a0\u00bb :\u00a0\u00a0<span class=\"_Xbe\">219 Rue Marcel M\u00e9rieux, 69007 Lyon\u00a0<\/span><\/span><\/p>\n<p><span style=\"color: #000000;\"><span class=\"_Xbe\"><a class=\"moz-txt-link-freetext\" href=\"http:\/\/www.bedincity.net\/\" target=\"_blank\" rel=\"noreferrer noopener\">http:\/\/www.bedincity.net\/<\/a>\u00a0 \u00a0 \/\/ \u00a0 &#8211; Contact :\u00a0<\/span>Mme Dany BOCH (<a class=\"moz-txt-link-abbreviated\" href=\"mailto:contact@bedincity.net\" rel=\"noreferrer\">contact@bedincity.net<\/a>)<\/span><\/p>\n<p><span style=\"color: #000000;\">\u2022 \u00ab\u00a0<strong>studio 7 resilogis<\/strong>\u00a0\u00bb : 197 rue Marcel M\u00e9rieux 69007 Lyon<strong>\u00a0<\/strong>\u00a0<\/span><\/p>\n<p><span style=\"color: #000000;\"><a class=\"moz-txt-link-freetext\" href=\"http:\/\/www.resilogis.com\/residence\/lycee-du-parc\/studio-7\/\" target=\"_blank\" rel=\"noreferrer noopener\">http:\/\/www.resilogis.com\/residence\/lycee-du-parc\/studio-7\/<\/a><\/span><\/p>\n<p><span style=\"color: #000000;\"><b>\u2022 <\/b>r\u00e9sidences \u00e9tudiantes \u00ab\u00a0<strong>Crous<\/strong>\u00a0\u00bb<br \/>\n<\/span><\/p>\n<p><a href=\"https:\/\/www.crous-lyon.fr\/logements\/nos-residences\/\">https:\/\/www.crous-lyon.fr\/logements\/nos-residences\/<\/a><\/p>\n<p style=\"text-align: justify;\"><span style=\"color: #000000;\"><b><span style=\"font-family: Arial; font-size: large;\">\u2022\u00a0<\/span><\/b>6 r\u00e9sidences \u00e9tudiantes \u00ab\u00a0<strong>Les Belles Ann\u00e9es<\/strong>\u00a0\u00bb au c\u0153ur de la ville<\/span><\/p>\n<p><a href=\"http:\/\/lesbellesannees.com\/1\/informations\/lyon-villeurbanne\">http:\/\/lesbellesannees.com\/1\/informations\/lyon-villeurbanne<\/a><\/p>\n<p><span style=\"color: #000000;\"><b>\u2022\u00a0<\/b>9 r\u00e9sidences \u00e9tudiantes \u00ab\u00a0<strong>Studelites<\/strong>\u00a0\u00bb dans tout lyon<br \/>\n<\/span><\/p>\n<p><a href=\"http:\/\/www.studelites.com\/fr\/lyon\/\">http:\/\/www.studelites.com\/fr\/lyon\/<\/a><\/p>\n<p><span style=\"color: #000000;\"><b>\u2022\u00a0<\/b>71 r\u00e9sidences \u00e9tudiantes de propos\u00e9es sur le site \u00ab\u00a0<strong>location-\u00e9tudiant<\/strong>\u00a0\u00bb ;<\/span><\/p>\n<p><a href=\"https:\/\/www.location-etudiant.fr\/residences-etudiantes-lyon.html\">https:\/\/www.location-etudiant.fr\/residences-etudiantes-lyon.html<\/a><\/p>\n<p><span style=\"color: #000000;\"><strong><span style=\"text-decoration: underline;\">Pour les \u00e9tudiants \u00e9trangers<\/span> :\u00a0<\/strong><\/span><\/p>\n<p><span style=\"color: #000000;\"><a class=\"spip_mail\" href=\"mailto:residences.internationales@crous-lyon.fr\" rel=\"noreferrer\">residences.internationales@crous-lyon.fr<\/a> r\u00e9serve des logements aux doctorants \u00e9trangers\u00a0\u00a0 <\/span><\/p>\n<p><span style=\"color: #000000;\"><a class=\"spip_mail\" href=\"mailto:logement.campusfrance@crous-lyon.fr\" rel=\"noreferrer\">logement.campusfrance@crous-lyon.fr<\/a> est d\u00e9di\u00e9 aux boursiers campus France. voir le doc joint <a href=\"https:\/\/lbti.ibcp.fr\/wp-content\/uploads\/2017\/02\/pdf_International-residence_jean-meygret_plaquette-commerciale-anglais.pdf\">r\u00e9sidence jean meygret<\/a><\/span><\/p>\n<p><span style=\"color: #000000;\">\u00a0<strong>\u2192\u00a0<\/strong>Le guide de <a href=\"http:\/\/ediss.universite-lyon.fr\/medias\/fichier\/phd-student-guide-2014_1417167075992.pdf\">l&rsquo;etudiant PhD<\/a> de l&rsquo;universit\u00e9 de lyon<\/span><\/p>\n<p>&nbsp;<\/p>\n<hr \/>\n<h2 style=\"text-align: justify;\"><span style=\"color: #000000;\"><span style=\"color: #333399;\"><em>Vivre \u00e0 Lyon :<\/em> <\/span><br \/>\n<\/span><\/h2>\n<p>&nbsp;<\/p>\n<p style=\"text-align: justify;\"><span style=\"color: #000000;\">\u25ba Pour des \u00e9v\u00e9nements \u00e0 grande ampleur sur toute la ville de Lyon, vous pouvez trouver les informations sur le site <\/span><a href=\"http:\/\/www.onlylyon.com\/\">Only Lyon<\/a><span style=\"color: #000000;\">.<\/span><\/p>\n<p>&nbsp;<\/p>\n<hr \/>\n<h2><\/h2>\n<h2><span style=\"color: #333399;\"><em>S&rsquo;int\u00e9grer au LBTI :<\/em><\/span><\/h2>\n<p><span style=\"color: #000000;\">Happy hours, sortie ski, descente de l&rsquo;Ard\u00e8che, soir\u00e9e Karaok\u00e9, tournois de p\u00e9tanque, et activit\u00e9s d&rsquo;int\u00e9gration aux journ\u00e9es annuelles du LBTI&#8230; une convivialit\u00e9 toujours relay\u00e9e dans notre lettre d&rsquo;info\u00a0<i>LBTI actu<\/i>\u00a0!<\/span><\/p>\n","protected":false},"excerpt":{"rendered":"<p>S&rsquo;installer \u00e0 Lyon : \u00a0\u25ba CHERCHEURS \u00c9TRANGERS : L&rsquo;espace Ulys, est le service de l\u2019Universit\u00e9 de Lyon enti\u00e8rement d\u00e9di\u00e9 \u00e0 l\u2019accueil des chercheurs et doctorants \u00e9trangers en mobilit\u00e9 qui s\u2019installent sur le site Lyon &#8211; Saint-\u00c9tienne. Vous trouverez sur ce site toutes les informations dont vous avez besoin pour pr\u00e9parer votre arriv\u00e9e et votre s\u00e9jour<\/p>\n","protected":false},"author":1,"featured_media":0,"parent":0,"menu_order":0,"comment_status":"closed","ping_status":"closed","template":"","meta":{"_acf_changed":false,"footnotes":""},"class_list":["post-415","page","type-page","status-publish","hentry"],"acf":[],"_links":{"self":[{"href":"https:\/\/lbti.ibcp.fr\/index.php?rest_route=\/wp\/v2\/pages\/415","targetHints":{"allow":["GET"]}}],"collection":[{"href":"https:\/\/lbti.ibcp.fr\/index.php?rest_route=\/wp\/v2\/pages"}],"about":[{"href":"https:\/\/lbti.ibcp.fr\/index.php?rest_route=\/wp\/v2\/types\/page"}],"author":[{"embeddable":true,"href":"https:\/\/lbti.ibcp.fr\/index.php?rest_route=\/wp\/v2\/users\/1"}],"replies":[{"embeddable":true,"href":"https:\/\/lbti.ibcp.fr\/index.php?rest_route=%2Fwp%2Fv2%2Fcomments&post=415"}],"version-history":[{"count":45,"href":"https:\/\/lbti.ibcp.fr\/index.php?rest_route=\/wp\/v2\/pages\/415\/revisions"}],"predecessor-version":[{"id":3746,"href":"https:\/\/lbti.ibcp.fr\/index.php?rest_route=\/wp\/v2\/pages\/415\/revisions\/3746"}],"wp:attachment":[{"href":"https:\/\/lbti.ibcp.fr\/index.php?rest_route=%2Fwp%2Fv2%2Fmedia&parent=415"}],"curies":[{"name":"wp","href":"https:\/\/api.w.org\/{rel}","templated":true}]}}