{"id":401,"date":"2017-02-16T22:25:47","date_gmt":"2017-02-16T21:25:47","guid":{"rendered":"http:\/\/lbti.cnrs.fr\/?page_id=401"},"modified":"2017-07-28T15:28:50","modified_gmt":"2017-07-28T13:28:50","slug":"academique","status":"publish","type":"page","link":"https:\/\/lbti.ibcp.fr\/?page_id=401","title":{"rendered":"Acad\u00e9mique"},"content":{"rendered":"<p><span style=\"color: #000000;\">Partenariat Acad\u00e9mique de l&rsquo;\u00e9quipe \u00a0\u00bb\u00a0<strong>M\u00e9talloprot\u00e9ases et Remodelage tissulaire\u00a0<\/strong>\u00ab\u00a0<\/span><\/p>\n<p><span style=\"color: #000000;\">les\u00a0pays\u00a0avec\u00a0lesquels l&rsquo;\u00e9quipe\u00a0collabore :<\/span><br \/>\n<span style=\"color: #000000;\">&#8211;\u00a0Allemagne\u00a0(<strong>6\u00a0\u00e9quipes<\/strong>)<\/span><br \/>\n<span style=\"color: #000000;\">&#8211; Royaume-Uni \u00a0(<strong>3 \u00e9quipes<\/strong>)<\/span><br \/>\n<span style=\"color: #000000;\">&#8211;\u00a0Belgique\u00a0(<strong>1 \u00e9quipe<\/strong>)<\/span><br \/>\n<span style=\"color: #000000;\">&#8211;\u00a0Suisse\u00a0(<strong>1 \u00e9quipe<\/strong>)<\/span><br \/>\n<span style=\"color: #000000;\">&#8211;\u00a0Canada\u00a0(<strong>1 \u00e9quipe<\/strong>)<\/span><br \/>\n<span style=\"color: #000000;\">&#8211;\u00a0Br\u00e9sil\u00a0(<strong>1 \u00e9quipe<\/strong>)<\/span><br \/>\n<span style=\"color: #000000;\">&#8211;\u00a0Mexique\u00a0(<strong>1 \u00e9quipe<\/strong>)<\/span><\/p>\n<p><img fetchpriority=\"high\" decoding=\"async\" class=\" wp-image-1230 aligncenter\" src=\"http:\/\/lbti.ibcp.fr\/wp-content\/uploads\/2017\/02\/Pr\u00e9sentation1.jpg\" alt=\"\" width=\"830\" height=\"467\" \/><\/p>\n<p>&nbsp;<\/p>\n<p><span style=\"color: #000000;\">Partenariat Acad\u00e9mique de l&rsquo;\u00e9quipe \u00a0\u00bb\u00a0<strong>Vecteurs collo\u00efdaux et transport tissulaire<\/strong> \u00ab\u00a0<\/span><\/p>\n<p><span style=\"color: #000000;\">les\u00a0pays\u00a0avec\u00a0lesquels l&rsquo;\u00e9quipe\u00a0collabore :<\/span><br \/>\n<span style=\"color: #000000;\"> &#8211;\u00a0Angleterre \u00a0(<strong>1\u00a0\u00e9quipe<\/strong>)<\/span><br \/>\n<span style=\"color: #000000;\"> &#8211; Allemagne (<strong>1\u00a0\u00e9quipe<\/strong>)<\/span><br \/>\n<span style=\"color: #000000;\"> &#8211;\u00a0Belgique\u00a0(<strong>2\u00a0\u00e9quipes<\/strong>)<\/span><br \/>\n<span style=\"color: #000000;\"> &#8211; Espagne (<strong>1 \u00e9quipe<\/strong>)<\/span><br \/>\n<span style=\"color: #000000;\"> &#8211; Roumanie (<strong>1 \u00e9quipe<\/strong>)<\/span><br \/>\n<span style=\"color: #000000;\"> &#8211; Italie (<strong>1 \u00e9quipe<\/strong>)<\/span><br \/>\n<span style=\"color: #000000;\"> &#8211; Norv\u00e8ge (<strong>1 \u00e9quipe<\/strong>)<\/span><\/p>\n<p>&nbsp;<\/p>\n<p><img decoding=\"async\" class=\" wp-image-1419 aligncenter\" src=\"http:\/\/lbti.ibcp.fr\/wp-content\/uploads\/2017\/02\/Pr\u00e9sentation1-verrier.jpg\" alt=\"\" width=\"832\" height=\"468\" \/><\/p>\n<p>&nbsp;<\/p>\n<p><span style=\"color: #000000;\">Partenariat Acad\u00e9mique de l\u2019\u00e9quipe \u00a0\u00bb\u00a0<strong>Biologie et Ing\u00e9nierie du Cartilage<\/strong>\u00a0\u00ab\u00a0<\/span><\/p>\n<p><span style=\"color: #000000;\">Les pays avec\u00a0lesquels l&rsquo;\u00e9quipe\u00a0collabore :<\/span><br \/>\n<span style=\"color: #000000;\"> &#8211; Royaume-Uni \u00a0(<strong>1\u00a0\u00e9quipe<\/strong>)<\/span><br \/>\n<span style=\"color: #000000;\"> &#8211; Allemagne (<strong>1\u00a0\u00e9quipe<\/strong>)<\/span><br \/>\n<span style=\"color: #000000;\"> &#8211; USA (<strong>1\u00a0\u00e9quipe<\/strong>)<\/span><br \/>\n<span style=\"color: #000000;\"> &#8211; Tawain (<strong>1 \u00e9quipe<\/strong>)<\/span><br \/>\n<span style=\"color: #000000;\"> &#8211; Su\u00e8de (<strong>1 \u00e9quipe<\/strong>)<\/span><br \/>\n<span style=\"color: #000000;\"> &#8211; Italie (<strong>1 \u00e9quipe<\/strong>)<\/span><\/p>\n<p><img decoding=\"async\" class=\"alignnone  wp-image-2180\" src=\"http:\/\/lbti.ibcp.fr\/wp-content\/uploads\/2017\/02\/mapmonde-1essai2.png\" alt=\"\" width=\"859\" height=\"483\" \/><\/p>\n","protected":false},"excerpt":{"rendered":"<p>Partenariat Acad\u00e9mique de l&rsquo;\u00e9quipe \u00a0\u00bb\u00a0M\u00e9talloprot\u00e9ases et Remodelage tissulaire\u00a0\u00ab\u00a0 les\u00a0pays\u00a0avec\u00a0lesquels l&rsquo;\u00e9quipe\u00a0collabore : &#8211;\u00a0Allemagne\u00a0(6\u00a0\u00e9quipes) &#8211; Royaume-Uni \u00a0(3 \u00e9quipes) &#8211;\u00a0Belgique\u00a0(1 \u00e9quipe) &#8211;\u00a0Suisse\u00a0(1 \u00e9quipe) &#8211;\u00a0Canada\u00a0(1 \u00e9quipe) &#8211;\u00a0Br\u00e9sil\u00a0(1 \u00e9quipe) &#8211;\u00a0Mexique\u00a0(1 \u00e9quipe) &nbsp; Partenariat Acad\u00e9mique de l&rsquo;\u00e9quipe \u00a0\u00bb\u00a0Vecteurs collo\u00efdaux et transport tissulaire \u00ab\u00a0 les\u00a0pays\u00a0avec\u00a0lesquels l&rsquo;\u00e9quipe\u00a0collabore : &#8211;\u00a0Angleterre \u00a0(1\u00a0\u00e9quipe) &#8211; Allemagne (1\u00a0\u00e9quipe) &#8211;\u00a0Belgique\u00a0(2\u00a0\u00e9quipes) &#8211; Espagne (1 \u00e9quipe) &#8211; Roumanie (1 \u00e9quipe) &#8211;<\/p>\n","protected":false},"author":1,"featured_media":0,"parent":0,"menu_order":0,"comment_status":"closed","ping_status":"closed","template":"","meta":{"_acf_changed":false,"footnotes":""},"class_list":["post-401","page","type-page","status-publish","hentry"],"acf":[],"_links":{"self":[{"href":"https:\/\/lbti.ibcp.fr\/index.php?rest_route=\/wp\/v2\/pages\/401","targetHints":{"allow":["GET"]}}],"collection":[{"href":"https:\/\/lbti.ibcp.fr\/index.php?rest_route=\/wp\/v2\/pages"}],"about":[{"href":"https:\/\/lbti.ibcp.fr\/index.php?rest_route=\/wp\/v2\/types\/page"}],"author":[{"embeddable":true,"href":"https:\/\/lbti.ibcp.fr\/index.php?rest_route=\/wp\/v2\/users\/1"}],"replies":[{"embeddable":true,"href":"https:\/\/lbti.ibcp.fr\/index.php?rest_route=%2Fwp%2Fv2%2Fcomments&post=401"}],"version-history":[{"count":21,"href":"https:\/\/lbti.ibcp.fr\/index.php?rest_route=\/wp\/v2\/pages\/401\/revisions"}],"predecessor-version":[{"id":2181,"href":"https:\/\/lbti.ibcp.fr\/index.php?rest_route=\/wp\/v2\/pages\/401\/revisions\/2181"}],"wp:attachment":[{"href":"https:\/\/lbti.ibcp.fr\/index.php?rest_route=%2Fwp%2Fv2%2Fmedia&parent=401"}],"curies":[{"name":"wp","href":"https:\/\/api.w.org\/{rel}","templated":true}]}}