{"id":364,"date":"2017-01-18T15:51:03","date_gmt":"2017-01-18T14:51:03","guid":{"rendered":"http:\/\/lbti.cnrs.fr\/?page_id=364"},"modified":"2021-01-14T12:47:47","modified_gmt":"2021-01-14T11:47:47","slug":"liste_equipe_fdtc","status":"publish","type":"page","link":"https:\/\/lbti.ibcp.fr\/?page_id=364","title":{"rendered":"Membres de l&rsquo;\u00e9quipe \u00ab\u00a0Int\u00e9grit\u00e9 Fonctionnelle du Tissu Cutan\u00e9\u00a0\u00bb"},"content":{"rendered":"<p><script type='text\/javascript' language='javascript' class='init'> \njQuery(document).ready(function() { \njQuery('#demo').DataTable({ \n'info': true, \n'paging': false, \n'pageLength': 100, \n'pagingType': 'simple', \n'bLengthChange': true, \n'ordering': true, \n'order': [0,'asc'], \n'searching': true, \n} ); \njQuery('#demo_wrapper select').prepend('<option value=100>S\u00e9lectionner<\/option>').val('');} ); \n<\/script><br \/>\n<table id=\"demo\"><thead>\n    <tr>\n    <th>Nom,Pr\u00e9nom<\/th>\n    <th>T\u00e9l\u00e9phone<\/th>\n    <th>Statut<\/th>\n    <th>Courriel<\/th>\n    <\/tr>\n    <\/thead>\n    <tfoot>\n    <tr>\n    <th>Nom,Pr\u00e9nom<\/th>\n    <th>T\u00e9l\u00e9phone<\/th>\n    <th>Statut<\/th>\n    <th>Courriel<\/th>\n    <\/tr>\n    <\/tfoot>\n    <tbody><tr><td><a href='https:\/\/lbti.ibcp.fr\/?page_id=1586&nom=AIMOND&prenom=G\u00e9raldine'>AIMOND G\u00e9raldine<\/a><\/td><td>+33(0)4-37-65-29-09<\/td><td>Ing\u00e9nieur d'\u00e9tudes<\/td><td>geraldine.aimond@univ-lyon1.fr<\/td><\/tr><tr><td><a href='https:\/\/lbti.ibcp.fr\/?page_id=1586&nom=AVERTY&prenom=Laetitia'>AVERTY Laetitia<\/a><\/td><td>+33(0)4-72-72-26-92<\/td><td><\/td><td>laetitia.averty@ibcp.fr<\/td><\/tr><tr><td><a href='https:\/\/lbti.ibcp.fr\/?page_id=1586&nom=BAUDOT&prenom=Benoit'>BAUDOT Benoit<\/a><\/td><td>+33(0)4-37-65-29-38<\/td><td>Stagiaire<\/td><td>benoit.baudot@ibcp.fr<\/td><\/tr><tr><td><a href='https:\/\/lbti.ibcp.fr\/?page_id=1586&nom=BONOD&prenom=Christelle'>BONOD Christelle<\/a><\/td><td>+33(0)4-72-72-26-92<\/td><td>Ma\u00eetre de conf\u00e9rences<\/td><td>christelle.bonod@univ-lyon1.fr<\/td><\/tr><tr><td><a href='https:\/\/lbti.ibcp.fr\/?page_id=1586&nom=CALENDER&prenom=Alain'>CALENDER Alain<\/a><\/td><td>+33(0)4-72-72-26-66<\/td><td>Professeur universitaire - Praticien hospitalier<\/td><td>alain.calender@ibcp.fr<\/td><\/tr><tr><td><a href='https:\/\/lbti.ibcp.fr\/?page_id=1586&nom=CASSULINO&prenom=Lea'>CASSULINO Lea<\/a><\/td><td>+33(0)4-37-65-29-09<\/td><td>Contractuel \u00e0 dur\u00e9e d\u00e9termin\u00e9e<\/td><td>lea.cassulino@ibcp.fr<\/td><\/tr><tr><td><a href='https:\/\/lbti.ibcp.fr\/?page_id=1586&nom=CORNEBISE&prenom=Clarisse'>CORNEBISE Clarisse<\/a><\/td><td>+33(0)4-37-65-29-09<\/td><td>Contractuel \u00e0 dur\u00e9e d\u00e9termin\u00e9e<\/td><td>clarisse.cornebise@ibcp.fr<\/td><\/tr><tr><td><a href='https:\/\/lbti.ibcp.fr\/?page_id=1586&nom=COUTURIER&prenom=Axel'>COUTURIER Axel<\/a><\/td><td>+33(0)4-72-72-26-14<\/td><td>Doctorant<\/td><td>axel.couturier@cnrs.fr<\/td><\/tr><tr><td><a href='https:\/\/lbti.ibcp.fr\/?page_id=1586&nom=DENIS&prenom=Stephanie'>DENIS Stephanie<\/a><\/td><td>+33(0)4-72-72-26-74<\/td><td>Assistant ing\u00e9nieur<\/td><td>stephanie.denis@ibcp.fr<\/td><\/tr><tr><td><a href='https:\/\/lbti.ibcp.fr\/?page_id=1586&nom=DENOYER&prenom=Alexandre'>DENOYER Alexandre<\/a><\/td><td>+33(0)4-37-65-29-56<\/td><td><\/td><td>alexandre.denoyer@chu-lyon.fr<\/td><\/tr><tr><td><a href='https:\/\/lbti.ibcp.fr\/?page_id=1586&nom=DERAIN&prenom=Laurence'>DERAIN Laurence<\/a><\/td><td>+33(0)4-72-72-26-86<\/td><td><\/td><td>laurence.derain@chu-lyon.fr<\/td><\/tr><tr><td><a href='https:\/\/lbti.ibcp.fr\/?page_id=1586&nom=EVENOU&prenom=Camille'>EVENOU Camille<\/a><\/td><td>+33(0)4-72-72-26-66<\/td><td>Contractuel \u00e0 dur\u00e9e d\u00e9termin\u00e9e<\/td><td>camille.evenou@ibcp.fr<\/td><\/tr><tr><td><a href='https:\/\/lbti.ibcp.fr\/?page_id=1586&nom=FOURNIER&prenom=Alexia'>FOURNIER Alexia<\/a><\/td><td>+33(0)4-37-65-29-09<\/td><td>Contractuel \u00e0 dur\u00e9e d\u00e9termin\u00e9e<\/td><td>alexia.fournier@ibcp.fr<\/td><\/tr><tr><td><a href='https:\/\/lbti.ibcp.fr\/?page_id=1586&nom=FROMY&prenom=B\u00e9reng\u00e8re'>FROMY B\u00e9reng\u00e8re<\/a><\/td><td>+33(0)4-72-72-26-86<\/td><td>Directeur de recherches<\/td><td>berengere.fromy@cnrs.fr<\/td><\/tr><tr><td><a href='https:\/\/lbti.ibcp.fr\/?page_id=1586&nom=GROSS-AMAT&prenom=Olivia'>GROSS-AMAT Olivia<\/a><\/td><td>+33(0)4-72-72-26-74<\/td><td>Contractuel \u00e0 dur\u00e9e d\u00e9termin\u00e9e<\/td><td>olivia.gross-amat@ibcp.fr<\/td><\/tr><tr><td><a href='https:\/\/lbti.ibcp.fr\/?page_id=1586&nom=JOBEILI&prenom=Lara'>JOBEILI Lara<\/a><\/td><td>+33(0)4-37-65-29-09<\/td><td>Contractuel \u00e0 dur\u00e9e d\u00e9termin\u00e9e<\/td><td>lara.jobeili@cnrs.fr<\/td><\/tr><tr><td><a href='https:\/\/lbti.ibcp.fr\/?page_id=1586&nom=JOSSET-LAMAUGARNY&prenom=Audrey'>JOSSET-LAMAUGARNY Audrey<\/a><\/td><td>+33(0)4-72-72-26-92<\/td><td>Adjoint technique<\/td><td>audrey.josset-lamaugarny@ibcp.fr<\/td><\/tr><tr><td><a href='https:\/\/lbti.ibcp.fr\/?page_id=1586&nom=LAFARGE&prenom=Lisa'>LAFARGE Lisa<\/a><\/td><td>+33(0)4-37-65-29-38<\/td><td>Doctorant<\/td><td>lisa.lafarge@ibcp.fr<\/td><\/tr><tr><td><a href='https:\/\/lbti.ibcp.fr\/?page_id=1586&nom=LAMARTINE&prenom=J\u00e9r\u00f4me'>LAMARTINE J\u00e9r\u00f4me<\/a><\/td><td>+33(0)4-72-72-26-66<\/td><td>Professeur<\/td><td>jerome.lamartine@univ-lyon1.fr<\/td><\/tr><tr><td><a href='https:\/\/lbti.ibcp.fr\/?page_id=1586&nom=LIU&prenom=Kiaoling'>LIU Kiaoling<\/a><\/td><td>+33(0)4-72-72-26-14<\/td><td>Ma\u00eetre de conf\u00e9rences<\/td><td>kiaoling.liu-lo@univ-lyon1.fr<\/td><\/tr><tr><td><a href='https:\/\/lbti.ibcp.fr\/?page_id=1586&nom=LO&prenom=Ming'>LO Ming<\/a><\/td><td>+33(0)4-72-72-26-14<\/td><td>Ma\u00eetre de conf\u00e9rences<\/td><td>ming.lo@univ-lyon1.fr<\/td><\/tr><tr><td><a href='https:\/\/lbti.ibcp.fr\/?page_id=1586&nom=NGUYEN VAN&prenom=Chloe'>NGUYEN VAN Chloe<\/a><\/td><td>+33(0)4-72-72-26-66<\/td><td>Doctorant<\/td><td>chloe.nguyen-van@ibcp.fr<\/td><\/tr><tr><td><a href='https:\/\/lbti.ibcp.fr\/?page_id=1586&nom=PICARD&prenom=Nicolas'>PICARD Nicolas<\/a><\/td><td>+33(0)4-72-72-26-92<\/td><td>Charg\u00e9 de recherches<\/td><td>nicolas.picard@cnrs.fr<\/td><\/tr><tr><td><a href='https:\/\/lbti.ibcp.fr\/?page_id=1586&nom=RICOL&prenom=Meline'>RICOL Meline<\/a><\/td><td>+33(0)4-37-65-29-38<\/td><td>Doctorant<\/td><td>meline.ricol@ibcp.fr<\/td><\/tr><tr><td><a href='https:\/\/lbti.ibcp.fr\/?page_id=1586&nom=SEE&prenom=Violaine'>SEE Violaine<\/a><\/td><td>04-37-65-29-38<\/td><td><\/td><td>violaine.see@univ-lyon1.fr<\/td><\/tr><tr><td><a href='https:\/\/lbti.ibcp.fr\/?page_id=1586&nom=SIGAUDO-ROUSSEL&prenom=Dominique'>SIGAUDO-ROUSSEL Dominique<\/a><\/td><td>+33(0)4-37-65-29-34<\/td><td>Directeur de recherches<\/td><td>dominique.sigaudo-roussel@cnrs.fr<\/td><\/tr><tr><td><a href='https:\/\/lbti.ibcp.fr\/?page_id=1586&nom=VIAL&prenom=Jocelyne'>VIAL Jocelyne<\/a><\/td><td>+33(0)4-72-72-26-92<\/td><td>Adjoint<\/td><td>jocelyne.vial@univ-lyon1.fr<\/td><\/tr><\/tbody><\/table><\/p>\n","protected":false},"excerpt":{"rendered":"","protected":false},"author":2,"featured_media":0,"parent":105,"menu_order":0,"comment_status":"closed","ping_status":"closed","template":"","meta":{"_acf_changed":false,"footnotes":""},"class_list":["post-364","page","type-page","status-publish","hentry"],"acf":[],"_links":{"self":[{"href":"https:\/\/lbti.ibcp.fr\/index.php?rest_route=\/wp\/v2\/pages\/364","targetHints":{"allow":["GET"]}}],"collection":[{"href":"https:\/\/lbti.ibcp.fr\/index.php?rest_route=\/wp\/v2\/pages"}],"about":[{"href":"https:\/\/lbti.ibcp.fr\/index.php?rest_route=\/wp\/v2\/types\/page"}],"author":[{"embeddable":true,"href":"https:\/\/lbti.ibcp.fr\/index.php?rest_route=\/wp\/v2\/users\/2"}],"replies":[{"embeddable":true,"href":"https:\/\/lbti.ibcp.fr\/index.php?rest_route=%2Fwp%2Fv2%2Fcomments&post=364"}],"version-history":[{"count":17,"href":"https:\/\/lbti.ibcp.fr\/index.php?rest_route=\/wp\/v2\/pages\/364\/revisions"}],"predecessor-version":[{"id":4272,"href":"https:\/\/lbti.ibcp.fr\/index.php?rest_route=\/wp\/v2\/pages\/364\/revisions\/4272"}],"up":[{"embeddable":true,"href":"https:\/\/lbti.ibcp.fr\/index.php?rest_route=\/wp\/v2\/pages\/105"}],"wp:attachment":[{"href":"https:\/\/lbti.ibcp.fr\/index.php?rest_route=%2Fwp%2Fv2%2Fmedia&parent=364"}],"curies":[{"name":"wp","href":"https:\/\/api.w.org\/{rel}","templated":true}]}}