{"id":356,"date":"2017-01-18T15:48:46","date_gmt":"2017-01-18T14:48:46","guid":{"rendered":"http:\/\/lbti.cnrs.fr\/?page_id=356"},"modified":"2021-01-17T17:24:40","modified_gmt":"2021-01-17T16:24:40","slug":"proprietes-mecaniques-du-tissu-cutane-5","status":"publish","type":"page","link":"https:\/\/lbti.ibcp.fr\/?page_id=356","title":{"rendered":"Expertises de l&rsquo;\u00e9quipe"},"content":{"rendered":"<p>Nous souhaitons pr\u00e9senter ici quelques expertises scientifiques et techniques de notre \u00e9quipe, qui n&rsquo;apparaissent pas forc\u00e9ment de fa\u00e7on \u00e9vidente dans les projets pr\u00e9sent\u00e9s dans les 4 axes de recherche.<\/p>\n<p><strong>Evaluation de la fonctionnalit\u00e9 vasculaire. Experts : Ming Lo et Kiaoling Liu Lo<br \/>\n<\/strong><\/p>\n<p>Une perfusion sanguine ad\u00e9quate \u00e0 la peau est non seulement indispensable au fonctionnement normal du tissu cutan\u00e9, mais joue \u00e9galement un r\u00f4le important dans la r\u00e9paration tissulaire apr\u00e8s l\u00e9sion cutan\u00e9e.<\/p>\n<p>De plus, la peau n\u2019est plus consid\u00e9r\u00e9e comme une simple barri\u00e8re anatomique, mais un organe cible s\u2019associant \u00e0 des alt\u00e9rations des organes profonds dans des conditions pathologiques.<\/p>\n<p>Nous r\u00e9alisons des mesures non-invasive et invasives de r\u00e9activit\u00e9 des vaisseaux sanguins de petits calibres en conditions physiologiques et physiopathologiques. Nous nous int\u00e9ressons \u00e0 la r\u00e9gulation h\u00e9modynamique par diff\u00e9rents facteurs paracrines ou hormonaux impliqu\u00e9s dans la r\u00e9paration tissulaire cutan\u00e9e et vasculaire.<\/p>\n<p>La m\u00e9thode du myographe permet d\u2019\u00e9valuer la r\u00e9activit\u00e9 vasculaire \u00e0 diff\u00e9rentes substances vasoactives <em>in<\/em> <em>ex-vivo<\/em> sur des vaisseaux de diff\u00e9rentes tailles (100 \u2013 3000 \u00b5m de diam\u00e8tre interne).<\/p>\n<p><img fetchpriority=\"high\" decoding=\"async\" class=\" wp-image-1563 aligncenter\" src=\"https:\/\/lbti.ibcp.fr\/wp-content\/uploads\/2017\/01\/ming.png\" alt=\"\" width=\"566\" height=\"363\" \/><\/p>\n","protected":false},"excerpt":{"rendered":"<p>Nous souhaitons pr\u00e9senter ici quelques expertises scientifiques et techniques de notre \u00e9quipe, qui n&rsquo;apparaissent pas forc\u00e9ment de fa\u00e7on \u00e9vidente dans les projets pr\u00e9sent\u00e9s dans les 4 axes de recherche. Evaluation de la fonctionnalit\u00e9 vasculaire. Experts : Ming Lo et Kiaoling Liu Lo Une perfusion sanguine ad\u00e9quate \u00e0 la peau est non seulement indispensable au fonctionnement<\/p>\n","protected":false},"author":2,"featured_media":0,"parent":105,"menu_order":0,"comment_status":"closed","ping_status":"closed","template":"","meta":{"_acf_changed":false,"footnotes":""},"class_list":["post-356","page","type-page","status-publish","hentry"],"acf":[],"_links":{"self":[{"href":"https:\/\/lbti.ibcp.fr\/index.php?rest_route=\/wp\/v2\/pages\/356","targetHints":{"allow":["GET"]}}],"collection":[{"href":"https:\/\/lbti.ibcp.fr\/index.php?rest_route=\/wp\/v2\/pages"}],"about":[{"href":"https:\/\/lbti.ibcp.fr\/index.php?rest_route=\/wp\/v2\/types\/page"}],"author":[{"embeddable":true,"href":"https:\/\/lbti.ibcp.fr\/index.php?rest_route=\/wp\/v2\/users\/2"}],"replies":[{"embeddable":true,"href":"https:\/\/lbti.ibcp.fr\/index.php?rest_route=%2Fwp%2Fv2%2Fcomments&post=356"}],"version-history":[{"count":7,"href":"https:\/\/lbti.ibcp.fr\/index.php?rest_route=\/wp\/v2\/pages\/356\/revisions"}],"predecessor-version":[{"id":4360,"href":"https:\/\/lbti.ibcp.fr\/index.php?rest_route=\/wp\/v2\/pages\/356\/revisions\/4360"}],"up":[{"embeddable":true,"href":"https:\/\/lbti.ibcp.fr\/index.php?rest_route=\/wp\/v2\/pages\/105"}],"wp:attachment":[{"href":"https:\/\/lbti.ibcp.fr\/index.php?rest_route=%2Fwp%2Fv2%2Fmedia&parent=356"}],"curies":[{"name":"wp","href":"https:\/\/api.w.org\/{rel}","templated":true}]}}