{"id":355,"date":"2017-01-18T15:47:56","date_gmt":"2017-01-18T14:47:56","guid":{"rendered":"http:\/\/lbti.cnrs.fr\/?page_id=355"},"modified":"2021-02-23T08:59:43","modified_gmt":"2021-02-23T07:59:43","slug":"proprietes-mecaniques-du-tissu-cutane-4","status":"publish","type":"page","link":"https:\/\/lbti.ibcp.fr\/?page_id=355","title":{"rendered":"AXE 4 : Strat\u00e9gies th\u00e9rapeutiques pour am\u00e9liorer la fonctionnalit\u00e9 de la peau fragilis\u00e9e"},"content":{"rendered":"\n<p class=\"has-vivid-cyan-blue-color has-text-color\"><strong>Projet 4.1 R\u00e9paration et fonctionnalit\u00e9 de la peau dans le contexte de d\u00e9sordres m\u00e9taboliques (diab\u00e8te &amp; ob\u00e9sit\u00e9). Chefs de projet : C. Bonod et D. Sigaudo-Roussel<\/strong><\/p>\n\n\n\n<p>Le diab\u00e8te est un probl\u00e8me majeur de sant\u00e9 publique avec environ 350 millions d\u2019individus atteints dans le monde. Les diab\u00e9tiques pr\u00e9sentent un risque accru de d\u00e9velopper des plaies chroniques, le plus souvent au niveau du pied pouvant mener \u00e0 l\u2019amputation. Les causes de ce d\u00e9faut de cicatrisation sont encore mal connues.<strong> <\/strong><\/p>\n\n\n\n<p>Dans ce cadre, nous d\u00e9veloppons un projet portant sur l\u2019\u00e9tude des m\u00e9canismes de r\u00e9paration et de fonctionnalit\u00e9 de la peau dans des conditions pathologiques li\u00e9es \u00e0 des d\u00e9sordres m\u00e9taboliques (diab\u00e8te et\/ou ob\u00e9sit\u00e9). Le but de ce travail est d\u2019\u00e9tudier le processus de cicatrisation de la peau <em>in vitro<\/em> sur des cellules en culture et <em>in vivo<\/em> chez la souris suite \u00e0 des l\u00e9sions hypoxiques et isch\u00e9miques chez des souris diab\u00e9tiques. L\u2019objectif est de d\u00e9terminer le d\u00e9lai de cicatrisation et la qualit\u00e9 du tissu cicatris\u00e9 mais \u00e9galement de montrer quelles sont les m\u00e9canismes mol\u00e9culaires et les voies de signalisation impliqu\u00e9s dans le but de mieux comprendre les plaies du diab\u00e9tique au niveau tissulaire, cellulaire et mol\u00e9culaire.<\/p>\n\n\n\n<div class=\"wp-block-image\"><figure class=\"aligncenter size-large is-resized\"><img fetchpriority=\"high\" decoding=\"async\" src=\"https:\/\/lbti.ibcp.fr\/wp-content\/uploads\/2021\/02\/Figure-projet-CBB-Franc\u0327ais-1024x476.jpg\" alt=\"\" class=\"wp-image-4443\" width=\"538\" height=\"249\" srcset=\"https:\/\/lbti.ibcp.fr\/wp-content\/uploads\/2021\/02\/Figure-projet-CBB-Franc\u0327ais-1024x476.jpg 1024w, https:\/\/lbti.ibcp.fr\/wp-content\/uploads\/2021\/02\/Figure-projet-CBB-Franc\u0327ais-300x139.jpg 300w, https:\/\/lbti.ibcp.fr\/wp-content\/uploads\/2021\/02\/Figure-projet-CBB-Franc\u0327ais-768x357.jpg 768w, https:\/\/lbti.ibcp.fr\/wp-content\/uploads\/2021\/02\/Figure-projet-CBB-Franc\u0327ais.jpg 1214w\" sizes=\"(max-width: 538px) 100vw, 538px\" \/><figcaption>Etude des m\u00e9canismes de r\u00e9paration et de fonctionnalit\u00e9 de la peau dans des conditions pathologiques li\u00e9es \u00e0 des d\u00e9sordres m\u00e9taboliques (diab\u00e8te et\/ou ob\u00e9sit\u00e9)<\/figcaption><\/figure><\/div>\n\n\n\n<p class=\"has-vivid-cyan-blue-color has-text-color\"><strong>Projet 4.2 Analogues de PGI2 et plaies induites par pression dans le contexte du diab\u00e8te et de l\u2019ob\u00e9sit\u00e9. Chefs de projet : B. Fromy et D. Sigaudo-Roussel<\/strong><\/p>\n\n\n\n<p>Il y a de plus en plus de preuves que la voie de la prostacycline (PGI2 &#8211; un autre vasodilatateur puissant produit par les cellules endoth\u00e9liales que le NO), est d\u00e9r\u00e9gul\u00e9e dans le diab\u00e8te. Outre son effet vasodilatateur, la PGI2 contribue \u00e0 l&rsquo;angiogen\u00e8se et \u00e0 la r\u00e9paration tissulaire, par des voies comprenant la signalisation de facteurs de croissance (VEGF). Nous \u00e9mettons donc l&rsquo;hypoth\u00e8se qu&rsquo;une alt\u00e9ration de la voie PGI2 dans la peau est impliqu\u00e9e dans la physiopathologie des ulc\u00e8res du pied diab\u00e9tique.<\/p>\n\n\n\n<p>Ce projet vise 1) \u00e0 explorer les alt\u00e9rations de la voie PGI2 dans la peau de mod\u00e8les murins d&rsquo;ulc\u00e8res li\u00e9s au diab\u00e8te et 2) \u00e0 d\u00e9terminer si cibler la voie PGI2 en combinant son effet pharmacologique \u00e0 l&rsquo;effet courant (figure) peut apporter un traitement pour les ulc\u00e8res du pied diab\u00e9tique.<\/p>\n\n\n\n<div class=\"wp-block-image\"><figure class=\"aligncenter size-large is-resized\"><img decoding=\"async\" src=\"https:\/\/lbti.ibcp.fr\/wp-content\/uploads\/2021\/02\/Figure-projet-4.2-Franc\u0327ais-1.jpg\" alt=\"\" class=\"wp-image-4453\" width=\"243\" height=\"287\"\/><figcaption>Voie de signalisation propos\u00e9e pour la vasodilatation induite par le courant cathodal (CIV) dans la peau saine<\/figcaption><\/figure><\/div>\n","protected":false},"excerpt":{"rendered":"<p>Projet 4.1 R\u00e9paration et fonctionnalit\u00e9 de la peau dans le contexte de d\u00e9sordres m\u00e9taboliques (diab\u00e8te &amp; ob\u00e9sit\u00e9). Chefs de projet : C. Bonod et D. Sigaudo-Roussel Le diab\u00e8te est un probl\u00e8me majeur de sant\u00e9 publique avec environ 350 millions d\u2019individus atteints dans le monde. Les diab\u00e9tiques pr\u00e9sentent un risque accru de d\u00e9velopper des plaies chroniques,<\/p>\n","protected":false},"author":2,"featured_media":0,"parent":105,"menu_order":0,"comment_status":"closed","ping_status":"closed","template":"","meta":{"_acf_changed":false,"footnotes":""},"class_list":["post-355","page","type-page","status-publish","hentry"],"acf":[],"_links":{"self":[{"href":"https:\/\/lbti.ibcp.fr\/index.php?rest_route=\/wp\/v2\/pages\/355","targetHints":{"allow":["GET"]}}],"collection":[{"href":"https:\/\/lbti.ibcp.fr\/index.php?rest_route=\/wp\/v2\/pages"}],"about":[{"href":"https:\/\/lbti.ibcp.fr\/index.php?rest_route=\/wp\/v2\/types\/page"}],"author":[{"embeddable":true,"href":"https:\/\/lbti.ibcp.fr\/index.php?rest_route=\/wp\/v2\/users\/2"}],"replies":[{"embeddable":true,"href":"https:\/\/lbti.ibcp.fr\/index.php?rest_route=%2Fwp%2Fv2%2Fcomments&post=355"}],"version-history":[{"count":17,"href":"https:\/\/lbti.ibcp.fr\/index.php?rest_route=\/wp\/v2\/pages\/355\/revisions"}],"predecessor-version":[{"id":4455,"href":"https:\/\/lbti.ibcp.fr\/index.php?rest_route=\/wp\/v2\/pages\/355\/revisions\/4455"}],"up":[{"embeddable":true,"href":"https:\/\/lbti.ibcp.fr\/index.php?rest_route=\/wp\/v2\/pages\/105"}],"wp:attachment":[{"href":"https:\/\/lbti.ibcp.fr\/index.php?rest_route=%2Fwp%2Fv2%2Fmedia&parent=355"}],"curies":[{"name":"wp","href":"https:\/\/api.w.org\/{rel}","templated":true}]}}