{"id":354,"date":"2017-01-18T15:45:42","date_gmt":"2017-01-18T14:45:42","guid":{"rendered":"http:\/\/lbti.cnrs.fr\/?page_id=354"},"modified":"2021-02-27T16:48:51","modified_gmt":"2021-02-27T15:48:51","slug":"proprietes-mecaniques-du-tissu-cutane-3","status":"publish","type":"page","link":"https:\/\/lbti.ibcp.fr\/?page_id=354","title":{"rendered":"AXE 3 : Identification d&rsquo;indicateurs de fragilit\u00e9 cutan\u00e9e"},"content":{"rendered":"\n<p class=\"has-vivid-cyan-blue-color has-text-color\"><strong>Projet 3A. Signature mol\u00e9culaire des effets tardifs s\u00e9v\u00e8res de la radioth\u00e9rapie. Responsable du projet : J. Lamartine<\/strong><\/p>\n\n\n\n<p>La peau est une cible directe des stress environnementaux. La sensibilit\u00e9 cutan\u00e9e au stress varie \u00e9norm\u00e9ment d\u2019un individu \u00e0 l\u2019autre. L\u2019identification des individus hypersensibles aux radiations ionisantes est un enjeu majeur pour pr\u00e9venir les effets secondaires de la radioth\u00e9rapie.&nbsp; Nous \u00e9tablissons une signature mol\u00e9culaire et \u00e9pig\u00e9n\u00e9tique de la radiosensibilit\u00e9 cutan\u00e9e aux radiations \u00e0 partir de fibroblastes de patients ayant montr\u00e9s des s\u00e9quelles tardives de radioth\u00e9rapie. Nous voulons \u00e9galement mieux comprendre les bases m\u00e9canistiques de cette radiosensibilit\u00e9 et proposer des strat\u00e9gies de d\u00e9pistage des individus \u00e0 risque. Cette approche peut \u00eatre propos\u00e9e pour d\u2019autres stress environnementaux&nbsp;: stress climatiques, pollution de l\u2019air, lumi\u00e8re visible, polluants chimiques, radiofr\u00e9quences.<\/p>\n\n\n\n<p><strong>Publications r\u00e9centes de l&rsquo;\u00e9quipe sur ce th\u00e8me :<\/strong><\/p>\n\n\n\n<p>&#8211; Dulong J, Kouakou C, Mesloub Y, Rorteau J, Moratille S, Chevalier F, Vinasco-Sandoval T, Martin MT, Lamartine J. NFATC2 modulates radiation sensitivity in dermal fibroblasts from patients with severe side-effects of radiotherapy. Front Oncol. 2020 Dec 16; 10:589168.<\/p>\n\n\n\n<p>&#8211; Vulin A, Sedkaoui M, Sevenet N, Moratille S, Soularue P, Rigaud O, Guibbal L, Dulong J, Jeggo P, Deleuze JF, Lamartine J, Martin MT. Severe PTCH1 expression deficiency in cancer-prone Gorlin cells results in intrinsic radiosensitivity. Int J Radiat Oncol Biol Phys. 2018 Oct 1;102(2):417-425<\/p>\n\n\n\n<div class=\"wp-block-image\"><figure class=\"alignleft size-large is-resized\"><img fetchpriority=\"high\" decoding=\"async\" src=\"https:\/\/lbti.ibcp.fr\/wp-content\/uploads\/2021\/01\/Image-foci-H2AX.png\" alt=\"\" class=\"wp-image-4367\" width=\"699\" height=\"434\"\/><figcaption>Marquage des cassures de l&rsquo;ADN (en vert) <br>dans des fibroblastes de peau apr\u00e8s irradiation<\/figcaption><\/figure><\/div>\n\n\n\n<p><\/p>\n\n\n\n<p class=\"has-vivid-cyan-blue-color has-text-color\"><strong>Projet 3B. Alt\u00e9ration neurovasculaire cutan\u00e9e et risque d&rsquo;escarres chez les patients parapl\u00e9giques et diab\u00e9tiques. Chefs de projet: B. Fromy &amp; D. Sigaudo-Roussel<\/strong><\/p>\n\n\n\n<p>Les escarres et leur traitement repr\u00e9sentent l&rsquo;un des probl\u00e8mes cliniques les plus difficiles auxquels sont confront\u00e9s les patients \u00e2g\u00e9s, diab\u00e9tiques, atteints de troubles neurologiques ou souffrant d&rsquo;une l\u00e9sion m\u00e9dullaire chronique (parapl\u00e9gie). Nous avons pr\u00e9c\u00e9demment montr\u00e9 que la neuropathie sensorielle p\u00e9riph\u00e9rique est associ\u00e9e \u00e0 l\u2019incidence et la s\u00e9v\u00e9rit\u00e9 des escarres (Gaubert et al. 2013) et \u00e0 une aggravation des atteintes de la r\u00e9ponse vasculaire \u00e0 la pression dans le diab\u00e8te (Demiot et al.2006) et le vieillissement (Fromy et al. 2010).<\/p>\n\n\n\n<p>Sur la base de nos r\u00e9sultats (Fromy et al. 2012, figure), nous \u00e9mettons l&rsquo;hypoth\u00e8se que les capacit\u00e9s neurovasculaires de la microcirculation cutan\u00e9e sont abolies en territoire paralys\u00e9 (risque \u00e9lev\u00e9 d\u2019escarres) et conserv\u00e9es en territoire non paralys\u00e9 chez le patient parapl\u00e9gique complet. Aucune \u00e9tude n&rsquo;a \u00e9t\u00e9 r\u00e9alis\u00e9e pour le d\u00e9montrer \u00e0 ce jour. Notre objectif est d&rsquo;\u00e9tudier cette hypoth\u00e8se chez les patients parapl\u00e9giques et d&rsquo;\u00e9valuer si les alt\u00e9rations neurovasculaires cutan\u00e9es seront corr\u00e9l\u00e9es au risque d\u2019escarres (\u00e9valu\u00e9 par une \u00e9chelle de risque clinique standard).<\/p>\n\n\n\n<p>Une \u00e9tude pilote (Vouillarmet et al. 2019) a r\u00e9v\u00e9l\u00e9 qu&rsquo;une alt\u00e9ration prononc\u00e9e de la r\u00e9ponse neurovasculaire \u00e0 la pression chez les patients diab\u00e9tiques atteints d&rsquo;ulc\u00e8re du pied est un bon marqueur de vuln\u00e9rabilit\u00e9 cutan\u00e9e et pourrait \u00eatre utilis\u00e9e pour mieux pr\u00e9dire les individus \u00e0 risque d\u2019escarres. Nous poursuivons actuellement cette \u00e9tude pour valider cette hypoth\u00e8se par un suivi de 3 ans de patients diab\u00e9tiques sans ant\u00e9c\u00e9dent de d&rsquo;ulc\u00e8re du pied diab\u00e9tique au moment du recrutement et corr\u00e9lant la r\u00e9ponse neurovasculaire \u00e0 la survenue d&rsquo;un ulc\u00e8re du pied.<\/p>\n\n\n\n<div class=\"wp-block-image\"><figure class=\"aligncenter size-large is-resized\"><img decoding=\"async\" src=\"https:\/\/lbti.ibcp.fr\/wp-content\/uploads\/2021\/02\/fig-FR-project-3b.jpg\" alt=\"\" class=\"wp-image-4502\" width=\"480\" height=\"387\"\/><figcaption>Sch\u00e9ma illustrant la r\u00e9ponse microvasculaire \u00e0 une pression locale non douloureuse appliqu\u00e9e sur la peau<\/figcaption><\/figure><\/div>\n\n\n\n<p><strong>Publications de l\u2019\u00e9quipe sur ce th\u00e8me :<\/strong><\/p>\n\n\n\n<p>Vouillarmet J, Josset-Lamaugarny A, Michon P, Saumet JL, Koitka-Weber A, Henni S, Fromy B, Sigaudo-Roussel D. Neurovascular response to pressure in patients with diabetic foot ulcer. Diabetes 2019&nbsp;; 68(4):832-836.<\/p>\n\n\n\n<p>Gaubert-Dahan ML, Castro-Lionard K, Blanchon MA, Fromy B. Severe sensory neuropathy increases heel pressure ulcer risk in older adults. J Am Geriatr Soc 2013; 61(11): 2050-2052<\/p>\n\n\n\n<p>Fromy B, Lingueglia E, Sigaudo-Roussel D, Saumet JL, Lazdunski M. Asic3 is a neuronal mechanosensor for pressure-induced vasodilation that protects against pressure ulcers. Nature Medicine 2012&nbsp;; 18: 1205-1207.<\/p>\n","protected":false},"excerpt":{"rendered":"<p>Projet 3A. Signature mol\u00e9culaire des effets tardifs s\u00e9v\u00e8res de la radioth\u00e9rapie. Responsable du projet : J. Lamartine La peau est une cible directe des stress environnementaux. La sensibilit\u00e9 cutan\u00e9e au stress varie \u00e9norm\u00e9ment d\u2019un individu \u00e0 l\u2019autre. L\u2019identification des individus hypersensibles aux radiations ionisantes est un enjeu majeur pour pr\u00e9venir les effets secondaires de la<\/p>\n","protected":false},"author":2,"featured_media":0,"parent":105,"menu_order":0,"comment_status":"closed","ping_status":"closed","template":"","meta":{"_acf_changed":false,"footnotes":""},"class_list":["post-354","page","type-page","status-publish","hentry"],"acf":[],"_links":{"self":[{"href":"https:\/\/lbti.ibcp.fr\/index.php?rest_route=\/wp\/v2\/pages\/354","targetHints":{"allow":["GET"]}}],"collection":[{"href":"https:\/\/lbti.ibcp.fr\/index.php?rest_route=\/wp\/v2\/pages"}],"about":[{"href":"https:\/\/lbti.ibcp.fr\/index.php?rest_route=\/wp\/v2\/types\/page"}],"author":[{"embeddable":true,"href":"https:\/\/lbti.ibcp.fr\/index.php?rest_route=\/wp\/v2\/users\/2"}],"replies":[{"embeddable":true,"href":"https:\/\/lbti.ibcp.fr\/index.php?rest_route=%2Fwp%2Fv2%2Fcomments&post=354"}],"version-history":[{"count":29,"href":"https:\/\/lbti.ibcp.fr\/index.php?rest_route=\/wp\/v2\/pages\/354\/revisions"}],"predecessor-version":[{"id":4503,"href":"https:\/\/lbti.ibcp.fr\/index.php?rest_route=\/wp\/v2\/pages\/354\/revisions\/4503"}],"up":[{"embeddable":true,"href":"https:\/\/lbti.ibcp.fr\/index.php?rest_route=\/wp\/v2\/pages\/105"}],"wp:attachment":[{"href":"https:\/\/lbti.ibcp.fr\/index.php?rest_route=%2Fwp%2Fv2%2Fmedia&parent=354"}],"curies":[{"name":"wp","href":"https:\/\/api.w.org\/{rel}","templated":true}]}}