{"id":347,"date":"2017-01-18T15:37:00","date_gmt":"2017-01-18T14:37:00","guid":{"rendered":"http:\/\/lbti.cnrs.fr\/?page_id=347"},"modified":"2021-02-24T20:42:57","modified_gmt":"2021-02-24T19:42:57","slug":"proprietes-mecaniques-du-tissu-cutane","status":"publish","type":"page","link":"https:\/\/lbti.ibcp.fr\/?page_id=347","title":{"rendered":"Axe 1 : maintien de la fonctionnalit\u00e9 de la peau saine"},"content":{"rendered":"\n<p>Notre principal objectif est de comprendre les m\u00e9canismes assurant la fonctionnalit\u00e9 tissulaire dans une peau normale et de caract\u00e9riser les changements en termes de dynamique et de fonctionnalit\u00e9 lorsque l&rsquo;hom\u00e9ostasie cutan\u00e9e est mise en p\u00e9ril par des signaux d\u00e9l\u00e9t\u00e8res dans une peau fragile, telle qu&rsquo;une peau \u00e2g\u00e9e.<\/p>\n\n\n\n<p class=\"has-vivid-cyan-blue-color has-text-color\"><strong>Projet 1A. R\u00f4le du k\u00e9ratinocyte comme senseur. Chefs de projet: B. Fromy &amp; F. Chevalier<\/strong><\/p>\n\n\n\n<p>Nous avons identifi\u00e9 le r\u00f4le cl\u00e9 du thermor\u00e9cepteur TRPV3 dans la thermor\u00e9gulation cutan\u00e9e vasculaire (Fromy et al. JID 2018). TRPV3 est un canal cationique abondamment exprim\u00e9 dans les k\u00e9ratinocytes qui est activ\u00e9 par la chaleur. Cependant, comment les cellules cutan\u00e9es exprimant TRPV3 communiquent avec les micro-vaisseaux cutan\u00e9s reste une question \u00e0 r\u00e9soudre. En outre, la modification de ce dialogue en cours du vieillissement et sa relation avec l\u2019alt\u00e9ration de la fonction cutan\u00e9e est une \u00e9tape majeure dans la pr\u00e9vention des probl\u00e8mes de sant\u00e9 li\u00e9s \u00e0 la chaleur chez les personnes \u00e2g\u00e9es.<\/p>\n\n\n\n<p>Ce projet vise 1) \u00e0 d\u00e9chiffrer les m\u00e9diateurs impliqu\u00e9s dans la communication entre les k\u00e9ratinocytes \u00e9pidermiques et les micro-vaisseaux dermiques apr\u00e8s activation du TRPV3 et 2) \u00e0 caract\u00e9riser comment cette communication est alt\u00e9r\u00e9e avec le vieillissement. Ce projet innovant, en se concentrant sur les k\u00e9ratinocytes en tant que capteur ou r\u00e9cepteur d&rsquo;interactions complexes avec d&rsquo;autres types de cellules cutan\u00e9es et structures cutan\u00e9es, mettra en lumi\u00e8re l&rsquo;importance des communications intercellulaires dans la peau et leur perturbation dans le tissu vieillissant.<\/p>\n\n\n<p><img fetchpriority=\"high\" decoding=\"async\" class=\"wp-image-4337 aligncenter\" src=\"https:\/\/lbti.ibcp.fr\/wp-content\/uploads\/2021\/01\/Image-Projet-1A.jpg\" alt=\"\" width=\"498\" height=\"246\"><\/p>\n\n\n<p class=\"has-small-font-size\">R\u00e9f\u00e9rence : <\/p>\n\n\n\n<p class=\"has-small-font-size\">Fromy B, Josset-Lamaugarny A, Aimond G, Pagnon-Minot A, Marics I, Tattersall GJ, Moqrich A*, Sigaudo-Roussel D*. Disruption of TRPV3 impairs heat-evoked vasodilation and thermoregulation: a critical role of CGRP. J Invest Dermatol. 2018; 138(3): 688-696.<\/p>\n\n\n\n<p class=\"has-vivid-cyan-blue-color has-text-color\"><strong>Projet 1B \u2013 Communication intercellulaire dans la peau\u00a0: dialogue fibroblastes-k\u00e9ratinocytes par les v\u00e9sicules extracellulaires. Chef de projet\u00a0: J. Lamartine<\/strong><\/p>\n\n\n\n<p>Le comportement et la survie des cellules eucaryotes d\u00e9pendent en grande partie de leur capacit\u00e9 \u00e0 communiquer entre elles. Dans la peau, organe complexe compos\u00e9 de multiples populations cellulaires, de nombreux dialogues cellules-cellules sont \u00e9tablis par des m\u00e9canismes vari\u00e9s de contact direct ou d\u2019interactions \u00e0 distance, notamment par des v\u00e9sicules extracellulaires (EVs) s\u00e9cr\u00e9t\u00e9es par certaines cellules et capt\u00e9es par d\u2019autres. Ces EVs sont de v\u00e9ritables cargos charg\u00e9s de mol\u00e9cules informatives. Dans ce projet, nous \u00e9tudions le dialogue entre les k\u00e9ratinocytes de l\u2019\u00e9piderme ainsi qu\u2019entre fibroblastes du derme et k\u00e9ratinocytes de l\u2019\u00e9piderme. Nous explorons l\u2019impact fonctionnel de ce dialogue et identifions les m\u00e9diateurs transmis via les v\u00e9sicules extracellulaires. Nous sommes particuli\u00e8rement int\u00e9ress\u00e9s par l\u2019effet du vieillissement des tissus sur le dialogue cellule-cellule et son impact sur la fonctionnalit\u00e9 de la peau \u00e2g\u00e9e. Ces travaux doivent nous permettre d\u2019identifier de nouveaux m\u00e9canismes contribuant \u00e0 maintenir la fonction barri\u00e8re de l\u2019\u00e9piderme, et la contribution du dialogue derme-\u00e9piderme dans cette fonction.<\/p>\n\n\n\n<div class=\"wp-block-image\"><figure class=\"aligncenter size-large is-resized\"><img decoding=\"async\" src=\"https:\/\/lbti.ibcp.fr\/wp-content\/uploads\/2021\/01\/figure-projet-1B.jpg\" alt=\"\" class=\"wp-image-4342\" width=\"583\" height=\"402\"\/><figcaption><br><em>Suivi de la capture de v\u00e9sicules extracellulaires (EVs) marqu\u00e9es en rouge par des k\u00e9ratinocytes de l\u2019\u00e9piderme humain<\/em><\/figcaption><\/figure><\/div>\n","protected":false},"excerpt":{"rendered":"<p>Notre principal objectif est de comprendre les m\u00e9canismes assurant la fonctionnalit\u00e9 tissulaire dans une peau normale et de caract\u00e9riser les changements en termes de dynamique et de fonctionnalit\u00e9 lorsque l&rsquo;hom\u00e9ostasie cutan\u00e9e est mise en p\u00e9ril par des signaux d\u00e9l\u00e9t\u00e8res dans une peau fragile, telle qu&rsquo;une peau \u00e2g\u00e9e. Projet 1A. R\u00f4le du k\u00e9ratinocyte comme senseur. Chefs<\/p>\n","protected":false},"author":2,"featured_media":0,"parent":105,"menu_order":0,"comment_status":"closed","ping_status":"closed","template":"","meta":{"_acf_changed":false,"footnotes":""},"class_list":["post-347","page","type-page","status-publish","hentry"],"acf":[],"_links":{"self":[{"href":"https:\/\/lbti.ibcp.fr\/index.php?rest_route=\/wp\/v2\/pages\/347","targetHints":{"allow":["GET"]}}],"collection":[{"href":"https:\/\/lbti.ibcp.fr\/index.php?rest_route=\/wp\/v2\/pages"}],"about":[{"href":"https:\/\/lbti.ibcp.fr\/index.php?rest_route=\/wp\/v2\/types\/page"}],"author":[{"embeddable":true,"href":"https:\/\/lbti.ibcp.fr\/index.php?rest_route=\/wp\/v2\/users\/2"}],"replies":[{"embeddable":true,"href":"https:\/\/lbti.ibcp.fr\/index.php?rest_route=%2Fwp%2Fv2%2Fcomments&post=347"}],"version-history":[{"count":15,"href":"https:\/\/lbti.ibcp.fr\/index.php?rest_route=\/wp\/v2\/pages\/347\/revisions"}],"predecessor-version":[{"id":4462,"href":"https:\/\/lbti.ibcp.fr\/index.php?rest_route=\/wp\/v2\/pages\/347\/revisions\/4462"}],"up":[{"embeddable":true,"href":"https:\/\/lbti.ibcp.fr\/index.php?rest_route=\/wp\/v2\/pages\/105"}],"wp:attachment":[{"href":"https:\/\/lbti.ibcp.fr\/index.php?rest_route=%2Fwp%2Fv2%2Fmedia&parent=347"}],"curies":[{"name":"wp","href":"https:\/\/api.w.org\/{rel}","templated":true}]}}