{"id":3011,"date":"2017-10-10T10:22:19","date_gmt":"2017-10-10T08:22:19","guid":{"rendered":"http:\/\/lbti.ibcp.fr\/?page_id=3011"},"modified":"2017-10-10T15:45:41","modified_gmt":"2017-10-10T13:45:41","slug":"mentions-legales-3","status":"publish","type":"page","link":"https:\/\/lbti.ibcp.fr\/?page_id=3011","title":{"rendered":"Mentions l\u00e9gales"},"content":{"rendered":"<header>\n<h1 class=\"entry-title\">Mentions l\u00e9gales<\/h1>\n<\/header>\n<div class=\"entry-content\">\n<p><strong>UMS 5305 \u2013 LBTI : Laboratoire de Biologie Tissulaire et d\u2019Ing\u00e9nierie Th\u00e9rapeutique<br \/>\n<\/strong><\/p>\n<p>Adresse :<br \/>\nLaboratoire de Biologie Tissulaire et d\u2019Ing\u00e9nierie Th\u00e9rapeutique (LBTI)<br \/>\nUMR 5305 CNRS &#8211; Universit\u00e9 Lyon 1<br \/>\nInstitut de Biologie et Chimie des Prot\u00e9ines<br \/>\n7 passage du Vercors.<br \/>\n69367 LYON Cedex 07<\/p>\n<p>T\u00e9l\u00e9phone : +33(0)4 72 72 26 00<\/p>\n<p>T\u00e9l\u00e9copie : +33(0)4 72 72 26 01<\/p>\n<p><strong>Directeur de la publication :<\/strong><br \/>\nFr\u00e9d\u00e9ric Faure<br \/>\nCNRS Rh\u00f4ne-Auvergne<br \/>\n2 Avenue Albert Einstein<br \/>\nBP 61335<br \/>\n69609 Villeurbanne Cedex<\/p>\n<p><strong>Directeur de la r\u00e9daction du site web de IBCP<\/strong> : Christophe Geourjon<\/p>\n<p><strong>Webmaster du site web de l\u2019unit\u00e9 LBTI<\/strong> : Bernard Verrier<\/p>\n<p><strong>H\u00e9bergeur<\/strong> : Centre de Ressources Informatiques de l\u2019IBCP.<\/p>\n<p><strong>Protection des informations nominatives<\/strong><br \/>\nConform\u00e9ment \u00e0 la loi n\u00b0 78-17 du 6 janvier 1978, relative \u00e0 l\u2019Informatique, aux fichiers et aux Libert\u00e9s (articles 38, 39, 40), vous disposez d\u2019un droit d\u2019acc\u00e8s, de rectification et de suppression des donn\u00e9es vous concernant, en ligne sur ce site. D\u00e9claration num\u00e9ro 1174798 a la Commission nationale de l\u2019informatique et des libert\u00e9s.<\/p>\n<p>Pour exercer ce droit, vous pouvez vous adresser au webmestre.<\/p>\n<h3>Conditions d\u2019utilisation<\/h3>\n<p><strong>Clause de non-responsabilit\u00e9<\/strong><br \/>\nLa responsabilit\u00e9 de l&rsquo;UMR 5305 \u2013 LBTI : Laboratoire de Biologie Tissulaire et d\u2019Ing\u00e9nierie Th\u00e9rapeutique ne peut, en aucune mani\u00e8re, \u00eatre engag\u00e9e quant au contenu des informations figurant sur ce site ou aux cons\u00e9quences pouvant r\u00e9sulter de leur utilisation ou interpr\u00e9tation.<\/p>\n<p><strong>Propri\u00e9t\u00e9 intellectuelle<\/strong><\/p>\n<p>Le site de l&rsquo;UMR 5305 \u2013 LBTI : Laboratoire de Biologie Tissulaire et d\u2019Ing\u00e9nierie Th\u00e9rapeutique est une \u0153uvre de cr\u00e9ation, propri\u00e9t\u00e9 exclusive de l&rsquo;UMR 5305 \u2013 LBTI : Laboratoire de Biologie Tissulaire et d\u2019Ing\u00e9nierie Th\u00e9rapeutique, prot\u00e9g\u00e9 par la l\u00e9gislation fran\u00e7aise et internationale sur le droit de la propri\u00e9t\u00e9 intellectuelle. Aucune reproduction ou repr\u00e9sentation ne peut \u00eatre r\u00e9alis\u00e9e en contravention avec les droits de l&rsquo;UMR 5305 \u2013 LBTI : Laboratoire de Biologie Tissulaire et d\u2019Ing\u00e9nierie Th\u00e9rapeutique issus de la l\u00e9gislation susvis\u00e9e.<\/p>\n<p><strong>Liens hypertextes<\/strong><\/p>\n<p>La mise en place de liens hypertextes par des tiers vers des pages ou des documents diffus\u00e9s sur le site de l&rsquo;UMR 5305 \u2013 LBTI : Laboratoire de Biologie Tissulaire et d\u2019Ing\u00e9nierie Th\u00e9rapeutique, est autoris\u00e9e sous r\u00e9serve que les liens ne contreviennent pas aux int\u00e9r\u00eats de l&rsquo;UMR 5305 \u2013 LBTI : Laboratoire de Biologie Tissulaire et d\u2019Ing\u00e9nierie Th\u00e9rapeutique, et, qu\u2019ils garantissent la possibilit\u00e9 pour l\u2019utilisateur d\u2019identifier l\u2019origine et l\u2019auteur du document.<\/p>\n<\/div>\n","protected":false},"excerpt":{"rendered":"<p>Mentions l\u00e9gales UMS 5305 \u2013 LBTI : Laboratoire de Biologie Tissulaire et d\u2019Ing\u00e9nierie Th\u00e9rapeutique Adresse : Laboratoire de Biologie Tissulaire et d\u2019Ing\u00e9nierie Th\u00e9rapeutique (LBTI) UMR 5305 CNRS &#8211; Universit\u00e9 Lyon 1 Institut de Biologie et Chimie des Prot\u00e9ines 7 passage du Vercors. 69367 LYON Cedex 07 T\u00e9l\u00e9phone : +33(0)4 72 72 26 00 T\u00e9l\u00e9copie :<\/p>\n","protected":false},"author":1,"featured_media":0,"parent":0,"menu_order":0,"comment_status":"closed","ping_status":"closed","template":"","meta":{"_acf_changed":false,"footnotes":""},"class_list":["post-3011","page","type-page","status-publish","hentry"],"acf":[],"_links":{"self":[{"href":"https:\/\/lbti.ibcp.fr\/index.php?rest_route=\/wp\/v2\/pages\/3011","targetHints":{"allow":["GET"]}}],"collection":[{"href":"https:\/\/lbti.ibcp.fr\/index.php?rest_route=\/wp\/v2\/pages"}],"about":[{"href":"https:\/\/lbti.ibcp.fr\/index.php?rest_route=\/wp\/v2\/types\/page"}],"author":[{"embeddable":true,"href":"https:\/\/lbti.ibcp.fr\/index.php?rest_route=\/wp\/v2\/users\/1"}],"replies":[{"embeddable":true,"href":"https:\/\/lbti.ibcp.fr\/index.php?rest_route=%2Fwp%2Fv2%2Fcomments&post=3011"}],"version-history":[{"count":2,"href":"https:\/\/lbti.ibcp.fr\/index.php?rest_route=\/wp\/v2\/pages\/3011\/revisions"}],"predecessor-version":[{"id":3018,"href":"https:\/\/lbti.ibcp.fr\/index.php?rest_route=\/wp\/v2\/pages\/3011\/revisions\/3018"}],"wp:attachment":[{"href":"https:\/\/lbti.ibcp.fr\/index.php?rest_route=%2Fwp%2Fv2%2Fmedia&parent=3011"}],"curies":[{"name":"wp","href":"https:\/\/api.w.org\/{rel}","templated":true}]}}