{"id":281,"date":"2017-01-18T12:51:17","date_gmt":"2017-01-18T11:51:17","guid":{"rendered":"http:\/\/lbti.cnrs.fr\/?page_id=281"},"modified":"2021-01-14T09:23:36","modified_gmt":"2021-01-14T08:23:36","slug":"liste_equipe_m2rm","status":"publish","type":"page","link":"https:\/\/lbti.ibcp.fr\/?page_id=281","title":{"rendered":"Membres de l&rsquo;\u00e9quipes \u00ab\u00a0M\u00e9talloprot\u00e9ases et Remodelage tissulaire\u00a0\u00bb"},"content":{"rendered":"<p><script type='text\/javascript' language='javascript' class='init'> \njQuery(document).ready(function() { \njQuery('#demo').DataTable({ \n'info': true, \n'paging': false, \n'pageLength': 100, \n'pagingType': 'simple', \n'bLengthChange': true, \n'ordering': true, \n'order': [0,'asc'], \n'searching': true, \n} ); \njQuery('#demo_wrapper select').prepend('<option value=100>S\u00e9lectionner<\/option>').val('');} ); \n<\/script><br \/>\n<table id=\"demo\"><thead>\n    <tr>\n    <th>Nom,Pr\u00e9nom<\/th>\n    <th>T\u00e9l\u00e9phone<\/th>\n    <th>Statut<\/th>\n    <th>Courriel<\/th>\n    <\/tr>\n    <\/thead>\n    <tfoot>\n    <tr>\n    <th>Nom,Pr\u00e9nom<\/th>\n    <th>T\u00e9l\u00e9phone<\/th>\n    <th>Statut<\/th>\n    <th>Courriel<\/th>\n    <\/tr>\n    <\/tfoot>\n    <tbody><tr><td><a href='https:\/\/lbti.ibcp.fr\/?page_id=1586&nom=BAUER&prenom=Julien'>BAUER Julien<\/a><\/td><td>+33(0)4-37-65-29-28<\/td><td>Doctorant<\/td><td>julien.bauer@ibcp.fr<\/td><\/tr><tr><td><a href='https:\/\/lbti.ibcp.fr\/?page_id=1586&nom=DIERYCKX&prenom=Cindy'>DIERYCKX Cindy<\/a><\/td><td>+33(0)4-37-65-29-28<\/td><td>Assistant ing\u00e9nieur<\/td><td>cindy.dieryckx@cnrs.fr<\/td><\/tr><tr><td><a href='https:\/\/lbti.ibcp.fr\/?page_id=1586&nom=MOALI&prenom=Catherine'>MOALI Catherine<\/a><\/td><td>+33(0)4-72-72-26-38<\/td><td>Directeur de recherches<\/td><td>catherine.moali@cnrs.fr<\/td><\/tr><tr><td><a href='https:\/\/lbti.ibcp.fr\/?page_id=1586&nom=CHASTAGNIER&prenom=Laura'>CHASTAGNIER Laura<\/a><\/td><td>+33(0)4-72-72-26-67<\/td><td>Post-doctorant<\/td><td>laura.chastagnier@ibcp.fr<\/td><\/tr><tr><td><a href='https:\/\/lbti.ibcp.fr\/?page_id=1586&nom=VADON-LE GOFF&prenom=Sandrine'>VADON-LE GOFF Sandrine<\/a><\/td><td>+33(0)4-72-72-26-67<\/td><td>Charg\u00e9 de recherches<\/td><td>sandrine.vadon-le-goff@cnrs.fr<\/td><\/tr><tr><td><a href='https:\/\/lbti.ibcp.fr\/?page_id=1586&nom=MUKAMAN&prenom=Gauhar'>MUKAMAN Gauhar<\/a><\/td><td>+33(0)4-72-72-26-67<\/td><td>Contractuel \u00e0 dur\u00e9e d\u00e9termin\u00e9e<\/td><td>gauhar.mukaman@cnrs.fr<\/td><\/tr><tr><td><a href='https:\/\/lbti.ibcp.fr\/?page_id=1586&nom=BON&prenom=Camille'>BON Camille<\/a><\/td><td>+33(0)4-37-65-29-28<\/td><td>Stagiaire<\/td><td>camille.bon@ibcp.fr<\/td><\/tr><\/tbody><\/table><\/p>\n","protected":false},"excerpt":{"rendered":"","protected":false},"author":2,"featured_media":0,"parent":105,"menu_order":0,"comment_status":"closed","ping_status":"closed","template":"","meta":{"_acf_changed":false,"footnotes":""},"class_list":["post-281","page","type-page","status-publish","hentry"],"acf":[],"_links":{"self":[{"href":"https:\/\/lbti.ibcp.fr\/index.php?rest_route=\/wp\/v2\/pages\/281","targetHints":{"allow":["GET"]}}],"collection":[{"href":"https:\/\/lbti.ibcp.fr\/index.php?rest_route=\/wp\/v2\/pages"}],"about":[{"href":"https:\/\/lbti.ibcp.fr\/index.php?rest_route=\/wp\/v2\/types\/page"}],"author":[{"embeddable":true,"href":"https:\/\/lbti.ibcp.fr\/index.php?rest_route=\/wp\/v2\/users\/2"}],"replies":[{"embeddable":true,"href":"https:\/\/lbti.ibcp.fr\/index.php?rest_route=%2Fwp%2Fv2%2Fcomments&post=281"}],"version-history":[{"count":13,"href":"https:\/\/lbti.ibcp.fr\/index.php?rest_route=\/wp\/v2\/pages\/281\/revisions"}],"predecessor-version":[{"id":4251,"href":"https:\/\/lbti.ibcp.fr\/index.php?rest_route=\/wp\/v2\/pages\/281\/revisions\/4251"}],"up":[{"embeddable":true,"href":"https:\/\/lbti.ibcp.fr\/index.php?rest_route=\/wp\/v2\/pages\/105"}],"wp:attachment":[{"href":"https:\/\/lbti.ibcp.fr\/index.php?rest_route=%2Fwp%2Fv2%2Fmedia&parent=281"}],"curies":[{"name":"wp","href":"https:\/\/api.w.org\/{rel}","templated":true}]}}