{"id":259,"date":"2017-01-18T11:51:19","date_gmt":"2017-01-18T10:51:19","guid":{"rendered":"http:\/\/lbti.cnrs.fr\/?page_id=259"},"modified":"2021-01-14T09:22:52","modified_gmt":"2021-01-14T08:22:52","slug":"liste_equipe_emr","status":"publish","type":"page","link":"https:\/\/lbti.ibcp.fr\/?page_id=259","title":{"rendered":"Membres de l&rsquo;\u00e9quipe \u00ab\u00a0Dialogue Cellules\/Microenvironnement et R\u00e9paration Tissulaire\u00a0\u00bb"},"content":{"rendered":"<p><script type='text\/javascript' language='javascript' class='init'> \njQuery(document).ready(function() { \njQuery('#demo').DataTable({ \n'info': true, \n'paging': false, \n'pageLength': 100, \n'pagingType': 'simple', \n'bLengthChange': true, \n'ordering': true, \n'order': [0,'asc'], \n'searching': true, \n} ); \njQuery('#demo_wrapper select').prepend('<option value=100>S\u00e9lectionner<\/option>').val('');} ); \n<\/script><br \/>\n<table id=\"demo\"><thead>\n    <tr>\n    <th>Nom,Pr\u00e9nom<\/th>\n    <th>T\u00e9l\u00e9phone<\/th>\n    <th>Statut<\/th>\n    <th>Courriel<\/th>\n    <\/tr>\n    <\/thead>\n    <tfoot>\n    <tr>\n    <th>Nom,Pr\u00e9nom<\/th>\n    <th>T\u00e9l\u00e9phone<\/th>\n    <th>Statut<\/th>\n    <th>Courriel<\/th>\n    <\/tr>\n    <\/tfoot>\n    <tbody><tr><td><a href='https:\/\/lbti.ibcp.fr\/?page_id=1586&nom=AUXENFANS&prenom=C\u00e9line'>AUXENFANS C\u00e9line<\/a><\/td><td>+33(0)4-72-11-04-65<\/td><td>Praticien hospitalo-universitaire<\/td><td>celine.auxenfans@chu-lyon.fr<\/td><\/tr><tr><td><a href='https:\/\/lbti.ibcp.fr\/?page_id=1586&nom=BURILLON&prenom=Carole'>BURILLON Carole<\/a><\/td><td>+33(0)4-72-72-26-00<\/td><td>Praticien hospitalo-universitaire<\/td><td>carole.burillon@chu-lyon.fr<\/td><\/tr><tr><td><a href='https:\/\/lbti.ibcp.fr\/?page_id=1586&nom=CLEMENS&prenom=Emelie'>CLEMENS Emelie<\/a><\/td><td>+33(0)4-72-72-26-32<\/td><td>Contractuel \u00e0 dur\u00e9e d\u00e9termin\u00e9e<\/td><td>emelie.clemens@ibcp.fr<\/td><\/tr><tr><td><a href='https:\/\/lbti.ibcp.fr\/?page_id=1586&nom=CLUZEL-GRANGEASSE&prenom=Caroline'>CLUZEL-GRANGEASSE Caroline<\/a><\/td><td>+33(0)4-72-72-26-59<\/td><td>Ma\u00eetre de conf\u00e9rences<\/td><td>caroline.grangeasse2@univ-lyon1.fr<\/td><\/tr><tr><td><a href='https:\/\/lbti.ibcp.fr\/?page_id=1586&nom=CORTAY&prenom=Celia'>CORTAY Celia<\/a><\/td><td>+33(0)4-72-72-26-32<\/td><td>Contractuel \u00e0 dur\u00e9e d\u00e9termin\u00e9e<\/td><td>celia.cortay@ibcp.fr<\/td><\/tr><tr><td><a href='https:\/\/lbti.ibcp.fr\/?page_id=1586&nom=DAYAN&prenom=Guila'>DAYAN Guila<\/a><\/td><td>+33(0)4-37-65-29-27<\/td><td>Ma\u00eetre de conf\u00e9rences<\/td><td>guila.dayan@univ-lyon1.fr<\/td><\/tr><tr><td><a href='https:\/\/lbti.ibcp.fr\/?page_id=1586&nom=LEGENDRE&prenom=Clara'>LEGENDRE Clara<\/a><\/td><td>+33(0)4-72-72-26-32<\/td><td>Doctorant<\/td><td>clara.legendre@ibcp.fr<\/td><\/tr><tr><td><a href='https:\/\/lbti.ibcp.fr\/?page_id=1586&nom=PAVILLA&prenom=Alexandra'>PAVILLA Alexandra<\/a><\/td><td>+33(0)4-72-72-26-39<\/td><td>Doctorant<\/td><td>alexandra.pavilla@ibcp.fr<\/td><\/tr><tr><td><a href='https:\/\/lbti.ibcp.fr\/?page_id=1586&nom=ROUSSELLE&prenom=Patricia'>ROUSSELLE Patricia<\/a><\/td><td>+33(0)4-72-72-26-39<\/td><td>Directeur de recherches<\/td><td>patricia.rousselle@ibcp.fr<\/td><\/tr><\/tbody><\/table><\/p>\n","protected":false},"excerpt":{"rendered":"","protected":false},"author":2,"featured_media":0,"parent":250,"menu_order":0,"comment_status":"closed","ping_status":"closed","template":"","meta":{"_acf_changed":false,"footnotes":""},"class_list":["post-259","page","type-page","status-publish","hentry"],"acf":[],"_links":{"self":[{"href":"https:\/\/lbti.ibcp.fr\/index.php?rest_route=\/wp\/v2\/pages\/259","targetHints":{"allow":["GET"]}}],"collection":[{"href":"https:\/\/lbti.ibcp.fr\/index.php?rest_route=\/wp\/v2\/pages"}],"about":[{"href":"https:\/\/lbti.ibcp.fr\/index.php?rest_route=\/wp\/v2\/types\/page"}],"author":[{"embeddable":true,"href":"https:\/\/lbti.ibcp.fr\/index.php?rest_route=\/wp\/v2\/users\/2"}],"replies":[{"embeddable":true,"href":"https:\/\/lbti.ibcp.fr\/index.php?rest_route=%2Fwp%2Fv2%2Fcomments&post=259"}],"version-history":[{"count":18,"href":"https:\/\/lbti.ibcp.fr\/index.php?rest_route=\/wp\/v2\/pages\/259\/revisions"}],"predecessor-version":[{"id":4250,"href":"https:\/\/lbti.ibcp.fr\/index.php?rest_route=\/wp\/v2\/pages\/259\/revisions\/4250"}],"up":[{"embeddable":true,"href":"https:\/\/lbti.ibcp.fr\/index.php?rest_route=\/wp\/v2\/pages\/250"}],"wp:attachment":[{"href":"https:\/\/lbti.ibcp.fr\/index.php?rest_route=%2Fwp%2Fv2%2Fmedia&parent=259"}],"curies":[{"name":"wp","href":"https:\/\/api.w.org\/{rel}","templated":true}]}}