{"id":223,"date":"2017-01-18T10:53:41","date_gmt":"2017-01-18T09:53:41","guid":{"rendered":"http:\/\/lbti.cnrs.fr\/?page_id=223"},"modified":"2025-12-10T11:07:56","modified_gmt":"2025-12-10T10:07:56","slug":"presentation","status":"publish","type":"page","link":"https:\/\/lbti.ibcp.fr\/?page_id=223","title":{"rendered":"Pr\u00e9sentation du LBTI"},"content":{"rendered":"<div class=\"actus\">\n<p style=\"text-align: justify;\"><span style=\"color: #000000;\">Le <strong>LBTI<\/strong> (<strong>L<\/strong>aboratoire de <strong>B<\/strong>iologie <strong>T<\/strong>issulaire et d\u2019<strong>I<\/strong>ng\u00e9nierie th\u00e9rapeutique) est un laboratoire de recherche sp\u00e9cialis\u00e9 dans l&rsquo;\u00e9tude des tissus sains et pathologiques et dans le d\u00e9veloppement de strat\u00e9gies th\u00e9rapeutiques novatrices \u00e0 fort potentiel pour des applications cliniques.<\/span><\/p>\n<p style=\"text-align: justify;\"><span style=\"color: #000000;\">Nous sommes experts sur des tissus comme la peau, le cartilage, la dent, la corn\u00e9e et les muqueuses. Nos principaux objectifs de recherche sont :<\/span><\/p>\n<p style=\"text-align: justify; padding-left: 30px;\"><span style=\"color: #000000;\">&gt; <strong>Analyser<\/strong> les m\u00e9canismes fondamentaux de l&rsquo;organisation et de l&rsquo;hom\u00e9ostasie tissulaires, et identifier des cibles th\u00e9rapeutiques potentielles<\/span><\/p>\n<p style=\"text-align: justify; padding-left: 30px;\"><span style=\"color: #000000;\">&gt; <strong>Comprendre<\/strong> et mod\u00e9liser la r\u00e9ponse tissulaire \u00e0 des stress physiologiques ou pathologiques (par exemple le stress m\u00e9canique et le vieillissement)<\/span><\/p>\n<p style=\"text-align: justify; padding-left: 30px;\"><span style=\"color: #000000;\">&gt;<strong> D\u00e9velopper<\/strong> de nouvelles approches th\u00e9rapeutiques pour la r\u00e9paration tissulaire et la d\u00e9livrance d&rsquo;agents th\u00e9rapeutiques<\/span><\/p>\n<p style=\"text-align: justify;\"><span style=\"color: #000000;\">Notre laboratoire fournit un environnement hautement multidisciplinaire, regroupant des chimistes, biochimistes, biologistes cellulaires et mol\u00e9culaires, bio-informaticiens, physiologistes, m\u00e9decins et experts en gal\u00e9nique.<\/span><\/p>\n<p><span style=\"color: #000000;\"><img fetchpriority=\"high\" decoding=\"async\" class=\"wp-image-2399 aligncenter\" src=\"https:\/\/lbti.ibcp.fr\/wp-content\/uploads\/2017\/01\/Figure-page-accueil-LBTI.png\" alt=\"\" width=\"570\" height=\"541\" \/><\/span><\/p>\n<p style=\"text-align: justify;\"><span style=\"color: #000000;\">Le LBTI est une unit\u00e9 de recherche mixte du CNRS et de l&rsquo;Universit\u00e9 Claude Bernard Lyon 1 (UMR 5305), h\u00e9berg\u00e9e par l&rsquo;Institut de Biologie et Chimie des Prot\u00e9ines <a href=\"http:\/\/www.ibcp.fr\"><u>(IBCP)<\/u><\/a>, au sein du bio-campus de Lyon &#8211; Gerland. Dirig\u00e9 par Dominique Sigaudo-Roussel, le LBTI est organis\u00e9 en 6 groupes de recherche. En tant que contributeur de l&rsquo;Unit\u00e9 Mixte de Service UMS 3444 <a href=\"http:\/\/www.sfr-biosciences.fr\">(SFR Biosciences)<\/a>, le LBTI a acc\u00e8s \u00e0 des plateaux technologiques de pointe et b\u00e9n\u00e9ficie d&rsquo;un environnement scientifique dynamique et interactif, en recherche fondamentale et translationnelle.<\/span><\/p>\n<p><span style=\"color: #000000;\">Les axes de recherche d\u00e9velopp\u00e9s par les six \u00e9quipes du LBTI sont regroup\u00e9s sous trois th\u00e8mes principaux :<\/span><\/p>\n<p style=\"padding-left: 30px;\"><span style=\"color: #000000;\">&#8211; Organisation matricielle d&rsquo;un tissu et mat\u00e9riaux synth\u00e9tiques<br \/><\/span><\/p>\n<p style=\"padding-left: 30px;\"><span style=\"color: #000000;\">&#8211; Cicatrisation et qualit\u00e9 fonctionnelle de la peau<\/span><\/p>\n<p style=\"padding-left: 30px;\"><span style=\"color: #000000;\">&#8211; Ciblage de mol\u00e9cules th\u00e9rapeutiques et m\u00e9dicaments de th\u00e9rapie innovante<br \/><\/span><\/p>\n<p style=\"padding-left: 30px;\">\u00a0<\/p>\n<\/div>\n<div><span style=\"color: #000000;\">\u00a0<\/span><\/div>\n<div><span style=\"color: #000000;\">\u00a0<\/span><\/div>\n<div class=\"actus\">\n<table class=\"spip\" style=\"height: 172px;\" border=\"1\" width=\"932\" cellspacing=\"1\" cellpadding=\"1\">\n<tbody>\n<tr>\n<td style=\"text-align: center;\"><span style=\"color: #000000;\"><strong>\u00c9quipes membres du LBTI<\/strong><\/span><\/td>\n<td style=\"text-align: center;\"><span style=\"color: #000000;\"><strong>Responsables<\/strong><\/span><\/td>\n<\/tr>\n<tr>\n<td style=\"text-align: center;\"><span style=\"color: #000000;\"><a class=\"spip_in\" href=\"https:\/\/lbti.ibcp.fr\/?page_id=4237\">Int\u00e9grit\u00e9 Fonctionnelle du Tissu Cutan\u00e9<\/a><\/span><\/td>\n<td style=\"text-align: center;\"><span style=\"color: #000000;\">B. Fromy &amp; J. Lamartine<\/span><\/td>\n<\/tr>\n<tr>\n<td style=\"text-align: center;\"><span style=\"color: #000000;\"><a class=\"spip_in\" href=\"https:\/\/lbti.ibcp.fr\/?page_id=1710\">Dialogue Cellules\/Microenvironnement et R\u00e9paration Tissulaire<\/a><\/span><\/td>\n<td style=\"text-align: center;\"><span style=\"color: #000000;\">P. Rousselle<\/span><\/td>\n<\/tr>\n<tr>\n<td style=\"text-align: center;\"><span style=\"color: #000000;\"><a class=\"spip_in\" href=\"https:\/\/lbti.ibcp.fr\/?page_id=4100\">Prot\u00e9ines matricellulaire et D\u00e9r\u00e9gulations Pathologiques<\/a><\/span><\/td>\n<td style=\"text-align: center;\"><span style=\"color: #000000;\">U. Valcourt<\/span><\/td>\n<\/tr>\n<tr>\n<td style=\"text-align: center;\"><a class=\"spip_in\" href=\"https:\/\/lbti.ibcp.fr\/?page_id=1720\">M\u00e9talloprot\u00e9ases et Remodelage tissulaire<\/a><\/td>\n<td style=\"text-align: center;\"><span style=\"color: #000000;\">C. Moali<\/span><\/td>\n<\/tr>\n<tr>\n<td style=\"text-align: center;\"><a class=\"spip_in\" href=\"https:\/\/lbti.ibcp.fr\/?page_id=1703\">Recherche Ost\u00e9oArticulaire et Dentaire<\/a><\/td>\n<td style=\"text-align: center;\"><span style=\"color: #000000;\">F. Mallein-Gerin<\/span><\/td>\n<\/tr>\n<tr>\n<td style=\"text-align: center;\"><span style=\"color: #000000;\"><a class=\"spip_in\" href=\"https:\/\/lbti.ibcp.fr\/?page_id=1722\" data-wplink-edit=\"true\">Vecteurs collo\u00efdaux et ing\u00e9nierie th\u00e9rapeutique cibl\u00e9e<\/a><\/span><\/td>\n<td style=\"text-align: center;\"><span style=\"color: #000000;\">C. Monge <br \/><\/span><\/td>\n<\/tr>\n<\/tbody>\n<\/table>\n<\/div>\n\n\n<p><\/p>\n","protected":false},"excerpt":{"rendered":"<p>Le LBTI (Laboratoire de Biologie Tissulaire et d\u2019Ing\u00e9nierie th\u00e9rapeutique) est un laboratoire de recherche sp\u00e9cialis\u00e9 dans l&rsquo;\u00e9tude des tissus sains et pathologiques et dans le d\u00e9veloppement de strat\u00e9gies th\u00e9rapeutiques novatrices \u00e0 fort potentiel pour des applications cliniques. Nous sommes experts sur des tissus comme la peau, le cartilage, la dent, la corn\u00e9e et les muqueuses.<\/p>\n","protected":false},"author":2,"featured_media":0,"parent":0,"menu_order":0,"comment_status":"closed","ping_status":"closed","template":"","meta":{"_acf_changed":false,"footnotes":""},"class_list":["post-223","page","type-page","status-publish","hentry"],"acf":[],"_links":{"self":[{"href":"https:\/\/lbti.ibcp.fr\/index.php?rest_route=\/wp\/v2\/pages\/223","targetHints":{"allow":["GET"]}}],"collection":[{"href":"https:\/\/lbti.ibcp.fr\/index.php?rest_route=\/wp\/v2\/pages"}],"about":[{"href":"https:\/\/lbti.ibcp.fr\/index.php?rest_route=\/wp\/v2\/types\/page"}],"author":[{"embeddable":true,"href":"https:\/\/lbti.ibcp.fr\/index.php?rest_route=\/wp\/v2\/users\/2"}],"replies":[{"embeddable":true,"href":"https:\/\/lbti.ibcp.fr\/index.php?rest_route=%2Fwp%2Fv2%2Fcomments&post=223"}],"version-history":[{"count":55,"href":"https:\/\/lbti.ibcp.fr\/index.php?rest_route=\/wp\/v2\/pages\/223\/revisions"}],"predecessor-version":[{"id":5874,"href":"https:\/\/lbti.ibcp.fr\/index.php?rest_route=\/wp\/v2\/pages\/223\/revisions\/5874"}],"wp:attachment":[{"href":"https:\/\/lbti.ibcp.fr\/index.php?rest_route=%2Fwp%2Fv2%2Fmedia&parent=223"}],"curies":[{"name":"wp","href":"https:\/\/api.w.org\/{rel}","templated":true}]}}