{"id":2149,"date":"2017-07-25T14:01:44","date_gmt":"2017-07-25T12:01:44","guid":{"rendered":"http:\/\/lbti.ibcp.fr\/?page_id=2149"},"modified":"2019-12-09T09:29:07","modified_gmt":"2019-12-09T08:29:07","slug":"travailler-au-lbti-2","status":"publish","type":"page","link":"https:\/\/lbti.ibcp.fr\/?page_id=2149","title":{"rendered":"Work at LBTI"},"content":{"rendered":"<h2><span style=\"color: #333399;\"><em>Moving to Lyon:<\/em><\/span><\/h2>\n<h4><\/h4>\n<h4>\u00a0\u25ba FOREIGN RESEARCHERS:<\/h4>\n<p><a href=\"http:\/\/www.espace-ulys.fr\/\">Espace Ulys<\/a><span id=\"result_box\" class=\"\" lang=\"en\"><span title=\"L'espace Ulys, est le service de l\u2019Universit\u00e9 de Lyon enti\u00e8rement d\u00e9di\u00e9 \u00e0 l\u2019accueil des chercheurs et doctorants \u00e9trangers en mobilit\u00e9 qui s\u2019installent sur le site Lyon - Saint-\u00c9tienne.\n\n\"> is a University of Lyon service dedicated to welcoming foreign researchers and PhD students to the Lyon-Saint-Etienne area. <\/span><\/span><span id=\"result_box\" class=\"\" lang=\"en\"><span title=\"Vous trouverez sur ce site toutes les informations dont vous avez besoin pour pr\u00e9parer votre arriv\u00e9e et votre s\u00e9jour : formalit\u00e9s d'entr\u00e9e et de s\u00e9jour (visas, titre de s\u00e9jour), logement, couverture sant\u00e9, assurances, vie pratique, cours de fran\u00e7ais, ainsi\">You will find on this site all the information you need to prepare your arrival and your stay: visas, housing, health insurance, insurance, practical life, French courses<\/span><span title=\"que le programme de leurs \u00e9v\u00e9nements.\n\u00a0\">.<\/span><\/span><\/p>\n<p>&nbsp;<\/p>\n<hr \/>\n<h4>\u00a0\u25ba STUDENTS:<\/h4>\n<p><span id=\"result_box\" class=\"\" lang=\"en\"><span title=\"L'universit\u00e9 Lyon 1 vous propose un guide, via le portail Etudiant: https:\/\/etu.univ-lyon1.fr\/guide-pratique\/\n\n\">Universit\u00e9 Lyon 1 offers you a guide, via the Student portal<\/span><\/span>: <a href=\"https:\/\/etu.univ-lyon1.fr\/guide-pratique\/\">https:\/\/etu.univ-lyon1.fr\/guide-pratique\/<\/a><\/p>\n<p><span id=\"result_box\" class=\"\" lang=\"en\"><span title=\"Quelques adresses de logement \u00e9tudiants :\n\n\">Some student accommodation addresses:<\/span><\/span><\/p>\n<p>\u2022 \u00ab\u00a0<strong>bed in city<\/strong>\u00ab\u00a0:\u00a0\u00a0<span class=\"_Xbe\">219 Rue Marcel M\u00e9rieux, 69007 Lyon\u00a0<\/span><\/p>\n<p><span class=\"_Xbe\"><a class=\"moz-txt-link-freetext\" href=\"http:\/\/www.bedincity.net\/\" target=\"_blank\" rel=\"noreferrer noopener\">http:\/\/www.bedincity.net\/<\/a>\u00a0 \u00a0 \/\/ \u00a0 &#8211; Contact:\u00a0<\/span>Mme Dany BOCH (<a class=\"moz-txt-link-abbreviated\" href=\"mailto:contact@bedincity.net\" rel=\"noreferrer\">contact@bedincity.net<\/a>)<\/p>\n<p>\u2022 \u00ab\u00a0<strong>studio 7 resilogis<\/strong>\u00ab\u00a0: 197 rue Marcel M\u00e9rieux 69007 Lyon<strong>\u00a0<\/strong><\/p>\n<p><a class=\"moz-txt-link-freetext\" href=\"http:\/\/www.resilogis.com\/residence\/lycee-du-parc\/studio-7\/\" target=\"_blank\" rel=\"noreferrer noopener\">http:\/\/www.resilogis.com\/residence\/lycee-du-parc\/studio-7\/<\/a><\/p>\n<p><b>\u2022\u00a0<\/b><span id=\"result_box\" class=\"\" lang=\"en\"><span title=\"\u2022 r\u00e9sidences \u00e9tudiantes &quot;Crous&quot;\n\n\">Student residences<\/span><\/span> \u00ab\u00a0<strong>Crous<\/strong>\u00a0\u00bb<\/p>\n<p><a href=\"https:\/\/www.crous-lyon.fr\/logements\/nos-residences\/\">https:\/\/www.crous-lyon.fr\/logements\/nos-residences\/<\/a><\/p>\n<p><b>\u2022\u00a0<\/b>6 s<span id=\"result_box\" class=\"\" lang=\"en\"><span title=\"\u2022 r\u00e9sidences \u00e9tudiantes &quot;Crous&quot;\n\n\">tudent residences<\/span><\/span> \u00ab\u00a0<strong>Les Belles Ann\u00e9es<\/strong>\u00a0\u00bb i<span id=\"result_box\" class=\"\" lang=\"en\"><span title=\"\u2022 6 r\u00e9sidences \u00e9tudiantes &quot;Les Belles Ann\u00e9es&quot; au c\u0153ur de la ville\n\n\">n the heart of the city<\/span><\/span><\/p>\n<p><a href=\"http:\/\/lesbellesannees.com\/1\/informations\/lyon-villeurbanne\">http:\/\/lesbellesannees.com\/1\/informations\/lyon-villeurbanne<\/a><\/p>\n<p><b>\u2022\u00a0<\/b>9 s<span id=\"result_box\" class=\"\" lang=\"en\"><span title=\"\u2022 r\u00e9sidences \u00e9tudiantes &quot;Crous&quot;\n\n\">tudent residences <\/span><\/span>\u00ab\u00a0<strong>Studelites<\/strong>\u00a0\u00bb in all Lyon<\/p>\n<p><a href=\"http:\/\/www.studelites.com\/fr\/lyon\/\">http:\/\/www.studelites.com\/fr\/lyon\/<\/a><\/p>\n<p><b>\u2022\u00a0<\/b>71 <span id=\"result_box\" class=\"\" lang=\"en\"><span title=\"\u2022 71 r\u00e9sidences \u00e9tudiantes de propos\u00e9es sur le site &quot;location-\u00e9tudiant&quot; ;\n\n\">student residences on the site <\/span><\/span> \u00ab\u00a0<strong>location-\u00e9tudiant<\/strong>\u00a0\u00bb<\/p>\n<p><a href=\"https:\/\/www.location-etudiant.fr\/residences-etudiantes-lyon.html\">https:\/\/www.location-etudiant.fr\/residences-etudiantes-lyon.html<\/a><\/p>\n<p>&nbsp;<\/p>\n<p><strong>International students:\u00a0<\/strong><\/p>\n<p><a class=\"spip_mail\" href=\"mailto:residences.internationales@crous-lyon.fr\" rel=\"noreferrer\">residences.internationales@crous-lyon.fr<\/a> <span id=\"result_box\" class=\"\" lang=\"en\"><span title=\"residences.internationales@crous-lyon.fr r\u00e9serve des logements aux doctorants \u00e9trangers\n\n\">offers housing for foreign doctoral students<\/span><\/span><\/p>\n<p><a class=\"spip_mail\" href=\"mailto:logement.campusfrance@crous-lyon.fr\" rel=\"noreferrer\">logement.campusfrance@crous-lyon.fr<\/a> <span id=\"result_box\" class=\"\" lang=\"en\"><span title=\"logement.campusfrance@crous-lyon.fr est d\u00e9di\u00e9 aux boursiers campus France.\">is dedicated to Campus France fellows. <\/span><span title=\"voir le doc joint r\u00e9sidence jean meygret\n\n\u00a0\">See doc<\/span><\/span> <a href=\"https:\/\/lbti.ibcp.fr\/wp-content\/uploads\/2017\/02\/pdf_International-residence_jean-meygret_plaquette-commerciale-anglais.pdf\">r\u00e9sidence jean meygret<\/a><\/p>\n<p><strong>\u2192 <\/strong>See also the <a href=\"http:\/\/ediss.universite-lyon.fr\/medias\/fichier\/phd-student-guide-2014_1417167075992.pdf\">PhD student guide<\/a> <span id=\"result_box\" class=\"\" lang=\"en\"><span title=\"\u2192 Le guide de l'etudiant PhD de l'universit\u00e9 de lyon\n\n\">of the university of Lyon<\/span><\/span><\/p>\n<p>&nbsp;<\/p>\n<hr \/>\n<h2><span style=\"color: #333399;\"><em>Living in Lyon:<\/em><\/span><\/h2>\n<p>&nbsp;<\/p>\n<p>\u25ba <span id=\"result_box\" class=\"\" lang=\"en\"><span title=\"\u25ba Pour des \u00e9v\u00e9nements \u00e0 grande ampleur sur toute la ville de Lyon, vous pouvez trouver les informations sur le site Only Lyon.\n\n\">For large-scale events throughout the city of Lyon, you can find information on the site<\/span><\/span> <a href=\"http:\/\/www.onlylyon.com\/\">Only Lyon<\/a>.<\/p>\n<p><span id=\"result_box\" class=\"\" lang=\"en\"><span title=\"Vivre \u00e0 Lyon :\n\n\">\u00a0<\/span><\/span><\/p>\n<hr \/>\n<h2>\u00a0<span style=\"color: #333399;\"><em>Socializing at LBTI:<\/em><\/span><\/h2>\n<p>Happy hours, <span id=\"result_box\" class=\"\" lang=\"en\"><span title=\"Happy hours, sortie ski, descente de l'Ard\u00e8che, soir\u00e9e Karaok\u00e9, tournois de p\u00e9tanque, et activit\u00e9s d'int\u00e9gration aux journ\u00e9es annuelles du LBTI... une convivialit\u00e9 toujours relay\u00e9e dans notre lettre d'info LBTI actu !\">ski outings, karaoke, p\u00e9tanque tournaments, and integration activities at the annual LBTI retreat&#8230; a conviviality, which is relayed in our newsletter LBTI actu!<\/span><\/span><\/p>\n","protected":false},"excerpt":{"rendered":"<p>Moving to Lyon: \u00a0\u25ba FOREIGN RESEARCHERS: Espace Ulys is a University of Lyon service dedicated to welcoming foreign researchers and PhD students to the Lyon-Saint-Etienne area. You will find on this site all the information you need to prepare your arrival and your stay: visas, housing, health insurance, insurance, practical life, French courses. &nbsp; \u00a0\u25ba<\/p>\n","protected":false},"author":1,"featured_media":0,"parent":0,"menu_order":0,"comment_status":"closed","ping_status":"closed","template":"","meta":{"_acf_changed":false,"footnotes":""},"class_list":["post-2149","page","type-page","status-publish","hentry"],"acf":[],"_links":{"self":[{"href":"https:\/\/lbti.ibcp.fr\/index.php?rest_route=\/wp\/v2\/pages\/2149","targetHints":{"allow":["GET"]}}],"collection":[{"href":"https:\/\/lbti.ibcp.fr\/index.php?rest_route=\/wp\/v2\/pages"}],"about":[{"href":"https:\/\/lbti.ibcp.fr\/index.php?rest_route=\/wp\/v2\/types\/page"}],"author":[{"embeddable":true,"href":"https:\/\/lbti.ibcp.fr\/index.php?rest_route=\/wp\/v2\/users\/1"}],"replies":[{"embeddable":true,"href":"https:\/\/lbti.ibcp.fr\/index.php?rest_route=%2Fwp%2Fv2%2Fcomments&post=2149"}],"version-history":[{"count":3,"href":"https:\/\/lbti.ibcp.fr\/index.php?rest_route=\/wp\/v2\/pages\/2149\/revisions"}],"predecessor-version":[{"id":3761,"href":"https:\/\/lbti.ibcp.fr\/index.php?rest_route=\/wp\/v2\/pages\/2149\/revisions\/3761"}],"wp:attachment":[{"href":"https:\/\/lbti.ibcp.fr\/index.php?rest_route=%2Fwp%2Fv2%2Fmedia&parent=2149"}],"curies":[{"name":"wp","href":"https:\/\/api.w.org\/{rel}","templated":true}]}}