{"id":198,"date":"2016-12-10T19:47:05","date_gmt":"2016-12-10T18:47:05","guid":{"rendered":"http:\/\/lbti.cnrs.fr\/?page_id=198"},"modified":"2021-01-14T09:24:08","modified_gmt":"2021-01-14T08:24:08","slug":"liste_equipe_bic","status":"publish","type":"page","link":"https:\/\/lbti.ibcp.fr\/?page_id=198","title":{"rendered":"Membres de l&rsquo;\u00e9quipe \u00ab\u00a0Recherche Ost\u00e9oArticulaire et Dentaire\u00a0\u00bb"},"content":{"rendered":"<p><script type='text\/javascript' language='javascript' class='init'> \njQuery(document).ready(function() { \njQuery('#demo').DataTable({ \n'info': true, \n'paging': false, \n'pageLength': 100, \n'pagingType': 'simple', \n'bLengthChange': true, \n'ordering': true, \n'order': [0,'asc'], \n'searching': true, \n} ); \njQuery('#demo_wrapper select').prepend('<option value=100>S\u00e9lectionner<\/option>').val('');} ); \n<\/script><br \/>\n<table id=\"demo\"><thead>\n    <tr>\n    <th>Nom,Pr\u00e9nom<\/th>\n    <th>T\u00e9l\u00e9phone<\/th>\n    <th>Statut<\/th>\n    <th>Courriel<\/th>\n    <\/tr>\n    <\/thead>\n    <tfoot>\n    <tr>\n    <th>Nom,Pr\u00e9nom<\/th>\n    <th>T\u00e9l\u00e9phone<\/th>\n    <th>Statut<\/th>\n    <th>Courriel<\/th>\n    <\/tr>\n    <\/tfoot>\n    <tbody><tr><td><a href='https:\/\/lbti.ibcp.fr\/?page_id=1586&nom=DANGUIR&prenom=Hamza'>DANGUIR Hamza<\/a><\/td><td>+33(0)4-72-72-26-19<\/td><td>Doctorant<\/td><td>hamza.danguir@ibcp.fr<\/td><\/tr><tr><td><a href='https:\/\/lbti.ibcp.fr\/?page_id=1586&nom=REINICHE&prenom=Lisa'>REINICHE Lisa<\/a><\/td><td>+33(0)4-72-72-26-19<\/td><td>Doctorant<\/td><td>lisa.reiniche@ibcp.fr<\/td><\/tr><tr><td><a href='https:\/\/lbti.ibcp.fr\/?page_id=1586&nom=DUCRET&prenom=Maxime'>DUCRET Maxime<\/a><\/td><td>+33(0)4-72-72-26-19<\/td><td>Professeur universitaire - Praticien hospitalier<\/td><td>maxime.ducret@ibcp.fr<\/td><\/tr><tr><td><a href='https:\/\/lbti.ibcp.fr\/?page_id=1586&nom=FAURE&prenom=Marjorie'>FAURE Marjorie<\/a><\/td><td>+33(0)4-72-72-26-29<\/td><td>Doctorant<\/td><td>marjorie.faure@ibcp.fr<\/td><\/tr><tr><td><a href='https:\/\/lbti.ibcp.fr\/?page_id=1586&nom=LAFONT&prenom=J\u00e9r\u00f4me'>LAFONT J\u00e9r\u00f4me<\/a><\/td><td>+33(0)4-72-72-26-15<\/td><td>Ma\u00eetre de conf\u00e9rences<\/td><td>jerome.lafont@univ-lyon1.fr<\/td><\/tr><tr><td><a href='https:\/\/lbti.ibcp.fr\/?page_id=1586&nom=BEKHOUCHE&prenom=Mourad'>BEKHOUCHE Mourad<\/a><\/td><td>+33(0)4-72-72-26-19<\/td><td>Ma\u00eetre de conf\u00e9rences<\/td><td>mourad.bekhouche@ibcp.fr<\/td><\/tr><tr><td><a href='https:\/\/lbti.ibcp.fr\/?page_id=1586&nom=MALCOR&prenom=Jean-Daniel'>MALCOR Jean-Daniel<\/a><\/td><td>+33(0)4-72-72-26-19<\/td><td>Charg\u00e9 de recherches<\/td><td>jean-daniel.malcor@ibcp.fr<\/td><\/tr><tr><td><a href='https:\/\/lbti.ibcp.fr\/?page_id=1586&nom=PASDELOUP&prenom=Marielle'>PASDELOUP Marielle<\/a><\/td><td>+33(0)4-72-72-26-17<\/td><td>Ing\u00e9nieur d'\u00e9tudes<\/td><td>marielle.pasdeloup@cnrs.fr<\/td><\/tr><tr><td><a href='https:\/\/lbti.ibcp.fr\/?page_id=1586&nom=VERTU-CIOLINO&prenom=Delphine'>VERTU-CIOLINO Delphine<\/a><\/td><td>+33(0)4-72-72-26-19<\/td><td>Praticien hospitalo-universitaire<\/td><td>delphine.vertu-ciolino@ibcp.fr<\/td><\/tr><tr><td><a href='https:\/\/lbti.ibcp.fr\/?page_id=1586&nom=FARGES&prenom=Jean-Christophe'>FARGES Jean-Christophe<\/a><\/td><td>+33(0)4-72-72-26-19<\/td><td>Professeur universitaire - Praticien hospitalier<\/td><td>jean-christophe.farges@univ-lyon1.fr<\/td><\/tr><tr><td><a href='https:\/\/lbti.ibcp.fr\/?page_id=1586&nom=SY&prenom=Kadiatou'>SY Kadiatou<\/a><\/td><td>+33(0)4-72-72-26-19<\/td><td><\/td><td>kadiatou.sy@univ-lyon1.fr<\/td><\/tr><tr><td><a href='https:\/\/lbti.ibcp.fr\/?page_id=1586&nom=NOVTA&prenom=Evgenije'>NOVTA Evgenije<\/a><\/td><td>+33(0)4-72-72-26-19<\/td><td>Post-doctorant<\/td><td>evgenije.novta@ibcp.fr<\/td><\/tr><tr><td><a href='https:\/\/lbti.ibcp.fr\/?page_id=1586&nom=GRANGY&prenom=Jeanne'>GRANGY Jeanne<\/a><\/td><td>+33(0)4-72-72-26-19<\/td><td>Doctorant<\/td><td>jeanne.grangy@cnrs.fr<\/td><\/tr><tr><td><a href='https:\/\/lbti.ibcp.fr\/?page_id=1586&nom=SAADE&prenom=Maria-Christina'>SAADE Maria-Christina<\/a><\/td><td>+33(0)4-72-72-26-19<\/td><td>Doctorant<\/td><td>maria-christina.saade@ibcp.fr<\/td><\/tr><tr><td><a href='https:\/\/lbti.ibcp.fr\/?page_id=1586&nom=BERRO&prenom=Jad'>BERRO Jad<\/a><\/td><td>+33(0)4-72-72-26-19<\/td><td>Stagiaire<\/td><td>jad.berro@ibcp.fr<\/td><\/tr><tr><td><a href='https:\/\/lbti.ibcp.fr\/?page_id=1586&nom=DULAC&prenom=Anais'>DULAC Anais<\/a><\/td><td>+33(0)4-72-72-26-19<\/td><td>Stagiaire<\/td><td>anais.dulac@ibcp.fr<\/td><\/tr><tr><td><a href='https:\/\/lbti.ibcp.fr\/?page_id=1586&nom=GUILLEMIN&prenom=Mathilde'>GUILLEMIN Mathilde<\/a><\/td><td>+33(0)4-72-72-26-19<\/td><td>Contractuel \u00e0 dur\u00e9e d\u00e9termin\u00e9e<\/td><td>mathilde.guillemin@ibcp.fr<\/td><\/tr><tr><td><a href='https:\/\/lbti.ibcp.fr\/?page_id=1586&nom=DETAILLE&prenom=Anais'>DETAILLE Anais<\/a><\/td><td>+33(0)4-72-72-26-00<\/td><td>Stagiaire<\/td><td>anais.detaille@ibcp.fr<\/td><\/tr><\/tbody><\/table><\/p>\n","protected":false},"excerpt":{"rendered":"","protected":false},"author":1,"featured_media":0,"parent":0,"menu_order":0,"comment_status":"closed","ping_status":"closed","template":"","meta":{"_acf_changed":false,"footnotes":""},"class_list":["post-198","page","type-page","status-publish","hentry"],"acf":[],"_links":{"self":[{"href":"https:\/\/lbti.ibcp.fr\/index.php?rest_route=\/wp\/v2\/pages\/198","targetHints":{"allow":["GET"]}}],"collection":[{"href":"https:\/\/lbti.ibcp.fr\/index.php?rest_route=\/wp\/v2\/pages"}],"about":[{"href":"https:\/\/lbti.ibcp.fr\/index.php?rest_route=\/wp\/v2\/types\/page"}],"author":[{"embeddable":true,"href":"https:\/\/lbti.ibcp.fr\/index.php?rest_route=\/wp\/v2\/users\/1"}],"replies":[{"embeddable":true,"href":"https:\/\/lbti.ibcp.fr\/index.php?rest_route=%2Fwp%2Fv2%2Fcomments&post=198"}],"version-history":[{"count":31,"href":"https:\/\/lbti.ibcp.fr\/index.php?rest_route=\/wp\/v2\/pages\/198\/revisions"}],"predecessor-version":[{"id":4252,"href":"https:\/\/lbti.ibcp.fr\/index.php?rest_route=\/wp\/v2\/pages\/198\/revisions\/4252"}],"wp:attachment":[{"href":"https:\/\/lbti.ibcp.fr\/index.php?rest_route=%2Fwp%2Fv2%2Fmedia&parent=198"}],"curies":[{"name":"wp","href":"https:\/\/api.w.org\/{rel}","templated":true}]}}