{"id":1741,"date":"2017-07-13T11:03:58","date_gmt":"2017-07-13T09:03:58","guid":{"rendered":"http:\/\/lbti.ibcp.fr\/?page_id=1741"},"modified":"2026-03-23T10:21:02","modified_gmt":"2026-03-23T09:21:02","slug":"introduction-6","status":"publish","type":"page","link":"https:\/\/lbti.ibcp.fr\/?page_id=1741","title":{"rendered":"P\u00f4le Rockefeller"},"content":{"rendered":"<p>Le p\u00f4le Rockefeller, dirig\u00e9 par les DR <a href=\"mailto:romain.debret@cnrs.fr\">Romain Debret<\/a>, <a href=\"mailto:jerome.sohier@cnrs.fr\">J\u00e9r\u00f4me Sohier<\/a> et le Pr. <a href=\"mailto:fabrice.pirot@univ-lyon1.fr\">Fabrice Pirot<\/a> (laboratoire de Pharmacie Gal\u00e9nique Industrielle), est situ\u00e9 \u00e0 la facult\u00e9 de Pharmacie de Lyon, 8, avenue Rockefeller; F-69373 Lyon cedex 08.<\/p>\n<p>&nbsp;<\/p>\n<p>En construction<\/p>\n<p>&nbsp;<\/p>\n<p>Axes de recherche:<\/p>\n<p><a href=\"https:\/\/lbti.ibcp.fr\/?page_id=4537\">Hydrogels bioactifs et biomat\u00e9riaux th\u00e9rapeutiques (Rockefeller, J. Sohier)<\/a><\/p>\n<p><a href=\"https:\/\/lbti.ibcp.fr\/?page_id=4922\">Adaptation Cellulaire et Th\u00e9rapies de l\u2019Elasticit\u00e9 \u2013 ACTE (Rockefeller, R. Debret)<\/a><\/p>\n","protected":false},"excerpt":{"rendered":"<p>Le p\u00f4le Rockefeller, dirig\u00e9 par les DR Romain Debret, J\u00e9r\u00f4me Sohier et le Pr. Fabrice Pirot (laboratoire de Pharmacie Gal\u00e9nique Industrielle), est situ\u00e9 \u00e0 la facult\u00e9 de Pharmacie de Lyon, 8, avenue Rockefeller; F-69373 Lyon cedex 08. &nbsp; En construction &nbsp; Axes de recherche: Hydrogels bioactifs et biomat\u00e9riaux th\u00e9rapeutiques (Rockefeller, J. Sohier) Adaptation Cellulaire et<\/p>\n","protected":false},"author":1,"featured_media":0,"parent":0,"menu_order":0,"comment_status":"closed","ping_status":"closed","template":"","meta":{"_acf_changed":false,"footnotes":""},"class_list":["post-1741","page","type-page","status-publish","hentry"],"acf":[],"_links":{"self":[{"href":"https:\/\/lbti.ibcp.fr\/index.php?rest_route=\/wp\/v2\/pages\/1741","targetHints":{"allow":["GET"]}}],"collection":[{"href":"https:\/\/lbti.ibcp.fr\/index.php?rest_route=\/wp\/v2\/pages"}],"about":[{"href":"https:\/\/lbti.ibcp.fr\/index.php?rest_route=\/wp\/v2\/types\/page"}],"author":[{"embeddable":true,"href":"https:\/\/lbti.ibcp.fr\/index.php?rest_route=\/wp\/v2\/users\/1"}],"replies":[{"embeddable":true,"href":"https:\/\/lbti.ibcp.fr\/index.php?rest_route=%2Fwp%2Fv2%2Fcomments&post=1741"}],"version-history":[{"count":14,"href":"https:\/\/lbti.ibcp.fr\/index.php?rest_route=\/wp\/v2\/pages\/1741\/revisions"}],"predecessor-version":[{"id":5929,"href":"https:\/\/lbti.ibcp.fr\/index.php?rest_route=\/wp\/v2\/pages\/1741\/revisions\/5929"}],"wp:attachment":[{"href":"https:\/\/lbti.ibcp.fr\/index.php?rest_route=%2Fwp%2Fv2%2Fmedia&parent=1741"}],"curies":[{"name":"wp","href":"https:\/\/api.w.org\/{rel}","templated":true}]}}