{"id":167,"date":"2016-12-07T10:35:37","date_gmt":"2016-12-07T09:35:37","guid":{"rendered":"http:\/\/lbti.cnrs.fr\/?page_id=167"},"modified":"2024-05-29T10:32:29","modified_gmt":"2024-05-29T08:32:29","slug":"voies-de-signalisation-sous-controle-de-lhypoxie-condition-physiologique-du-cartilage-2","status":"publish","type":"page","link":"https:\/\/lbti.ibcp.fr\/?page_id=167","title":{"rendered":"M\u00e9canismes \u00e9pig\u00e9n\u00e9tiques impliqu\u00e9s dans l&rsquo;arthrose"},"content":{"rendered":"<div class=\"\">\n<h4 style=\"text-align: justify;\"><span style=\"color: #000000;\"><em><strong>Porteur de projet<\/strong><\/em>\u00a0:<\/span> <strong><a href=\"mailto:jerome.lafont@univ-lyon1.fr\" data-cke-saved-=\"\">J\u00e9r\u00f4me Lafont<\/a><\/strong><\/h4>\n<p style=\"text-align: justify;\"><span style=\"color: #000000;\"><em><strong>Personnes impliqu\u00e9es dans le projet\u00a0<\/strong><\/em>\u00a0: F. Mallein-Gerin, M.\u00a0Pasdeloup, Sherine Moustaghfir<\/span><\/p>\n<p><span style=\"color: #3366ff;\"><img decoding=\"async\" class=\"alignnone wp-image-5279\" src=\"https:\/\/lbti.ibcp.fr\/wp-content\/uploads\/2023\/06\/Twitter-LBTI.jpg\" alt=\"\" width=\"109\" height=\"25\" \/><\/span><\/p>\n<hr \/>\n<p style=\"text-align: justify;\">Although many epigenetic modifications have been described during osteoarthritis (OA), the precise contribution of the chromatin remodeling enzymes during OA is still unclear. The histone demethylase LSD-1 (Lysine-Specific-Demethylase-1) is up-regulated in OA joints and induces the expression of inflammatory molecules such as mPges-1. We found that LSD1 downregulates the COL9A1 gene, which encodes a structural protein of the cartilage collagen fibrils (the type IX collagen) synthesised by articular chondrocytes. These results suggest that LSD1 plays an important role in articular cartilage, notably as a potential promoter of OA. Thus we study the LSD-1 mediated epigenetic signaling in the context of cartilage homeostasis and test the inhibition of LSD-1 as a strategy to prevent OA.<\/p>\n<p><img decoding=\"async\" class=\"wp-image-5271 aligncenter\" src=\"https:\/\/lbti.ibcp.fr\/wp-content\/uploads\/2023\/06\/joint-epiG.jpg\" alt=\"\" width=\"227\" height=\"185\" \/><\/p>\n<p style=\"text-align: justify;\">We use tamoxifen-inducible conditional knockout (cKO) mice to invalidate Lsd-1 specially in chondrocytes (Col2a1-CreERT: lsd-1fl\/fl) to evaluate the impact of the absence of Lsd-1 on OA development. Various technics (IHC, FISH qPCR etc&#8230;) are used to characterise the joints and to evaluate the OA progression in post-traumatic OA (surgically-induced). The mechanisms (epigenetic signaling) by which catabolic\/anabolic genes are regulated by LSD-1 are also investigated through <em>in vitro <\/em>approaches.<\/p>\n<p style=\"text-align: justify;\"><img fetchpriority=\"high\" decoding=\"async\" class=\"alignnone size-full wp-image-5288\" src=\"https:\/\/lbti.ibcp.fr\/wp-content\/uploads\/2023\/07\/LSD1-structure.jpg\" alt=\"\" width=\"1013\" height=\"426\" \/><\/p>\n<\/div>\n<div class=\"\">\n<p><strong>Left<\/strong>: structural analysis of LSD-1 (PyMol) highlights the potential site for protein-protein interactions (histone and non-histone). <strong>Right<\/strong>: safranin-O staining of knee joint section of sham vs. surgically-induced OA mice (DMM).<\/p>\n<hr \/>\n<p style=\"text-align: justify;\"><span style=\"color: #000000;\"><em><strong>S\u00e9lection de publications :\u00a0<\/strong><\/em><\/span><\/p>\n<p>1. <span class=\"docsum-authors full-authors\"><b>Lafont JE<\/b>, Moustaghfir S, Durand AL, Mallein-Gerin F. <a class=\"docsum-title\" href=\"https:\/\/pubmed.ncbi.nlm.nih.gov\/36733912\/\" data-ga-category=\"result_click\" data-ga-action=\"5\" data-ga-label=\"36733912\" data-full-article-url=\"from_term=lafont+j&amp;from_pos=5\" data-article-id=\"36733912\">The epigenetic players and the chromatin marks involved in the articular cartilage during osteoarthritis.<\/a> <span class=\"docsum-journal-citation full-journal-citation\"><strong>Front Physiol.<\/strong> 2023 Jan 17;14:1070241. doi: 10.3389\/fphys.2023.1070241. eCollection 2023.<\/span> <span class=\"citation-part\">PMID: <span class=\"docsum-pmid\">36733912<\/span><\/span><\/span><\/p>\n<p>2. <a class=\"docsum-title\" href=\"https:\/\/pubmed.ncbi.nlm.nih.gov\/32878268\/\" target=\"_blank\" rel=\"noopener noreferrer\" data-ga-category=\"result_click\" data-ga-action=\"6\" data-ga-label=\"32878268\" data-full-article-url=\"from_term=mallein-gerin&amp;from_pos=6\" data-article-id=\"32878268\"><span class=\"docsum-authors full-authors\">Durand AL, Dufour A, Aubert-Foucher E, Oger-Desfeux C, Pasdeloup M, Lustig S, Servien E, Vaz G, Perrier-Groult E, Mallein-Gerin F, Lafont JE. T<\/span>he Lysine Specific Demethylase-1 Negatively Regulates the <em>COL9A1<\/em> Gene in Human Articular Chondrocytes.<\/a> <span class=\"docsum-journal-citation full-journal-citation\"><em><strong>Int J Mol Sci.<\/strong><\/em> 2020 Aug 31;21(17):6322. doi: 10.3390\/ijms21176322.<\/span> <span class=\"citation-part\">PMID: <span class=\"docsum-pmid\">32878268<\/span><\/span><span class=\"free-resources spaced-citation-item citation-part\"><br \/>\n<\/span><\/p>\n<p style=\"text-align: justify;\"><span style=\"color: #000000;\">3.<\/span> <a href=\"https:\/\/www.ncbi.nlm.nih.gov\/pubmed\/26708156\" target=\"_blank\" rel=\"noopener noreferrer\" data-cke-saved-=\"\">Lafont JE, Poujade FA, Pasdeloup M, Neyret P, Mallein-Gerin F. (2016)<\/a>. <a href=\"https:\/\/www.ncbi.nlm.nih.gov\/pubmed\/26708156\" data-cke-saved-=\"\">Hypoxia potentiates the BMP-2 driven COL2A1 stimulation in human articular chondrocytes via p38 MAPK<\/a>. <span style=\"color: #000000;\"><em><strong>Osteoarthritis &amp; Cartilage.<\/strong><\/em> 2016 May\u00a0;24(5):856-67.\u00a0doi\u00a0: 10.1016\/j.joca.2015.11.017.<\/span><\/p>\n<p style=\"text-align: justify;\"><span style=\"color: #000000;\">4. Thoms BL, Dudek KA, Lafont JE and Murphy CL (2013). <\/span><a href=\"http:\/\/www.ncbi.nlm.nih.gov\/pubmed\/23334958\" target=\"_blank\" rel=\"noopener noreferrer\" data-cke-saved-=\"\">Hypoxia promotes production and inhibits destruction of human articular cartilage<\/a>. <span style=\"color: #000000;\"><strong><em>Arthritis and Rheum<\/em><\/strong>. 2013 May 65(5)1302-12.\u00a0doi\u00a0: 10.1002\/art.37867.<\/span><\/p>\n<p style=\"text-align: justify;\"><span style=\"color: #000000;\">5. Dudek KA\u00a7, Lafont JE\u00a7, Martinez-Sanchez A, Murphy CL. (2010). <\/span><span style=\"color: #000000;\"><a href=\"https:\/\/www.ncbi.nlm.nih.gov\/pubmed\/20529846\" target=\"_blank\" rel=\"noopener noreferrer\">Type II collagen expression is regulated by tissue-specific miR-675 in human articular chondrocytes.<\/a><strong><em>The Journal of Biol. Chem<\/em><\/strong>. 285 (32)\u00a0: 24381-7.\u00a0doi\u00a0: 10.1074\/jbc.M110.111328.<\/span><br \/>\n<span style=\"color: #000000;\"><strong>Article recommand\u00e9 dans<\/strong><img loading=\"lazy\" decoding=\"async\" class=\"alignnone wp-image-2536\" src=\"https:\/\/lbti.ibcp.fr\/wp-content\/uploads\/2017\/07\/f1000.png\" alt=\"\" width=\"141\" height=\"30\" \/><br \/>\n<\/span><\/p>\n<p style=\"text-align: justify;\"><span style=\"color: #000000;\">6. Murphy CL, BL Thoms, RJ Vaghjiani and JE Lafont (2009). <\/span><span style=\"color: #000000;\"><a href=\"https:\/\/www.ncbi.nlm.nih.gov\/pubmed\/19232075\">HIF-mediated\u00a0articular\u00a0chondrocyte\u00a0function:\u00a0prospects\u00a0for\u00a0cartilage\u00a0repair.<\/a><strong><em>Arth. Res. and Ther<\/em><\/strong>. 11(1):213<\/span><\/p>\n<p style=\"text-align: justify;\"><span style=\"color: #000000;\">7. Lafont JE, Talma S, Hopfgarten C, Murphy CL (2008). <\/span><span style=\"color: #000000;\"><a href=\"https:\/\/www.ncbi.nlm.nih.gov\/pubmed\/18077449\" target=\"_blank\" rel=\"noopener noreferrer\">Hypoxia\u00a0promotes\u00a0the\u00a0differentiated\u00a0human\u00a0articular\u00a0chondrocyte\u00a0phenotype\u00a0through\u00a0SOX9-dependent\u00a0and -independent\u00a0pathways.<\/a><strong><em>The Journal of Biol. Chem<\/em><\/strong>. 283 (8) 4778-4786.<\/span><\/p>\n<hr \/>\n<p style=\"text-align: justify;\"><span style=\"color: #000000;\"><em><strong>Collaborations :<\/strong><\/em><\/span><\/p>\n<p>Pr. M. Cohen Solal, Laboratoire Bioscar (Inserm U1132), H\u00f4pital Lariboisi\u00e8re, Paris<\/p>\n<p style=\"text-align: justify;\"><span style=\"color: #000000;\">Pr. S. Lustig and E. Servien, H\u00f4pital de la Croix-rousse, Lyon<\/span><\/p>\n<\/div>\n","protected":false},"excerpt":{"rendered":"<p>Porteur de projet\u00a0: J\u00e9r\u00f4me Lafont Personnes impliqu\u00e9es dans le projet\u00a0\u00a0: F. Mallein-Gerin, M.\u00a0Pasdeloup, Sherine Moustaghfir Although many epigenetic modifications have been described during osteoarthritis (OA), the precise contribution of the chromatin remodeling enzymes during OA is still unclear. The histone demethylase LSD-1 (Lysine-Specific-Demethylase-1) is up-regulated in OA joints and induces the expression of inflammatory molecules<\/p>\n","protected":false},"author":2,"featured_media":0,"parent":0,"menu_order":0,"comment_status":"closed","ping_status":"closed","template":"","meta":{"_acf_changed":false,"footnotes":""},"class_list":["post-167","page","type-page","status-publish","hentry"],"acf":[],"_links":{"self":[{"href":"https:\/\/lbti.ibcp.fr\/index.php?rest_route=\/wp\/v2\/pages\/167","targetHints":{"allow":["GET"]}}],"collection":[{"href":"https:\/\/lbti.ibcp.fr\/index.php?rest_route=\/wp\/v2\/pages"}],"about":[{"href":"https:\/\/lbti.ibcp.fr\/index.php?rest_route=\/wp\/v2\/types\/page"}],"author":[{"embeddable":true,"href":"https:\/\/lbti.ibcp.fr\/index.php?rest_route=\/wp\/v2\/users\/2"}],"replies":[{"embeddable":true,"href":"https:\/\/lbti.ibcp.fr\/index.php?rest_route=%2Fwp%2Fv2%2Fcomments&post=167"}],"version-history":[{"count":61,"href":"https:\/\/lbti.ibcp.fr\/index.php?rest_route=\/wp\/v2\/pages\/167\/revisions"}],"predecessor-version":[{"id":5450,"href":"https:\/\/lbti.ibcp.fr\/index.php?rest_route=\/wp\/v2\/pages\/167\/revisions\/5450"}],"wp:attachment":[{"href":"https:\/\/lbti.ibcp.fr\/index.php?rest_route=%2Fwp%2Fv2%2Fmedia&parent=167"}],"curies":[{"name":"wp","href":"https:\/\/api.w.org\/{rel}","templated":true}]}}