{"id":1586,"date":"2017-07-07T12:07:24","date_gmt":"2017-07-07T10:07:24","guid":{"rendered":"http:\/\/lbti.ibcp.fr\/?page_id=1586"},"modified":"2020-10-13T15:27:43","modified_gmt":"2020-10-13T13:27:43","slug":"page-test-mini-cv","status":"publish","type":"page","link":"https:\/\/lbti.ibcp.fr\/?page_id=1586","title":{"rendered":"Mini Curriculum Vitae"},"content":{"rendered":"<script type='text\/javascript' language='javascript' class='init'> \njQuery(document).ready(function() { \njQuery('#demo').DataTable({ \n'info': true, \n'paging': false, \n'pageLength': 100, \n'pagingType': 'simple', \n'bLengthChange': true, \n'ordering': true, \n'order': [0,'asc'], \n'searching': true, \n} ); \njQuery('#demo_wrapper select').prepend('<option value=100>S\u00e9lectionner<\/option>').val('');} ); \n<\/script>\n<div class='photo'><img src='https:\/\/lbti.ibcp.fr\/images\/nobody.png' class='toto' width='80' alt=' '><br \\><br \/><br \/>Equipe : <br \\>Courriel : <br \\>T\u00e9l\u00e9phone : <br \\>Statut : <br \\><br \/>0 publications au total. Seules les 5 derni\u00e8res ann\u00e9es sont affich\u00e9es<br \/><br \/>\n","protected":false},"excerpt":{"rendered":"","protected":false},"author":1,"featured_media":0,"parent":0,"menu_order":0,"comment_status":"closed","ping_status":"closed","template":"","meta":{"_acf_changed":false,"footnotes":""},"class_list":["post-1586","page","type-page","status-publish","hentry"],"acf":[],"_links":{"self":[{"href":"https:\/\/lbti.ibcp.fr\/index.php?rest_route=\/wp\/v2\/pages\/1586","targetHints":{"allow":["GET"]}}],"collection":[{"href":"https:\/\/lbti.ibcp.fr\/index.php?rest_route=\/wp\/v2\/pages"}],"about":[{"href":"https:\/\/lbti.ibcp.fr\/index.php?rest_route=\/wp\/v2\/types\/page"}],"author":[{"embeddable":true,"href":"https:\/\/lbti.ibcp.fr\/index.php?rest_route=\/wp\/v2\/users\/1"}],"replies":[{"embeddable":true,"href":"https:\/\/lbti.ibcp.fr\/index.php?rest_route=%2Fwp%2Fv2%2Fcomments&post=1586"}],"version-history":[{"count":78,"href":"https:\/\/lbti.ibcp.fr\/index.php?rest_route=\/wp\/v2\/pages\/1586\/revisions"}],"predecessor-version":[{"id":4038,"href":"https:\/\/lbti.ibcp.fr\/index.php?rest_route=\/wp\/v2\/pages\/1586\/revisions\/4038"}],"wp:attachment":[{"href":"https:\/\/lbti.ibcp.fr\/index.php?rest_route=%2Fwp%2Fv2%2Fmedia&parent=1586"}],"curies":[{"name":"wp","href":"https:\/\/api.w.org\/{rel}","templated":true}]}}