{"id":1404,"date":"2017-06-30T15:02:18","date_gmt":"2017-06-30T13:02:18","guid":{"rendered":"http:\/\/lbti.ibcp.fr\/?page_id=1404"},"modified":"2022-03-18T18:28:12","modified_gmt":"2022-03-18T17:28:12","slug":"membre-pole-rockefeller","status":"publish","type":"page","link":"https:\/\/lbti.ibcp.fr\/?page_id=1404","title":{"rendered":"Membres du p\u00f4le Rockfeller"},"content":{"rendered":"<p><script type='text\/javascript' language='javascript' class='init'> \njQuery(document).ready(function() { \njQuery('#demo').DataTable({ \n'info': true, \n'paging': false, \n'pageLength': 100, \n'pagingType': 'simple', \n'bLengthChange': true, \n'ordering': true, \n'order': [0,'asc'], \n'searching': true, \n} ); \njQuery('#demo_wrapper select').prepend('<option value=100>S\u00e9lectionner<\/option>').val('');} ); \n<\/script><br \/>\n<table id=\"demo\"><thead>\n    <tr>\n    <th>Nom,Pr\u00e9nom<\/th>\n    <th>T\u00e9l\u00e9phone<\/th>\n    <th>Statut<\/th>\n    <th>Courriel<\/th>\n    <\/tr>\n    <\/thead>\n    <tfoot>\n    <tr>\n    <th>Nom,Pr\u00e9nom<\/th>\n    <th>T\u00e9l\u00e9phone<\/th>\n    <th>Statut<\/th>\n    <th>Courriel<\/th>\n    <\/tr>\n    <\/tfoot>\n    <tbody><tr><td><a href='https:\/\/lbti.ibcp.fr\/?page_id=1586&nom=BERTHIER&prenom=Aurore'>BERTHIER Aurore<\/a><\/td><td>+33(0)4-72-72-26-40<\/td><td>Assistant ing\u00e9nieur<\/td><td>aurore.berthier@cnrs.fr<\/td><\/tr><tr><td><a href='https:\/\/lbti.ibcp.fr\/?page_id=1586&nom=CARON&prenom=Elise'>CARON Elise<\/a><\/td><td>+33(0)4-72-72-26-40<\/td><td>Contractuel \u00e0 dur\u00e9e d\u00e9termin\u00e9e<\/td><td>elise.caron@ibcp.fr<\/td><\/tr><tr><td><a href='https:\/\/lbti.ibcp.fr\/?page_id=1586&nom=COMBECAVE&prenom=Joseph'>COMBECAVE Joseph<\/a><\/td><td>+33(0)4-72-72-26-60<\/td><td>Stagiaire<\/td><td>joseph.combecave@ibcp.fr<\/td><\/tr><tr><td><a href='https:\/\/lbti.ibcp.fr\/?page_id=1586&nom=DEBRET&prenom=Romain'>DEBRET Romain<\/a><\/td><td>+33(0)4-72-72-26-40<\/td><td>Charg\u00e9 de recherches<\/td><td>romain.debret@cnrs.fr<\/td><\/tr><tr><td><a href='https:\/\/lbti.ibcp.fr\/?page_id=1586&nom=HAFTEK&prenom=Marek'>HAFTEK Marek<\/a><\/td><td>+33(0)4-78-77-70-30<\/td><td>Directeur de recherches<\/td><td>marek.haftek@univ-lyon1.fr<\/td><\/tr><tr><td><a href='https:\/\/lbti.ibcp.fr\/?page_id=1586&nom=LEMARIE&prenom=Lucas'>LEMARIE Lucas<\/a><\/td><td>+33(0)4-72-72-26-27<\/td><td><\/td><td>lucas.lemarie@segula.fr<\/td><\/tr><tr><td><a href='https:\/\/lbti.ibcp.fr\/?page_id=1586&nom=LEQUEUX&prenom=Valentin'>LEQUEUX Valentin<\/a><\/td><td>+33(0)4-37-65-29-00<\/td><td>Doctorant<\/td><td>valentin.lequeux@ibcp.fr<\/td><\/tr><tr><td><a href='https:\/\/lbti.ibcp.fr\/?page_id=1586&nom=MALLET&prenom=Hadrien'>MALLET Hadrien<\/a><\/td><td>+33(0)4-37-65-29-00<\/td><td>Doctorant<\/td><td>hadrien.mallet@ibcp.fr<\/td><\/tr><tr><td><a href='https:\/\/lbti.ibcp.fr\/?page_id=1586&nom=MARTIN&prenom=Lou'>MARTIN Lou<\/a><\/td><td>+33(0)4-72-72-26-40<\/td><td>Stagiaire<\/td><td>lou.martin@ibcp.fr<\/td><\/tr><tr><td><a href='https:\/\/lbti.ibcp.fr\/?page_id=1586&nom=MASSIAS&prenom=Thibault'>MASSIAS Thibault<\/a><\/td><td>+33(0)4-72-72-26-60<\/td><td>Post-doctorant<\/td><td>thibault.massias@cnrs.fr<\/td><\/tr><tr><td><a href='https:\/\/lbti.ibcp.fr\/?page_id=1586&nom=PIROT&prenom=Fabrice'>PIROT Fabrice<\/a><\/td><td>+33(0)4-78-78-56-86<\/td><td>Professeur<\/td><td>fabrice.pirot@univ-lyon1.fr<\/td><\/tr><tr><td><a href='https:\/\/lbti.ibcp.fr\/?page_id=1586&nom=SALVI&prenom=Jean-Paul'>SALVI Jean-Paul<\/a><\/td><td>+33(0)4-72-72-26-27<\/td><td>Technicien<\/td><td>jean-paul.salvi@univ-lyon1.fr<\/td><\/tr><tr><td><a href='https:\/\/lbti.ibcp.fr\/?page_id=1586&nom=SOHIER&prenom=Jerome'>SOHIER Jerome<\/a><\/td><td>+33(0)4-72-72-26-61<\/td><td>Charg\u00e9 de recherches<\/td><td>jerome.sohier@cnrs.fr<\/td><\/tr><\/tbody><\/table><\/p>\n","protected":false},"excerpt":{"rendered":"","protected":false},"author":1,"featured_media":0,"parent":0,"menu_order":0,"comment_status":"closed","ping_status":"closed","template":"","meta":{"_acf_changed":false,"footnotes":""},"class_list":["post-1404","page","type-page","status-publish","hentry"],"acf":[],"_links":{"self":[{"href":"https:\/\/lbti.ibcp.fr\/index.php?rest_route=\/wp\/v2\/pages\/1404","targetHints":{"allow":["GET"]}}],"collection":[{"href":"https:\/\/lbti.ibcp.fr\/index.php?rest_route=\/wp\/v2\/pages"}],"about":[{"href":"https:\/\/lbti.ibcp.fr\/index.php?rest_route=\/wp\/v2\/types\/page"}],"author":[{"embeddable":true,"href":"https:\/\/lbti.ibcp.fr\/index.php?rest_route=\/wp\/v2\/users\/1"}],"replies":[{"embeddable":true,"href":"https:\/\/lbti.ibcp.fr\/index.php?rest_route=%2Fwp%2Fv2%2Fcomments&post=1404"}],"version-history":[{"count":16,"href":"https:\/\/lbti.ibcp.fr\/index.php?rest_route=\/wp\/v2\/pages\/1404\/revisions"}],"predecessor-version":[{"id":4876,"href":"https:\/\/lbti.ibcp.fr\/index.php?rest_route=\/wp\/v2\/pages\/1404\/revisions\/4876"}],"wp:attachment":[{"href":"https:\/\/lbti.ibcp.fr\/index.php?rest_route=%2Fwp%2Fv2%2Fmedia&parent=1404"}],"curies":[{"name":"wp","href":"https:\/\/api.w.org\/{rel}","templated":true}]}}