{"id":1365,"date":"2017-06-26T15:52:23","date_gmt":"2017-06-26T13:52:23","guid":{"rendered":"http:\/\/lbti.ibcp.fr\/?page_id=1365"},"modified":"2025-07-28T09:42:37","modified_gmt":"2025-07-28T07:42:37","slug":"membres-pole-prabi","status":"publish","type":"page","link":"https:\/\/lbti.ibcp.fr\/?page_id=1365","title":{"rendered":"Membres du groupe EcMo"},"content":{"rendered":"<p><script type='text\/javascript' language='javascript' class='init'> \njQuery(document).ready(function() { \njQuery('#demo').DataTable({ \n'info': true, \n'paging': false, \n'pageLength': 100, \n'pagingType': 'simple', \n'bLengthChange': true, \n'ordering': true, \n'order': [0,'asc'], \n'searching': true, \n} ); \njQuery('#demo_wrapper select').prepend('<option value=100>S\u00e9lectionner<\/option>').val('');} ); \n<\/script><br \/>\n<table id=\"demo\"><thead>\n    <tr>\n    <th>Nom,Pr\u00e9nom<\/th>\n    <th>T\u00e9l\u00e9phone<\/th>\n    <th>Statut<\/th>\n    <th>Courriel<\/th>\n    <\/tr>\n    <\/thead>\n    <tfoot>\n    <tr>\n    <th>Nom,Pr\u00e9nom<\/th>\n    <th>T\u00e9l\u00e9phone<\/th>\n    <th>Statut<\/th>\n    <th>Courriel<\/th>\n    <\/tr>\n    <\/tfoot>\n    <tbody><tr><td><a href='https:\/\/lbti.ibcp.fr\/?page_id=1586&nom=MEGY&prenom=Simon'>MEGY Simon<\/a><\/td><td>+33(0)4-72-72-26-55<\/td><td>Ma\u00eetre de conf\u00e9rences<\/td><td>simon.megy@ibcp.fr<\/td><\/tr><tr><td><a href='https:\/\/lbti.ibcp.fr\/?page_id=1586&nom=POT&prenom=Mickael'>POT Mickael<\/a><\/td><td>+33(0)4-37-65-29-48<\/td><td>Contractuel \u00e0 dur\u00e9e d\u00e9termin\u00e9e<\/td><td>mickael.pot@ibcp.fr<\/td><\/tr><tr><td><a href='https:\/\/lbti.ibcp.fr\/?page_id=1586&nom=N GUYEN&prenom=Sylvie'>N GUYEN Sylvie<\/a><\/td><td>+33(0)4-37-65-29-48<\/td><td>Doctorant<\/td><td>sylvie.n-guyen@ibcp.fr<\/td><\/tr><tr><td><a href='https:\/\/lbti.ibcp.fr\/?page_id=1586&nom=TERREUX&prenom=Raphael'>TERREUX Raphael<\/a><\/td><td>+33(0)4-37-65-29-43<\/td><td>Professeur<\/td><td>raphael.terreux@ibcp.fr<\/td><\/tr><tr><td><a href='https:\/\/lbti.ibcp.fr\/?page_id=1586&nom=BETTLER&prenom=Emmanuel'>BETTLER Emmanuel<\/a><\/td><td>+33(0)6-42-15-70-86<\/td><td>Ma\u00eetre de conf\u00e9rences<\/td><td>emmanuel.bettler@univ-lyon1.fr<\/td><\/tr><tr><td><a href='https:\/\/lbti.ibcp.fr\/?page_id=1586&nom=AGUERO&prenom=Stephanie'>AGUERO Stephanie<\/a><\/td><td>+33(0)4-37-65-29-43<\/td><td>Ma\u00eetre de conf\u00e9rences<\/td><td>stephanie.aguero-pizzolo@univ-lyon1.fr<\/td><\/tr><tr><td><a href='https:\/\/lbti.ibcp.fr\/?page_id=1586&nom=CHEMELLE&prenom=Julie-Anne'>CHEMELLE Julie-Anne<\/a><\/td><td>+33(0)4-37-65-29-43<\/td><td>Ma\u00eetre de conf\u00e9rences<\/td><td>julie-anne.chemelle@ibcp.fr<\/td><\/tr><tr><td><a href='https:\/\/lbti.ibcp.fr\/?page_id=1586&nom=DENAWI&prenom=Hassan'>DENAWI Hassan<\/a><\/td><td>+33(0)4-72-72-26-55<\/td><td>Post-doctorant<\/td><td>hassan.denawi@ibcp.fr<\/td><\/tr><tr><td><a href='https:\/\/lbti.ibcp.fr\/?page_id=1586&nom=CHAOU&prenom=Hana'>CHAOU Hana<\/a><\/td><td>+33(0)4-37-65-29-43<\/td><td>Doctorant<\/td><td>hana.chaou@ibcp.fr<\/td><\/tr><tr><td><a href='https:\/\/lbti.ibcp.fr\/?page_id=1586&nom=RANYAL&prenom=Ashima'>RANYAL Ashima<\/a><\/td><td>+33(0)4-37-65-29-43<\/td><td>Stagiaire<\/td><td>ashima.ranyal@ibcp.fr<\/td><\/tr><tr><td><a href='https:\/\/lbti.ibcp.fr\/?page_id=1586&nom=AOUAMRI&prenom=Gihan'>AOUAMRI Gihan<\/a><\/td><td>+33(0)4-37-65-29-43<\/td><td>Stagiaire<\/td><td>gihan.aouamri@ibcp.fr<\/td><\/tr><tr><td><a href='https:\/\/lbti.ibcp.fr\/?page_id=1586&nom=LA&prenom=My Anh'>LA My Anh<\/a><\/td><td>+33(0)4-37-65-29-48<\/td><td>Stagiaire<\/td><td>my-anh.la@ibcp.fr<\/td><\/tr><\/tbody><\/table><\/p>\n","protected":false},"excerpt":{"rendered":"","protected":false},"author":1,"featured_media":0,"parent":0,"menu_order":0,"comment_status":"closed","ping_status":"closed","template":"","meta":{"_acf_changed":false,"footnotes":""},"class_list":["post-1365","page","type-page","status-publish","hentry"],"acf":[],"_links":{"self":[{"href":"https:\/\/lbti.ibcp.fr\/index.php?rest_route=\/wp\/v2\/pages\/1365","targetHints":{"allow":["GET"]}}],"collection":[{"href":"https:\/\/lbti.ibcp.fr\/index.php?rest_route=\/wp\/v2\/pages"}],"about":[{"href":"https:\/\/lbti.ibcp.fr\/index.php?rest_route=\/wp\/v2\/types\/page"}],"author":[{"embeddable":true,"href":"https:\/\/lbti.ibcp.fr\/index.php?rest_route=\/wp\/v2\/users\/1"}],"replies":[{"embeddable":true,"href":"https:\/\/lbti.ibcp.fr\/index.php?rest_route=%2Fwp%2Fv2%2Fcomments&post=1365"}],"version-history":[{"count":12,"href":"https:\/\/lbti.ibcp.fr\/index.php?rest_route=\/wp\/v2\/pages\/1365\/revisions"}],"predecessor-version":[{"id":5605,"href":"https:\/\/lbti.ibcp.fr\/index.php?rest_route=\/wp\/v2\/pages\/1365\/revisions\/5605"}],"wp:attachment":[{"href":"https:\/\/lbti.ibcp.fr\/index.php?rest_route=%2Fwp%2Fv2%2Fmedia&parent=1365"}],"curies":[{"name":"wp","href":"https:\/\/api.w.org\/{rel}","templated":true}]}}