{"id":1209,"date":"2017-06-07T11:00:54","date_gmt":"2017-06-07T09:00:54","guid":{"rendered":"http:\/\/lbti.ibcp.fr\/?page_id=1209"},"modified":"2017-09-29T09:23:55","modified_gmt":"2017-09-29T07:23:55","slug":"protein-science-facility","status":"publish","type":"page","link":"https:\/\/lbti.ibcp.fr\/?page_id=1209","title":{"rendered":"Protein Science Facility"},"content":{"rendered":"<h3><span style=\"color: #000000;\"><strong>Protein Science Facility<\/strong> (PSF<strong>) <\/strong>propose des prestations de services, des mises \u00e0 disposition d&rsquo;\u00e9quipements et des collaborations \u00e0 des projets de recherche. Ses activit\u00e9s sont organis\u00e9es en 3 p\u00f4les d\u00e9di\u00e9s \u00e0 :<br \/>\n<\/span><\/h3>\n<p><span style=\"color: #000000;\">\u25ba<\/span>\u00a0<span style=\"color: #000000;\">La production, la purification et le contr\u00f4le qualit\u00e9 de prot\u00e9ines recombinantes (&gt; mg) et \u00e0 la synth\u00e8se peptidique.<\/span><\/p>\n<p><span style=\"color: #000000;\">\u25ba<\/span>\u00a0<span style=\"color: #000000;\">L&rsquo;analyse prot\u00e9omique par spectrom\u00e9trie de masse et les \u00e9tudes d&rsquo;interactions intermol\u00e9culaires par R\u00e9sonance Plasmonique de Surface (SPR) et interf\u00e9rom\u00e9trie (BLItz).<\/span><\/p>\n<p><span style=\"color: #000000;\">\u25ba<\/span>\u00a0<span style=\"color: #000000;\">La caract\u00e9risation structurale des prot\u00e9ines isol\u00e9es par dichro\u00efsme circulaire et d\u00e9termination de la structure 3D (cristallographie aux rayons X)<\/span><\/p>\n<p><a href=\"http:\/\/www.sfr-biosciences.fr\/plateformes\/protein-sciences\">En savoir plus..<\/a><\/p>\n","protected":false},"excerpt":{"rendered":"<p>Protein Science Facility (PSF) propose des prestations de services, des mises \u00e0 disposition d&rsquo;\u00e9quipements et des collaborations \u00e0 des projets de recherche. Ses activit\u00e9s sont organis\u00e9es en 3 p\u00f4les d\u00e9di\u00e9s \u00e0 : \u25ba\u00a0La production, la purification et le contr\u00f4le qualit\u00e9 de prot\u00e9ines recombinantes (&gt; mg) et \u00e0 la synth\u00e8se peptidique. \u25ba\u00a0L&rsquo;analyse prot\u00e9omique par spectrom\u00e9trie de<\/p>\n","protected":false},"author":1,"featured_media":0,"parent":0,"menu_order":0,"comment_status":"closed","ping_status":"closed","template":"","meta":{"_acf_changed":false,"footnotes":""},"class_list":["post-1209","page","type-page","status-publish","hentry"],"acf":[],"_links":{"self":[{"href":"https:\/\/lbti.ibcp.fr\/index.php?rest_route=\/wp\/v2\/pages\/1209","targetHints":{"allow":["GET"]}}],"collection":[{"href":"https:\/\/lbti.ibcp.fr\/index.php?rest_route=\/wp\/v2\/pages"}],"about":[{"href":"https:\/\/lbti.ibcp.fr\/index.php?rest_route=\/wp\/v2\/types\/page"}],"author":[{"embeddable":true,"href":"https:\/\/lbti.ibcp.fr\/index.php?rest_route=\/wp\/v2\/users\/1"}],"replies":[{"embeddable":true,"href":"https:\/\/lbti.ibcp.fr\/index.php?rest_route=%2Fwp%2Fv2%2Fcomments&post=1209"}],"version-history":[{"count":6,"href":"https:\/\/lbti.ibcp.fr\/index.php?rest_route=\/wp\/v2\/pages\/1209\/revisions"}],"predecessor-version":[{"id":2767,"href":"https:\/\/lbti.ibcp.fr\/index.php?rest_route=\/wp\/v2\/pages\/1209\/revisions\/2767"}],"wp:attachment":[{"href":"https:\/\/lbti.ibcp.fr\/index.php?rest_route=%2Fwp%2Fv2%2Fmedia&parent=1209"}],"curies":[{"name":"wp","href":"https:\/\/api.w.org\/{rel}","templated":true}]}}