{"id":108,"date":"2016-11-17T11:26:06","date_gmt":"2016-11-17T10:26:06","guid":{"rendered":"http:\/\/lbti.cnrs.fr\/?page_id=108"},"modified":"2021-05-03T13:50:10","modified_gmt":"2021-05-03T11:50:10","slug":"news","status":"publish","type":"page","link":"https:\/\/lbti.ibcp.fr\/?page_id=108","title":{"rendered":"Actualit\u00e9s"},"content":{"rendered":"<div  class=\"rpwe-block\"><ul class=\"rpwe-ul\"><li class=\"rpwe-li rpwe-clearfix\"><a class=\"rpwe-img\" href=\"https:\/\/lbti.ibcp.fr\/?p=5732\" target=\"_self\"><img loading=\"lazy\" class=\"rpwe-alignleft rpwe-thumb\" src=\"https:\/\/lbti.ibcp.fr\/wp-content\/uploads\/2025\/10\/images_annonce_LBTI.pptx-45x45.jpg\" alt=\"12 open PhD positions in relation with wound healing and extracellular matrix remodelling\" height=\"45\" width=\"45\" loading=\"lazy\" decoding=\"async\"><\/a><h3 class=\"rpwe-title\"><a href=\"https:\/\/lbti.ibcp.fr\/?p=5732\" target=\"_self\">12 open PhD positions in relation with wound healing and extracellular matrix remodelling<\/a><\/h3><time class=\"rpwe-time published\" datetime=\"2025-10-04T16:32:33+02:00\">4 octobre 2025<\/time><div class=\"rpwe-summary\">\u201cTargeting Extracellular Matrix Remodelling in Cutaneous Wounds to Promote Better &hellip;<\/div><\/li><li class=\"rpwe-li rpwe-clearfix\"><a class=\"rpwe-img\" href=\"https:\/\/lbti.ibcp.fr\/?p=5726\" target=\"_self\"><img loading=\"lazy\" class=\"rpwe-alignleft rpwe-thumb\" src=\"https:\/\/lbti.ibcp.fr\/wp-content\/uploads\/2025\/10\/images_annonce_LBTI.pptx-45x45.jpg\" alt=\"12 offres de doctorat en relation avec la cicatrisation et le remodelage de la matrice extracellulaire\" height=\"45\" width=\"45\" loading=\"lazy\" decoding=\"async\"><\/a><h3 class=\"rpwe-title\"><a href=\"https:\/\/lbti.ibcp.fr\/?p=5726\" target=\"_self\">12 offres de doctorat en relation avec la cicatrisation et le remodelage de la matrice extracellulaire<\/a><\/h3><time class=\"rpwe-time published\" datetime=\"2025-10-04T16:19:47+02:00\">4 octobre 2025<\/time><div class=\"rpwe-summary\">\u00ab Cibler le remodelage de la matrice extracellulaire dans les &hellip;<\/div><\/li><li class=\"rpwe-li rpwe-clearfix\"><a class=\"rpwe-img\" href=\"https:\/\/lbti.ibcp.fr\/?p=5672\" target=\"_self\"><img loading=\"lazy\" class=\"rpwe-alignleft rpwe-thumb\" src=\"https:\/\/lbti.ibcp.fr\/wp-content\/uploads\/2025\/09\/cristal_cnrs-45x45.png\" alt=\"The CNRS \u2018Cristal Collectif 2025\u2019 medal awarded to the VERT project-team (IBCP&#038;Ci\u00e9)\" height=\"45\" width=\"45\" loading=\"lazy\" decoding=\"async\"><\/a><h3 class=\"rpwe-title\"><a href=\"https:\/\/lbti.ibcp.fr\/?p=5672\" target=\"_self\">The CNRS \u2018Cristal Collectif 2025\u2019 medal awarded to the VERT project-team (IBCP&#038;Ci\u00e9)<\/a><\/h3><time class=\"rpwe-time published\" datetime=\"2025-09-15T09:51:18+02:00\">15 septembre 2025<\/time><div class=\"rpwe-summary\">The CNRS \u2018Cristal Collectif 2025\u2019 medal has been awarded to &hellip;<\/div><\/li><li class=\"rpwe-li rpwe-clearfix\"><a class=\"rpwe-img\" href=\"https:\/\/lbti.ibcp.fr\/?p=5669\" target=\"_self\"><img loading=\"lazy\" class=\"rpwe-alignleft rpwe-thumb\" src=\"https:\/\/lbti.ibcp.fr\/wp-content\/uploads\/2025\/09\/cristal_cnrs-45x45.png\" alt=\"La m\u00e9daille de Cristal collectif 2025 du CNRS d\u00e9cern\u00e9e \u00e0 l&rsquo;\u00e9quipe projet VERT (IBCP&#038;Ci\u00e9)\" height=\"45\" width=\"45\" loading=\"lazy\" decoding=\"async\"><\/a><h3 class=\"rpwe-title\"><a href=\"https:\/\/lbti.ibcp.fr\/?p=5669\" target=\"_self\">La m\u00e9daille de Cristal collectif 2025 du CNRS d\u00e9cern\u00e9e \u00e0 l&rsquo;\u00e9quipe projet VERT (IBCP&#038;Ci\u00e9)<\/a><\/h3><time class=\"rpwe-time published\" datetime=\"2025-09-15T09:49:40+02:00\">15 septembre 2025<\/time><div class=\"rpwe-summary\">L&rsquo;\u00e9quipe projet VERT \u2013 \u00ab\u00a0Vers une Empreinte Ecologique R\u00e9duite de &hellip;<\/div><\/li><li class=\"rpwe-li rpwe-clearfix\"><a class=\"rpwe-img\" href=\"https:\/\/lbti.ibcp.fr\/?p=5657\" target=\"_self\"><img loading=\"lazy\" class=\"rpwe-alignleft rpwe-thumb\" src=\"https:\/\/lbti.ibcp.fr\/wp-content\/uploads\/2025\/08\/Figures_job_position-45x45.jpg\" alt=\"Job offer &#8211; Project manager for a doctoral network funded by Horizon Europe\" height=\"45\" width=\"45\" loading=\"lazy\" decoding=\"async\"><\/a><h3 class=\"rpwe-title\"><a href=\"https:\/\/lbti.ibcp.fr\/?p=5657\" target=\"_self\">Job offer &#8211; Project manager for a doctoral network funded by Horizon Europe<\/a><\/h3><time class=\"rpwe-time published\" datetime=\"2025-08-28T12:37:08+02:00\">28 ao\u00fbt 2025<\/time><div class=\"rpwe-summary\">The LBTI is looking for a project manager to help &hellip;<\/div><\/li><\/ul><\/div><!-- Generated by http:\/\/wordpress.org\/plugins\/recent-posts-widget-extended\/ -->\n","protected":false},"excerpt":{"rendered":"","protected":false},"author":1,"featured_media":0,"parent":0,"menu_order":0,"comment_status":"closed","ping_status":"closed","template":"","meta":{"_acf_changed":false,"footnotes":""},"class_list":["post-108","page","type-page","status-publish","hentry"],"acf":[],"_links":{"self":[{"href":"https:\/\/lbti.ibcp.fr\/index.php?rest_route=\/wp\/v2\/pages\/108","targetHints":{"allow":["GET"]}}],"collection":[{"href":"https:\/\/lbti.ibcp.fr\/index.php?rest_route=\/wp\/v2\/pages"}],"about":[{"href":"https:\/\/lbti.ibcp.fr\/index.php?rest_route=\/wp\/v2\/types\/page"}],"author":[{"embeddable":true,"href":"https:\/\/lbti.ibcp.fr\/index.php?rest_route=\/wp\/v2\/users\/1"}],"replies":[{"embeddable":true,"href":"https:\/\/lbti.ibcp.fr\/index.php?rest_route=%2Fwp%2Fv2%2Fcomments&post=108"}],"version-history":[{"count":35,"href":"https:\/\/lbti.ibcp.fr\/index.php?rest_route=\/wp\/v2\/pages\/108\/revisions"}],"predecessor-version":[{"id":4633,"href":"https:\/\/lbti.ibcp.fr\/index.php?rest_route=\/wp\/v2\/pages\/108\/revisions\/4633"}],"wp:attachment":[{"href":"https:\/\/lbti.ibcp.fr\/index.php?rest_route=%2Fwp%2Fv2%2Fmedia&parent=108"}],"curies":[{"name":"wp","href":"https:\/\/api.w.org\/{rel}","templated":true}]}}