{"id":105,"date":"2016-11-17T11:24:49","date_gmt":"2016-11-17T10:24:49","guid":{"rendered":"http:\/\/lbti.cnrs.fr\/?page_id=105"},"modified":"2026-05-07T08:52:41","modified_gmt":"2026-05-07T06:52:41","slug":"equipes","status":"publish","type":"page","link":"https:\/\/lbti.ibcp.fr\/?page_id=105","title":{"rendered":"Equipes"},"content":{"rendered":"<div class=\"actus\">\n<table class=\"spip\" style=\"height: 260px;\" border=\"1\" width=\"580\" cellspacing=\"1\" cellpadding=\"1\">\n<tbody>\n<tr>\n<td style=\"text-align: center;\"><span style=\"color: #000000;\"><strong>Equipes membres du LBTI<\/strong><\/span><\/td>\n<td style=\"text-align: center;\"><span style=\"color: #000000;\"><strong>Responsables<\/strong><\/span><\/td>\n<\/tr>\n<tr>\n<td style=\"text-align: center;\"><a class=\"spip_in\" href=\"http:\/\/lbti.ibcp.fr\/?page_id=4237\">Int\u00e9grit\u00e9 Fonctionnelle du Tissu Cutan\u00e9<\/a><\/td>\n<td style=\"text-align: center;\"><span style=\"color: #000000;\">B. Fromy &amp; J. Lamartine<br \/>\n<\/span><\/td>\n<\/tr>\n<tr>\n<td style=\"text-align: center;\"><a class=\"spip_in\" href=\"http:\/\/lbti.ibcp.fr\/?page_id=1710\">Dialogue Cellules\/Microenvironnement et R\u00e9paration Tissulaire<\/a><\/td>\n<td style=\"text-align: center;\"><span style=\"color: #000000;\">P. Rousselle<\/span><\/td>\n<\/tr>\n<tr>\n<td style=\"text-align: center;\"><a href=\"https:\/\/lbti.ibcp.fr\/?page_id=4100\">Prot\u00e9ines matricellulaires et D\u00e9r\u00e9gulations Pathologiques<\/a><\/td>\n<td style=\"text-align: center;\"><span style=\"color: #000000;\">U. Valcourt<\/span><\/td>\n<\/tr>\n<tr>\n<td style=\"text-align: center;\"><a class=\"spip_in\" href=\"http:\/\/lbti.ibcp.fr\/?page_id=1720\">M\u00e9talloprot\u00e9ases et Remodelage Tissulaire<\/a><\/td>\n<td style=\"text-align: center;\"><span style=\"color: #000000;\">C. Moali<\/span><\/td>\n<\/tr>\n<tr>\n<td style=\"text-align: center;\"><a class=\"spip_in\" href=\"http:\/\/lbti.ibcp.fr\/?page_id=1703\">Recherche Ost\u00e9oArticulaire et Dentaire<\/a><\/td>\n<td style=\"text-align: center;\"><span style=\"color: #000000;\">JD. Malcor &amp; M. Ducret<\/span><\/td>\n<\/tr>\n<tr>\n<td style=\"text-align: center;\"><a class=\"spip_in\" href=\"http:\/\/lbti.ibcp.fr\/?page_id=1722\">Vecteurs collo\u00efdaux et ing\u00e9nierie th\u00e9rapeutique cibl\u00e9e<\/a><\/td>\n<td style=\"text-align: center;\"><span style=\"color: #000000;\">C. Monge<\/span><\/td>\n<\/tr>\n<tr>\n<td style=\"text-align: center;\"><a href=\"https:\/\/lbti.ibcp.fr\/?page_id=5611\">Signalisation du stress environnemental et destin des cellules \u00e9pith\u00e9liales<\/a><\/td>\n<td style=\"text-align: center;\"><span style=\"color: #000000;\">C. Chaveroux<\/span><\/td>\n<\/tr>\n<tr>\n<td style=\"text-align: center;\"><a class=\"spip_in\" href=\"http:\/\/lbti.ibcp.fr\/?page_id=5984\">Mod\u00e8les et innovations th\u00e9rapeutiques des tissus mous<\/a><\/td>\n<td style=\"text-align: center;\"><span style=\"color: #000000;\">R. Debret &amp; J. Sohier<\/span><\/td>\n<\/tr>\n<tr>\n<td style=\"text-align: center;\"><a class=\"spip_in\" href=\"http:\/\/lbti.ibcp.fr\/?page_id=1743\">Etude et conception de compos\u00e9s biologiques actifs<\/a><\/td>\n<td style=\"text-align: center;\"><span style=\"color: #000000;\">S. Aguero &amp; R. Terreux<\/span><\/td>\n<\/tr>\n<\/tbody>\n<\/table>\n<\/div>\n<p><a href=\"http:\/\/lbti.ibcp.fr\/wp-content\/uploads\/2018\/03\/IMG_2226-2.tif\"><img decoding=\"async\" class=\"alignnone size-medium wp-image-3203\" src=\"http:\/\/lbti.ibcp.fr\/wp-content\/uploads\/2018\/03\/IMG_2226-2.tif\" alt=\"\" width=\"1\" height=\"1\" \/><\/a><img decoding=\"async\" class=\"alignnone size-medium wp-image-3203\" src=\"http:\/\/lbti.ibcp.fr\/wp-content\/uploads\/2018\/03\/IMG_2226-2.tif\" alt=\"\" width=\"1\" height=\"1\" \/><a href=\"http:\/\/lbti.ibcp.fr\/wp-content\/uploads\/2018\/03\/IMG_2226-2-1.tif\"><img decoding=\"async\" class=\"alignnone size-medium wp-image-3204\" src=\"http:\/\/lbti.ibcp.fr\/wp-content\/uploads\/2018\/03\/IMG_2226-2-1.tif\" alt=\"\" width=\"1\" height=\"1\" \/><\/a><\/p>\n","protected":false},"excerpt":{"rendered":"<p>Equipes membres du LBTI Responsables Int\u00e9grit\u00e9 Fonctionnelle du Tissu Cutan\u00e9 B. Fromy &amp; J. Lamartine Dialogue Cellules\/Microenvironnement et R\u00e9paration Tissulaire P. Rousselle Prot\u00e9ines matricellulaires et D\u00e9r\u00e9gulations Pathologiques U. Valcourt M\u00e9talloprot\u00e9ases et Remodelage Tissulaire C. Moali Recherche Ost\u00e9oArticulaire et Dentaire JD. Malcor &amp; M. Ducret Vecteurs collo\u00efdaux et ing\u00e9nierie th\u00e9rapeutique cibl\u00e9e C. Monge Signalisation du stress<\/p>\n","protected":false},"author":1,"featured_media":0,"parent":0,"menu_order":0,"comment_status":"closed","ping_status":"closed","template":"","meta":{"_acf_changed":false,"footnotes":""},"class_list":["post-105","page","type-page","status-publish","hentry"],"acf":[],"_links":{"self":[{"href":"https:\/\/lbti.ibcp.fr\/index.php?rest_route=\/wp\/v2\/pages\/105","targetHints":{"allow":["GET"]}}],"collection":[{"href":"https:\/\/lbti.ibcp.fr\/index.php?rest_route=\/wp\/v2\/pages"}],"about":[{"href":"https:\/\/lbti.ibcp.fr\/index.php?rest_route=\/wp\/v2\/types\/page"}],"author":[{"embeddable":true,"href":"https:\/\/lbti.ibcp.fr\/index.php?rest_route=\/wp\/v2\/users\/1"}],"replies":[{"embeddable":true,"href":"https:\/\/lbti.ibcp.fr\/index.php?rest_route=%2Fwp%2Fv2%2Fcomments&post=105"}],"version-history":[{"count":25,"href":"https:\/\/lbti.ibcp.fr\/index.php?rest_route=\/wp\/v2\/pages\/105\/revisions"}],"predecessor-version":[{"id":5987,"href":"https:\/\/lbti.ibcp.fr\/index.php?rest_route=\/wp\/v2\/pages\/105\/revisions\/5987"}],"wp:attachment":[{"href":"https:\/\/lbti.ibcp.fr\/index.php?rest_route=%2Fwp%2Fv2%2Fmedia&parent=105"}],"curies":[{"name":"wp","href":"https:\/\/api.w.org\/{rel}","templated":true}]}}